{"id":7738,"date":"2025-03-25T09:34:11","date_gmt":"2025-03-25T08:34:11","guid":{"rendered":"https:\/\/wptestkevin.ovh\/.Dev\/?page_id=7738"},"modified":"2025-04-15T14:36:03","modified_gmt":"2025-04-15T12:36:03","slug":"fabienne-brosseau","status":"publish","type":"page","link":"https:\/\/wptestkevin.ovh\/.Dev\/fabienne-brosseau\/","title":{"rendered":"Fabienne BROSSEAU"},"content":{"rendered":"<p>[et_pb_section fb_built=\u00a0\u00bb1&Prime; admin_label=\u00a0\u00bbSection\u00a0\u00bb module_id=\u00a0\u00bbadelus\u00a0\u00bb _builder_version=\u00a0\u00bb4.27.4&Prime; _module_preset=\u00a0\u00bbdefault\u00a0\u00bb background_color=\u00a0\u00bb#f1f3f4&Prime; custom_margin=\u00a0\u00bb0px||0px||true|false\u00a0\u00bb custom_padding=\u00a0\u00bb0px||0px||true|false\u00a0\u00bb animation_style=\u00a0\u00bbfade\u00a0\u00bb da_popup_slug=\u00a0\u00bbadelus\u00a0\u00bb da_disable_devices=\u00a0\u00bboff|off|off\u00a0\u00bb global_colors_info=\u00a0\u00bb{}\u00a0\u00bb da_is_popup=\u00a0\u00bboff\u00a0\u00bb da_exit_intent=\u00a0\u00bboff\u00a0\u00bb da_has_close=\u00a0\u00bbon\u00a0\u00bb da_alt_close=\u00a0\u00bboff\u00a0\u00bb da_dark_close=\u00a0\u00bboff\u00a0\u00bb da_not_modal=\u00a0\u00bbon\u00a0\u00bb da_is_singular=\u00a0\u00bboff\u00a0\u00bb da_with_loader=\u00a0\u00bboff\u00a0\u00bb da_has_shadow=\u00a0\u00bbon\u00a0\u00bb][et_pb_row custom_padding_last_edited=\u00a0\u00bbon|phone\u00a0\u00bb _builder_version=\u00a0\u00bb4.27.4&Prime; _module_preset=\u00a0\u00bbdefault\u00a0\u00bb background_color=\u00a0\u00bb#FFFFFF\u00a0\u00bb width_tablet=\u00a0\u00bb\u00a0\u00bb width_phone=\u00a0\u00bb95%\u00a0\u00bb width_last_edited=\u00a0\u00bbon|phone\u00a0\u00bb custom_padding=\u00a0\u00bb|33px||33px|false|true\u00a0\u00bb custom_padding_tablet=\u00a0\u00bb\u00a0\u00bb custom_padding_phone=\u00a0\u00bb|10px||10px|false|true\u00a0\u00bb global_colors_info=\u00a0\u00bb{}\u00a0\u00bb][et_pb_column type=\u00a0\u00bb4_4&Prime; _builder_version=\u00a0\u00bb4.21.0&Prime; _module_preset=\u00a0\u00bbdefault\u00a0\u00bb global_colors_info=\u00a0\u00bb{}\u00a0\u00bb][et_pb_text _builder_version=\u00a0\u00bb4.21.0&Prime; _module_preset=\u00a0\u00bbdefault\u00a0\u00bb custom_margin=\u00a0\u00bb||10px||false|false\u00a0\u00bb hover_enabled=\u00a0\u00bb0&Prime; global_colors_info=\u00a0\u00bb{}\u00a0\u00bb sticky_enabled=\u00a0\u00bb0&Prime;]<\/p>\n<h1 class=\"uk-article-title\">Fabienne Brosseau<\/h1>\n<p>[\/et_pb_text][et_pb_text _builder_version=\u00a0\u00bb4.25.2&Prime; _module_preset=\u00a0\u00bbdefault\u00a0\u00bb text_orientation=\u00a0\u00bbjustified\u00a0\u00bb global_colors_info=\u00a0\u00bb{}\u00a0\u00bb]<\/p>\n<p><img loading=\"lazy\" decoding=\"async\" src=\"http:\/\/wptestkevin.ovh\/.Dev\/wp-content\/uploads\/2024\/06\/f.brosseau.jpg\" alt=\"fabienne-brosseau\" width=\"200\" height=\"231\" \/><\/p>\n<p><span style=\"color: #2271b1;\"><strong>Fabienne Brosseau<\/strong><\/span> a d\u00e9marr\u00e9 sa vie professionnelle au sein des m\u00e9dias, \u00e0 <i>Radio France Internationale<\/i>\u00a0notamment, o\u00f9 elle a pass\u00e9 10 ann\u00e9es : elle a dans un premier temps travaill\u00e9 pour la r\u00e9gie publicitaire de la radio, en tant que\u00a0<i>Charg\u00e9e de la gestion des campagnes publicitaires \u00e0 l\u2019antenne<\/i>. <span><strong>Fabienne Brosseau<\/strong><\/span>\u00a0a ensuite int\u00e9gr\u00e9 l\u2019\u00e9quipe de la direction de la communication de\u00a0<i>RFI<\/i>, pour prendre en charge le d\u00e9veloppement des partenariats culturels de la radio : concerts, tourn\u00e9es, expositions, festivals\u2026 en France et \u00e0 l\u2019\u00e9tranger, en Afrique francophone notamment.<\/p>\n<p>Forte de cette exp\u00e9rience au sein d\u2019un m\u00e9dia, <span style=\"color: #2271b1;\"><strong>Fabienne Brosseau<\/strong><\/span>\u00a0a rejoint au d\u00e9but des ann\u00e9es 2000 la direction de la communication de la\u00a0<i>Cit\u00e9 de la musique<\/i>\u00a0\u00e0 Paris en tant que\u00a0<i>Responsable des partenariats m\u00e9dias et de la promotion<\/i>. <span style=\"color: #2271b1;\"><strong>Fabienne Brosseau<\/strong><\/span>\u00a0a ainsi d\u00e9velopp\u00e9 de nombreuses collaborations avec des m\u00e9dias pour promouvoir la programmation musicale et mus\u00e9ale de la\u00a0<i>Cit\u00e9 de la musique<\/i>.<\/p>\n<p>En 2006, sa mission s\u2019est \u00e9tendue avec la r\u00e9ouverture de la\u00a0<i>Salle Pleyel<\/i>, devenue filiale de la\u00a0<i>Cit\u00e9 de la musiqu<\/i>e. Pendant une dizaine d\u2019ann\u00e9es, <span style=\"color: #2271b1;\"><strong>Fabienne Brosseau<\/strong><\/span>\u00a0a mis en place des partenariats et des campagnes publicitaires pour ces deux salles parisiennes.<\/p>\n<p>Depuis 2015, <span style=\"color: #2271b1;\"><strong>Fabienne Brosseau<\/strong><\/span>\u00a0est\u00a0<i>Responsable de la strat\u00e9gie publicitaire, de la promotion et des partenariats m\u00e9dias <\/i>de la <i>Philharmonie<\/i>\u00a0de Paris, avec pour mission de mettre en place des actions de communication autour de trois p\u00f4les : les concerts, les expositions et les activit\u00e9s p\u00e9dagogiques de cet \u00e9tablissement culturel parisien.<\/p>\n<p><span style=\"color: #2271b1;\"><strong>Fabienne Brosseau<\/strong><\/span> a acquis tout au long de ces ann\u00e9es une solide exp\u00e9rience des pratiques des m\u00e9dias dans le domaine des partenariats culturels. Elle est titulaire d\u2019un <i>Master 2 &#8211; Paris Dauphine en Management des entreprises culturelles<\/i>.<\/p>\n<p>[\/et_pb_text][\/et_pb_column][\/et_pb_row][et_pb_row column_structure=\u00a0\u00bb3_5,2_5&Prime; _builder_version=\u00a0\u00bb4.21.0&Prime; _module_preset=\u00a0\u00bbdefault\u00a0\u00bb global_colors_info=\u00a0\u00bb{}\u00a0\u00bb][et_pb_column type=\u00a0\u00bb3_5&Prime; _builder_version=\u00a0\u00bb4.21.0&Prime; _module_preset=\u00a0\u00bbdefault\u00a0\u00bb global_colors_info=\u00a0\u00bb{}\u00a0\u00bb][\/et_pb_column][et_pb_column type=\u00a0\u00bb2_5&Prime; _builder_version=\u00a0\u00bb4.21.0&Prime; _module_preset=\u00a0\u00bbdefault\u00a0\u00bb global_colors_info=\u00a0\u00bb{}\u00a0\u00bb][et_pb_text _builder_version=\u00a0\u00bb4.21.0&Prime; _module_preset=\u00a0\u00bbdefault\u00a0\u00bb text_orientation=\u00a0\u00bbcenter\u00a0\u00bb custom_padding=\u00a0\u00bb10px||10px||true|false\u00a0\u00bb border_width_all=\u00a0\u00bb1px\u00a0\u00bb border_color_all=\u00a0\u00bb#d8d8d8&Prime; global_colors_info=\u00a0\u00bb{}\u00a0\u00bb]<\/p>\n<p>[lmt-post-modified-info]<\/p>\n<p>[\/et_pb_text][\/et_pb_column][\/et_pb_row][\/et_pb_section]<\/p>\n","protected":false},"excerpt":{"rendered":"<p>Fabienne Brosseau Fabienne Brosseau a d\u00e9marr\u00e9 sa vie professionnelle au sein des m\u00e9dias, \u00e0 Radio France Internationale\u00a0notamment, o\u00f9 elle a pass\u00e9 10 ann\u00e9es : elle a dans un premier temps travaill\u00e9 pour la r\u00e9gie publicitaire de la radio, en tant que\u00a0Charg\u00e9e de la gestion des campagnes publicitaires \u00e0 l\u2019antenne. Fabienne Brosseau\u00a0a ensuite int\u00e9gr\u00e9 l\u2019\u00e9quipe de [&hellip;]<\/p>\n","protected":false},"author":1,"featured_media":0,"parent":0,"menu_order":0,"comment_status":"closed","ping_status":"closed","template":"","meta":{"_et_pb_use_builder":"on","_et_pb_old_content":"","_et_gb_content_width":"","footnotes":""},"class_list":["post-7738","page","type-page","status-publish","hentry"],"_links":{"self":[{"href":"https:\/\/wptestkevin.ovh\/.Dev\/wp-json\/wp\/v2\/pages\/7738","targetHints":{"allow":["GET"]}}],"collection":[{"href":"https:\/\/wptestkevin.ovh\/.Dev\/wp-json\/wp\/v2\/pages"}],"about":[{"href":"https:\/\/wptestkevin.ovh\/.Dev\/wp-json\/wp\/v2\/types\/page"}],"author":[{"embeddable":true,"href":"https:\/\/wptestkevin.ovh\/.Dev\/wp-json\/wp\/v2\/users\/1"}],"replies":[{"embeddable":true,"href":"https:\/\/wptestkevin.ovh\/.Dev\/wp-json\/wp\/v2\/comments?post=7738"}],"version-history":[{"count":6,"href":"https:\/\/wptestkevin.ovh\/.Dev\/wp-json\/wp\/v2\/pages\/7738\/revisions"}],"predecessor-version":[{"id":8729,"href":"https:\/\/wptestkevin.ovh\/.Dev\/wp-json\/wp\/v2\/pages\/7738\/revisions\/8729"}],"wp:attachment":[{"href":"https:\/\/wptestkevin.ovh\/.Dev\/wp-json\/wp\/v2\/media?parent=7738"}],"curies":[{"name":"wp","href":"https:\/\/api.w.org\/{rel}","templated":true}]}}