{"id":7712,"date":"2025-03-25T09:14:07","date_gmt":"2025-03-25T08:14:07","guid":{"rendered":"https:\/\/wptestkevin.ovh\/.Dev\/?page_id=7712"},"modified":"2025-03-25T09:22:28","modified_gmt":"2025-03-25T08:22:28","slug":"anne-branchereau-rouger","status":"publish","type":"page","link":"https:\/\/wptestkevin.ovh\/.Dev\/anne-branchereau-rouger\/","title":{"rendered":"Anne BRANCHEREAU-ROUGER"},"content":{"rendered":"<p>[et_pb_section fb_built=\u00a0\u00bb1&Prime; admin_label=\u00a0\u00bbSection\u00a0\u00bb module_id=\u00a0\u00bbadelus\u00a0\u00bb _builder_version=\u00a0\u00bb4.27.4&Prime; _module_preset=\u00a0\u00bbdefault\u00a0\u00bb background_color=\u00a0\u00bb#f1f3f4&Prime; custom_margin=\u00a0\u00bb0px||0px||true|false\u00a0\u00bb custom_padding=\u00a0\u00bb0px||0px||true|false\u00a0\u00bb hover_enabled=\u00a0\u00bb0&Prime; da_popup_slug=\u00a0\u00bbadelus\u00a0\u00bb da_disable_devices=\u00a0\u00bboff|off|off\u00a0\u00bb global_colors_info=\u00a0\u00bb{}\u00a0\u00bb animation_style=\u00a0\u00bbfade\u00a0\u00bb sticky_enabled=\u00a0\u00bb0&Prime; da_is_popup=\u00a0\u00bboff\u00a0\u00bb da_exit_intent=\u00a0\u00bboff\u00a0\u00bb da_has_close=\u00a0\u00bbon\u00a0\u00bb da_alt_close=\u00a0\u00bboff\u00a0\u00bb da_dark_close=\u00a0\u00bboff\u00a0\u00bb da_not_modal=\u00a0\u00bbon\u00a0\u00bb da_is_singular=\u00a0\u00bboff\u00a0\u00bb da_with_loader=\u00a0\u00bboff\u00a0\u00bb da_has_shadow=\u00a0\u00bbon\u00a0\u00bb][et_pb_row custom_padding_last_edited=\u00a0\u00bbon|phone\u00a0\u00bb _builder_version=\u00a0\u00bb4.27.4&Prime; _module_preset=\u00a0\u00bbdefault\u00a0\u00bb background_color=\u00a0\u00bb#FFFFFF\u00a0\u00bb width_tablet=\u00a0\u00bb\u00a0\u00bb width_phone=\u00a0\u00bb95%\u00a0\u00bb width_last_edited=\u00a0\u00bbon|phone\u00a0\u00bb custom_padding=\u00a0\u00bb|33px||33px|false|true\u00a0\u00bb custom_padding_tablet=\u00a0\u00bb\u00a0\u00bb custom_padding_phone=\u00a0\u00bb|10px||10px|false|true\u00a0\u00bb global_colors_info=\u00a0\u00bb{}\u00a0\u00bb][et_pb_column type=\u00a0\u00bb4_4&Prime; _builder_version=\u00a0\u00bb4.21.0&Prime; _module_preset=\u00a0\u00bbdefault\u00a0\u00bb global_colors_info=\u00a0\u00bb{}\u00a0\u00bb][et_pb_text _builder_version=\u00a0\u00bb4.21.0&Prime; _module_preset=\u00a0\u00bbdefault\u00a0\u00bb custom_margin=\u00a0\u00bb||10px||false|false\u00a0\u00bb global_colors_info=\u00a0\u00bb{}\u00a0\u00bb]<\/p>\n<h1 class=\"uk-article-title\">Anne Branchereau-Rouger<\/h1>\n<p>[\/et_pb_text][et_pb_text _builder_version=\u00a0\u00bb4.25.2&Prime; _module_preset=\u00a0\u00bbdefault\u00a0\u00bb text_orientation=\u00a0\u00bbjustified\u00a0\u00bb custom_padding=\u00a0\u00bb||0px|||\u00a0\u00bb global_colors_info=\u00a0\u00bb{}\u00a0\u00bb]<\/p>\n<p style=\"text-align: justify;\">Apr\u00e8s des \u00e9tudes de droit g\u00e9n\u00e9raliste, <span style=\"color: #2271b1;\"><strong>Anne Branchereau-Rouger<\/strong><\/span> choisit de se sp\u00e9cialiser en <em>Propri\u00e9t\u00e9 Intellectuelle<\/em> et obtient un Master en <em>Droit des Nouvelles Technologies de l\u2019Information et de la Communication<\/em>.<\/p>\n<p style=\"text-align: justify;\">Passionn\u00e9e par la cr\u00e9ation et la culture, elle fait des stages au sein d&rsquo;associations culturelles et du <em>PRODISS<\/em>, puis entame sa carri\u00e8re \u00e0 la <em>SACD<\/em>, <em>Soci\u00e9t\u00e9 des Auteurs Compositeurs Dramatiques<\/em>, qui g\u00e8re et d\u00e9fend les droits des auteurs du Spectacle Vivant et de l\u2019Audiovisuel.<\/p>\n<p style=\"text-align: justify;\"><span style=\"color: #2271b1;\"><strong>Anne Branchereau-Rouger<\/strong><\/span> y travaillera pendant 14 ans, d\u2019abord en tant que juriste spectacle vivant, puis comme responsable du service <em>Captations et Medias num\u00e9riques<\/em> au sein de la <em>Direction de l\u2019Audiovisuel<\/em>, et enfin comme responsable du service <em>Audiovisuel, Cin\u00e9ma et \u0152uvres Digitales<\/em>. Tout au long de son parcours, elle a accompagn\u00e9 les auteurs et les artistes dans leurs projets, d\u00e9velopp\u00e9 pour eux des services de d\u00e9claration et de n\u00e9gociation de contrats et mis en oeuvre des actions de formation et de sensibilitation . Elle a \u00e9galement \u0153uvr\u00e9 \u00e0 la mise en place de partenariats avec des plateformes de diffusion internet tel que l\u2019acad\u00e9mie <em>SACD-YouTube<\/em>. Par ailleurs, elle a une casquette de charg\u00e9 d\u2019\u00e9tudes et a \u00e9tabli plusieurs \u00e9tats des lieux , sur la r\u00e9muneration des auteurs au niveau r\u00e9gional, notamment.<\/p>\n<p style=\"text-align: justify;\">Soucieuse de transmettre ses connaissances, <span style=\"color: #2271b1;\"><strong>Anne Branchereau-Rouger<\/strong><\/span>\u00a0a dispens\u00e9 des formations de <em>Propri\u00e9t\u00e9 litteraire et artistique<\/em> \u00e0 destination des auteurs ainsi qu\u2019a des \u00e9tudiants du secteur culturel (ex : <em>Conservatoire Europ\u00e9en d\u2019Ecriture Audiovisuellle<\/em>). En 2015, elle participe au colloque <em>Rire, Droit, et Soci\u00e9t\u00e9<\/em>\u00a0organis\u00e9 par l\u2019<em>IDETCOM<\/em> \u00e0 Toulouse.<\/p>\n<p style=\"text-align: justify;\">En 2018, elle quitte la <em>SACD<\/em> pour faire co\u00efncider son lieu de vie , l\u2019Occitanie, et son lieu de travail. Elle se forme alors au <em>Contract Management<\/em> et obtient un certificat professionnel en 2019.<\/p>\n<p style=\"text-align: justify;\">Depuis, elle developpe ses activit\u00e9s d\u2019enseignement et de formation aupr\u00e9s de diff\u00e9rentes \u00e9coles telles que le <em>Digital Campus, E-artsup<\/em> ou l\u2019<em>IMT Mines Albi<\/em>. Enfin, elle anime occasionnellemnt des ateliers sur le droit d\u2019auteur aupr\u00e8s de l\u2019<em>ASSOC (Association des Sc\u00e9naristes d\u2019Occitanie)<\/em>.<\/p>\n<p>[\/et_pb_text][\/et_pb_column][\/et_pb_row][et_pb_row column_structure=\u00a0\u00bb3_5,2_5&Prime; _builder_version=\u00a0\u00bb4.21.0&Prime; _module_preset=\u00a0\u00bbdefault\u00a0\u00bb global_colors_info=\u00a0\u00bb{}\u00a0\u00bb][et_pb_column type=\u00a0\u00bb3_5&Prime; _builder_version=\u00a0\u00bb4.21.0&Prime; _module_preset=\u00a0\u00bbdefault\u00a0\u00bb global_colors_info=\u00a0\u00bb{}\u00a0\u00bb][\/et_pb_column][et_pb_column type=\u00a0\u00bb2_5&Prime; _builder_version=\u00a0\u00bb4.21.0&Prime; _module_preset=\u00a0\u00bbdefault\u00a0\u00bb global_colors_info=\u00a0\u00bb{}\u00a0\u00bb][et_pb_text _builder_version=\u00a0\u00bb4.21.0&Prime; _module_preset=\u00a0\u00bbdefault\u00a0\u00bb text_orientation=\u00a0\u00bbcenter\u00a0\u00bb custom_padding=\u00a0\u00bb10px||10px||true|false\u00a0\u00bb border_width_all=\u00a0\u00bb1px\u00a0\u00bb border_color_all=\u00a0\u00bb#d8d8d8&Prime; global_colors_info=\u00a0\u00bb{}\u00a0\u00bb]<\/p>\n<p>[lmt-post-modified-info]<\/p>\n<p>[\/et_pb_text][\/et_pb_column][\/et_pb_row][\/et_pb_section]<\/p>\n","protected":false},"excerpt":{"rendered":"<p>Anne Branchereau-RougerApr\u00e8s des \u00e9tudes de droit g\u00e9n\u00e9raliste, Anne Branchereau-Rouger choisit de se sp\u00e9cialiser en Propri\u00e9t\u00e9 Intellectuelle et obtient un Master en Droit des Nouvelles Technologies de l\u2019Information et de la Communication. Passionn\u00e9e par la cr\u00e9ation et la culture, elle fait des stages au sein d&rsquo;associations culturelles et du PRODISS, puis entame sa carri\u00e8re \u00e0 la [&hellip;]<\/p>\n","protected":false},"author":1,"featured_media":0,"parent":0,"menu_order":0,"comment_status":"closed","ping_status":"closed","template":"","meta":{"_et_pb_use_builder":"on","_et_pb_old_content":"","_et_gb_content_width":"","footnotes":""},"class_list":["post-7712","page","type-page","status-publish","hentry"],"_links":{"self":[{"href":"https:\/\/wptestkevin.ovh\/.Dev\/wp-json\/wp\/v2\/pages\/7712","targetHints":{"allow":["GET"]}}],"collection":[{"href":"https:\/\/wptestkevin.ovh\/.Dev\/wp-json\/wp\/v2\/pages"}],"about":[{"href":"https:\/\/wptestkevin.ovh\/.Dev\/wp-json\/wp\/v2\/types\/page"}],"author":[{"embeddable":true,"href":"https:\/\/wptestkevin.ovh\/.Dev\/wp-json\/wp\/v2\/users\/1"}],"replies":[{"embeddable":true,"href":"https:\/\/wptestkevin.ovh\/.Dev\/wp-json\/wp\/v2\/comments?post=7712"}],"version-history":[{"count":5,"href":"https:\/\/wptestkevin.ovh\/.Dev\/wp-json\/wp\/v2\/pages\/7712\/revisions"}],"predecessor-version":[{"id":7728,"href":"https:\/\/wptestkevin.ovh\/.Dev\/wp-json\/wp\/v2\/pages\/7712\/revisions\/7728"}],"wp:attachment":[{"href":"https:\/\/wptestkevin.ovh\/.Dev\/wp-json\/wp\/v2\/media?parent=7712"}],"curies":[{"name":"wp","href":"https:\/\/api.w.org\/{rel}","templated":true}]}}