{"id":7703,"date":"2025-03-25T09:06:44","date_gmt":"2025-03-25T08:06:44","guid":{"rendered":"https:\/\/wptestkevin.ovh\/.Dev\/?page_id=7703"},"modified":"2025-04-27T20:09:05","modified_gmt":"2025-04-27T18:09:05","slug":"audrey-boistel-2","status":"publish","type":"page","link":"https:\/\/wptestkevin.ovh\/.Dev\/audrey-boistel-2\/","title":{"rendered":"Audrey BOISTEL"},"content":{"rendered":"<p>[et_pb_section fb_built=\u00a0\u00bb1&Prime; admin_label=\u00a0\u00bbSection\u00a0\u00bb module_id=\u00a0\u00bbadelus\u00a0\u00bb _builder_version=\u00a0\u00bb4.27.4&Prime; _module_preset=\u00a0\u00bbdefault\u00a0\u00bb background_color=\u00a0\u00bb#f1f3f4&Prime; custom_margin=\u00a0\u00bb0px||0px||true|false\u00a0\u00bb custom_padding=\u00a0\u00bb0px||0px||true|false\u00a0\u00bb animation_style=\u00a0\u00bbfade\u00a0\u00bb da_popup_slug=\u00a0\u00bbadelus\u00a0\u00bb da_disable_devices=\u00a0\u00bboff|off|off\u00a0\u00bb global_colors_info=\u00a0\u00bb{}\u00a0\u00bb da_is_popup=\u00a0\u00bboff\u00a0\u00bb da_exit_intent=\u00a0\u00bboff\u00a0\u00bb da_has_close=\u00a0\u00bbon\u00a0\u00bb da_alt_close=\u00a0\u00bboff\u00a0\u00bb da_dark_close=\u00a0\u00bboff\u00a0\u00bb da_not_modal=\u00a0\u00bbon\u00a0\u00bb da_is_singular=\u00a0\u00bboff\u00a0\u00bb da_with_loader=\u00a0\u00bboff\u00a0\u00bb da_has_shadow=\u00a0\u00bbon\u00a0\u00bb][et_pb_row custom_padding_last_edited=\u00a0\u00bbon|phone\u00a0\u00bb _builder_version=\u00a0\u00bb4.27.4&Prime; _module_preset=\u00a0\u00bbdefault\u00a0\u00bb background_color=\u00a0\u00bb#FFFFFF\u00a0\u00bb width_tablet=\u00a0\u00bb\u00a0\u00bb width_phone=\u00a0\u00bb95%\u00a0\u00bb width_last_edited=\u00a0\u00bbon|phone\u00a0\u00bb custom_padding=\u00a0\u00bb|33px||33px|false|true\u00a0\u00bb custom_padding_tablet=\u00a0\u00bb\u00a0\u00bb custom_padding_phone=\u00a0\u00bb|10px||10px|false|true\u00a0\u00bb global_colors_info=\u00a0\u00bb{}\u00a0\u00bb][et_pb_column type=\u00a0\u00bb4_4&Prime; _builder_version=\u00a0\u00bb4.21.0&Prime; _module_preset=\u00a0\u00bbdefault\u00a0\u00bb global_colors_info=\u00a0\u00bb{}\u00a0\u00bb][et_pb_text _builder_version=\u00a0\u00bb4.21.0&Prime; _module_preset=\u00a0\u00bbdefault\u00a0\u00bb custom_margin=\u00a0\u00bb||10px||false|false\u00a0\u00bb global_colors_info=\u00a0\u00bb{}\u00a0\u00bb]<\/p>\n<h1>Audrey Boistel<\/h1>\n<p>[\/et_pb_text][et_pb_text _builder_version=\u00a0\u00bb4.27.4&Prime; _module_preset=\u00a0\u00bbdefault\u00a0\u00bb text_orientation=\u00a0\u00bbjustified\u00a0\u00bb hover_enabled=\u00a0\u00bb0&Prime; global_colors_info=\u00a0\u00bb{}\u00a0\u00bb sticky_enabled=\u00a0\u00bb0&Prime;]<\/p>\n<p><img loading=\"lazy\" decoding=\"async\" src=\"http:\/\/wptestkevin.ovh\/.Dev\/wp-content\/uploads\/2025\/04\/Audrey-Boistel-2.png\" alt=\"Audrey Boistel\" width=\"200\" height=\"243\" \/><\/p>\n<p style=\"text-align: justify;\">Titulaire d&rsquo;un <em>DEA en droit social<\/em> qu&rsquo;elle obtient en soutenant un m\u00e9moire sur <em>L&rsquo;application du droit du travail dans le secteur audiovisuel<\/em>,<span style=\"color: #2271b1;\"><strong> Audrey BOISTEL<\/strong><\/span> fait preuve d&rsquo;une exp\u00e9rience professionnelle diversifi\u00e9e dans le secteur culturel. Elle occupe tour \u00e0 tour des fonctions de responsable juridique, de charg\u00e9e de mission en compagnie de danse (<em>Compagnie UCODEP<\/em> et le <em>8 renvers\u00e9<\/em>), de d\u00e9l\u00e9gu\u00e9e juridique du <em>Syndicat Fran\u00e7ais des Artistes Interpr\u00e8tes<\/em>&#8230;<\/p>\n<p style=\"text-align: justify;\">Elle a accompagn\u00e9, notamment dans le cadre de DLA (une quarantaire \u00e0 son actif) , de nombreuses structures culturelles et artistes dans leur d\u00e9veloppement administratif et la s\u00e9curisation juridique de leur projet professionnel. Elle a \u00e9galement assur\u00e9 pendant plusieurs ann\u00e9es la permanence juridique au sein de la maison des associations \u00e0 Lille, recevant ainsi nombreux artistes \u00e9mergents, (interpr\u00e8tes, \u00e9crivains, plasticiens&#8230;) d\u00e9sireux de mieux comprendre les enjeux de leur m\u00e9tier et de s&rsquo;assurer un exercice professionnel conforme aux exigences r\u00e9glementaires.<\/p>\n<p style=\"text-align: justify;\"><span style=\"color: #2271b1;\"><strong>Audrey BOISTEL<\/strong><\/span> anime de nombreuses formations depuis plus de 15 ans dans diff\u00e9rents secteurs et aupr\u00e8s de diff\u00e9rents acteurs culturels : artistes auteurs, dirigeants de compagnie de th\u00e9\u00e2tre, musiciens, r\u00e9alisateurs audiovisuels&#8230;<\/p>\n<p style=\"text-align: justify;\">Elle a \u00e9galement contribu\u00e9 \u00e0 la r\u00e9daction de fiches pratiques sur l&rsquo;environnement juridique du secteur artistique aux <em>Editions WEKA<\/em>&#8230;<\/p>\n<p style=\"text-align: justify;\">Aujourd&rsquo;hui, <span style=\"color: #2271b1;\"><strong>Audrey BOISTEL<\/strong><\/span> poursuit ses multiples activit\u00e9s de conseil en entreprise, de consultante, d&rsquo;enseignement et de formation tout en occupant depuis avril 2020 le poste de codirectrice adjointe du <em>Ballet du nord<\/em> (<em>Centre chor\u00e9graphique National de Roubaix<\/em>). Elle est \u00e9galement charg\u00e9e d&rsquo;enseignement au sein de plusieurs universit\u00e9s depuis 2004.<\/p>\n<p style=\"text-align: justify;\">Affectionnant tout particuli\u00e8rement les arts plastiques, elle s&rsquo;essaie en amateur au dessin et \u00e0 la peinture.<\/p>\n<p style=\"text-align: justify;\">A l&rsquo;AGECIF, <span style=\"color: #2271b1;\"><strong>Audrey BOISTEL<\/strong><\/span> anime des formations sur le droit social, sur l&rsquo;environnement juridique du spectacle et des auteurs plasticiens et de l&rsquo;\u00e9crit.<\/p>\n<p>[\/et_pb_text][\/et_pb_column][\/et_pb_row][et_pb_row column_structure=\u00a0\u00bb3_5,2_5&Prime; _builder_version=\u00a0\u00bb4.21.0&Prime; _module_preset=\u00a0\u00bbdefault\u00a0\u00bb global_colors_info=\u00a0\u00bb{}\u00a0\u00bb][et_pb_column type=\u00a0\u00bb3_5&Prime; _builder_version=\u00a0\u00bb4.21.0&Prime; _module_preset=\u00a0\u00bbdefault\u00a0\u00bb global_colors_info=\u00a0\u00bb{}\u00a0\u00bb][\/et_pb_column][et_pb_column type=\u00a0\u00bb2_5&Prime; _builder_version=\u00a0\u00bb4.21.0&Prime; _module_preset=\u00a0\u00bbdefault\u00a0\u00bb global_colors_info=\u00a0\u00bb{}\u00a0\u00bb][et_pb_text _builder_version=\u00a0\u00bb4.21.0&Prime; _module_preset=\u00a0\u00bbdefault\u00a0\u00bb text_orientation=\u00a0\u00bbcenter\u00a0\u00bb custom_padding=\u00a0\u00bb10px||10px||true|false\u00a0\u00bb border_width_all=\u00a0\u00bb1px\u00a0\u00bb border_color_all=\u00a0\u00bb#d8d8d8&Prime; global_colors_info=\u00a0\u00bb{}\u00a0\u00bb]<\/p>\n<p>[lmt-post-modified-info]<\/p>\n<p>[\/et_pb_text][\/et_pb_column][\/et_pb_row][\/et_pb_section]<\/p>\n","protected":false},"excerpt":{"rendered":"<p>Audrey Boistel Titulaire d&rsquo;un DEA en droit social qu&rsquo;elle obtient en soutenant un m\u00e9moire sur L&rsquo;application du droit du travail dans le secteur audiovisuel, Audrey BOISTEL fait preuve d&rsquo;une exp\u00e9rience professionnelle diversifi\u00e9e dans le secteur culturel. Elle occupe tour \u00e0 tour des fonctions de responsable juridique, de charg\u00e9e de mission en compagnie de danse (Compagnie [&hellip;]<\/p>\n","protected":false},"author":1,"featured_media":0,"parent":0,"menu_order":0,"comment_status":"closed","ping_status":"closed","template":"","meta":{"_et_pb_use_builder":"on","_et_pb_old_content":"","_et_gb_content_width":"","footnotes":""},"class_list":["post-7703","page","type-page","status-publish","hentry"],"_links":{"self":[{"href":"https:\/\/wptestkevin.ovh\/.Dev\/wp-json\/wp\/v2\/pages\/7703","targetHints":{"allow":["GET"]}}],"collection":[{"href":"https:\/\/wptestkevin.ovh\/.Dev\/wp-json\/wp\/v2\/pages"}],"about":[{"href":"https:\/\/wptestkevin.ovh\/.Dev\/wp-json\/wp\/v2\/types\/page"}],"author":[{"embeddable":true,"href":"https:\/\/wptestkevin.ovh\/.Dev\/wp-json\/wp\/v2\/users\/1"}],"replies":[{"embeddable":true,"href":"https:\/\/wptestkevin.ovh\/.Dev\/wp-json\/wp\/v2\/comments?post=7703"}],"version-history":[{"count":6,"href":"https:\/\/wptestkevin.ovh\/.Dev\/wp-json\/wp\/v2\/pages\/7703\/revisions"}],"predecessor-version":[{"id":9025,"href":"https:\/\/wptestkevin.ovh\/.Dev\/wp-json\/wp\/v2\/pages\/7703\/revisions\/9025"}],"wp:attachment":[{"href":"https:\/\/wptestkevin.ovh\/.Dev\/wp-json\/wp\/v2\/media?parent=7703"}],"curies":[{"name":"wp","href":"https:\/\/api.w.org\/{rel}","templated":true}]}}