{"id":7696,"date":"2025-03-25T09:01:18","date_gmt":"2025-03-25T08:01:18","guid":{"rendered":"https:\/\/wptestkevin.ovh\/.Dev\/?page_id=7696"},"modified":"2025-03-25T09:21:07","modified_gmt":"2025-03-25T08:21:07","slug":"claire-bodin","status":"publish","type":"page","link":"https:\/\/wptestkevin.ovh\/.Dev\/claire-bodin\/","title":{"rendered":"Claire BODIN"},"content":{"rendered":"<p>[et_pb_section fb_built=\u00a0\u00bb1&Prime; admin_label=\u00a0\u00bbSection\u00a0\u00bb module_id=\u00a0\u00bbadelus\u00a0\u00bb _builder_version=\u00a0\u00bb4.27.4&Prime; _module_preset=\u00a0\u00bbdefault\u00a0\u00bb background_color=\u00a0\u00bb#f1f3f4&Prime; custom_margin=\u00a0\u00bb0px||0px||true|false\u00a0\u00bb custom_padding=\u00a0\u00bb0px||0px||true|false\u00a0\u00bb hover_enabled=\u00a0\u00bb0&Prime; da_popup_slug=\u00a0\u00bbadelus\u00a0\u00bb da_disable_devices=\u00a0\u00bboff|off|off\u00a0\u00bb global_colors_info=\u00a0\u00bb{}\u00a0\u00bb animation_style=\u00a0\u00bbfade\u00a0\u00bb sticky_enabled=\u00a0\u00bb0&Prime; da_is_popup=\u00a0\u00bboff\u00a0\u00bb da_exit_intent=\u00a0\u00bboff\u00a0\u00bb da_has_close=\u00a0\u00bbon\u00a0\u00bb da_alt_close=\u00a0\u00bboff\u00a0\u00bb da_dark_close=\u00a0\u00bboff\u00a0\u00bb da_not_modal=\u00a0\u00bbon\u00a0\u00bb da_is_singular=\u00a0\u00bboff\u00a0\u00bb da_with_loader=\u00a0\u00bboff\u00a0\u00bb da_has_shadow=\u00a0\u00bbon\u00a0\u00bb][et_pb_row custom_padding_last_edited=\u00a0\u00bbon|phone\u00a0\u00bb _builder_version=\u00a0\u00bb4.27.4&Prime; _module_preset=\u00a0\u00bbdefault\u00a0\u00bb background_color=\u00a0\u00bb#FFFFFF\u00a0\u00bb width_tablet=\u00a0\u00bb\u00a0\u00bb width_phone=\u00a0\u00bb95%\u00a0\u00bb width_last_edited=\u00a0\u00bbon|phone\u00a0\u00bb custom_padding=\u00a0\u00bb|33px||33px|false|true\u00a0\u00bb custom_padding_tablet=\u00a0\u00bb\u00a0\u00bb custom_padding_phone=\u00a0\u00bb|10px||10px|false|true\u00a0\u00bb global_colors_info=\u00a0\u00bb{}\u00a0\u00bb][et_pb_column type=\u00a0\u00bb4_4&Prime; _builder_version=\u00a0\u00bb4.21.0&Prime; _module_preset=\u00a0\u00bbdefault\u00a0\u00bb global_colors_info=\u00a0\u00bb{}\u00a0\u00bb][et_pb_text _builder_version=\u00a0\u00bb4.27.4&Prime; _module_preset=\u00a0\u00bbdefault\u00a0\u00bb custom_margin=\u00a0\u00bb||10px||false|false\u00a0\u00bb global_colors_info=\u00a0\u00bb{}\u00a0\u00bb]<\/p>\n<h1 class=\"uk-article-title\">Claire Bodin<\/h1>\n<p>[\/et_pb_text][et_pb_text _builder_version=\u00a0\u00bb4.25.2&Prime; _module_preset=\u00a0\u00bbdefault\u00a0\u00bb text_orientation=\u00a0\u00bbjustified\u00a0\u00bb global_colors_info=\u00a0\u00bb{}\u00a0\u00bb]<\/p>\n<p><img loading=\"lazy\" decoding=\"async\" src=\"http:\/\/wptestkevin.ovh\/.Dev\/wp-content\/uploads\/2024\/06\/c-bodin.jpg\" alt=\"c bodin\" width=\"349\" height=\"247\" \/><\/p>\n<p style=\"text-align: justify;\">Directrice du Centre de ressources et de promotion <em>Pr\u00e9sence Compositrices<\/em> et claveciniste de formation,\u00a0<span style=\"color: #2271b1;\"><strong>Claire Bodin<\/strong><\/span>\u00a0se consacre depuis plus de dix-huit ans \u00e0 la mise en valeur de la cr\u00e9ation musicale des femmes dans le domaine de la musique classique.<\/p>\n<p style=\"text-align: justify;\">Elle a cr\u00e9\u00e9 en 2011 le festival <em>Pr\u00e9sence Compositrices<\/em> (anciennement Pr\u00e9sences F\u00e9minines), seul festival \u00e0 cette \u00e9poque sur le territoire fran\u00e7ais \u00e0 avoir pour ligne artistique exclusive l&rsquo;exploration des \u0153uvres des compositrices de tous temps et nationalit\u00e9s.<\/p>\n<p style=\"text-align: justify;\">Titulaire d&rsquo;un master de musicologie, membre du comit\u00e9 strat\u00e9gique \u00e0 l&rsquo;\u00e9galit\u00e9 du <em>Centre national de la musique<\/em> et tr\u00e8s impliqu\u00e9e \u00e9galement en mati\u00e8re d&rsquo;actions culturelles,\u00a0<strong><span style=\"color: #2271b1;\">Claire Bodin<\/span>\u00a0<\/strong>anime r\u00e9guli\u00e8rement des ateliers, participe \u00e0 nombre de tables rondes et colloques, donne r\u00e9guli\u00e8rement des conf\u00e9rences. Elle a notamment \u00e9t\u00e9 invit\u00e9e en mars 2022 \u00e0 intervenir au <em>Coll\u00e8ge de France<\/em> dans le cadre du s\u00e9minaire \u00ab\u00a0A la recherche des \u0153uvres perdues\u00a0\u00bb du Professeur William Marx.<\/p>\n<p style=\"text-align: justify;\">Dans la droite ligne de l&rsquo;action pionni\u00e8re qu&rsquo;elle m\u00e8ne depuis 2006 en faveur des compositrices,\u00a0<strong><span style=\"color: #2271b1;\">Claire Bodin<\/span>\u00a0<\/strong>est \u00e0 l&rsquo;origine de la cr\u00e9ation du Centre de ressources et de promotion qu&rsquo;elle dirige aujourd&rsquo;hui et de la cr\u00e9ation de\u00a0<em>Demandez \u00e0 Clara<\/em>, une base de donn\u00e9es unique au monde ayant pour objectif de faciliter l&rsquo;acc\u00e8s aux noms et \u0153uvres des compositrices. Cette base de donn\u00e9es, en constante \u00e9volution, est \u00e0 ce jour pl\u00e9biscit\u00e9e et utilis\u00e9e par l&rsquo;ensemble du secteur de la musique classique et fait aussi l&rsquo;objet de nombreux \u00e9changes \u00e0 l&rsquo;international.<\/p>\n<p style=\"text-align: justify;\"><span style=\"color: #2271b1;\"><strong>Claire Bodin<\/strong><\/span>\u00a0publie en 2017 aux \u00e9ditions de la Nerthe un carnet d&rsquo;entretiens consacr\u00e9 \u00e0 la compositrice Camille P\u00e9pin et son premier roman\u00a0<em>Le fil d&rsquo;Adrienne<\/em>\u00a0est publi\u00e9 en juin 2021 aux \u00e9ditions V\u00e9rone. Elle est l&rsquo;autrice des textes qui accompagnent les peintures num\u00e9riques de Jacques Berteaud, r\u00e9unies dans un ouvrage co-\u00e9dit\u00e9 par l&rsquo;auteur et le Centre <em>Pr\u00e9sence Compositrices<\/em> et intitul\u00e9\u00a0<em>Travers\u00e9es<\/em>, en hommage aux 18 pi\u00e8ces pour piano de la compositrice Marie Jaell.<\/p>\n<p style=\"text-align: justify;\"><span style=\"color: #2271b1;\"><strong>Claire Bodin<\/strong><\/span> travaille actuellement \u00e0 l\u2019\u00e9criture d\u2019un livre retra\u00e7ant son parcours de 18 ans sur le sujet de la cr\u00e9ation musicale des femmes.<\/p>\n<p style=\"text-align: justify;\">Au titre de son engagement en faveur des compositrices <span style=\"color: #2271b1;\"><strong>Claire Bodin<\/strong><\/span>\u00a0re\u00e7oit en 2023 le titre de <em>Chevali\u00e8re des Arts et des Lettres<\/em>.<\/p>\n<p>[\/et_pb_text][\/et_pb_column][\/et_pb_row][et_pb_row column_structure=\u00a0\u00bb3_5,2_5&Prime; _builder_version=\u00a0\u00bb4.21.0&Prime; _module_preset=\u00a0\u00bbdefault\u00a0\u00bb global_colors_info=\u00a0\u00bb{}\u00a0\u00bb][et_pb_column type=\u00a0\u00bb3_5&Prime; _builder_version=\u00a0\u00bb4.21.0&Prime; _module_preset=\u00a0\u00bbdefault\u00a0\u00bb global_colors_info=\u00a0\u00bb{}\u00a0\u00bb][\/et_pb_column][et_pb_column type=\u00a0\u00bb2_5&Prime; _builder_version=\u00a0\u00bb4.21.0&Prime; _module_preset=\u00a0\u00bbdefault\u00a0\u00bb global_colors_info=\u00a0\u00bb{}\u00a0\u00bb][et_pb_text _builder_version=\u00a0\u00bb4.21.0&Prime; _module_preset=\u00a0\u00bbdefault\u00a0\u00bb text_orientation=\u00a0\u00bbcenter\u00a0\u00bb custom_padding=\u00a0\u00bb10px||10px||true|false\u00a0\u00bb border_width_all=\u00a0\u00bb1px\u00a0\u00bb border_color_all=\u00a0\u00bb#d8d8d8&Prime; global_colors_info=\u00a0\u00bb{}\u00a0\u00bb]<\/p>\n<p>[lmt-post-modified-info]<\/p>\n<p>[\/et_pb_text][\/et_pb_column][\/et_pb_row][\/et_pb_section]<\/p>\n","protected":false},"excerpt":{"rendered":"<p>Claire Bodin Directrice du Centre de ressources et de promotion Pr\u00e9sence Compositrices et claveciniste de formation,\u00a0Claire Bodin\u00a0se consacre depuis plus de dix-huit ans \u00e0 la mise en valeur de la cr\u00e9ation musicale des femmes dans le domaine de la musique classique. Elle a cr\u00e9\u00e9 en 2011 le festival Pr\u00e9sence Compositrices (anciennement Pr\u00e9sences F\u00e9minines), seul festival [&hellip;]<\/p>\n","protected":false},"author":1,"featured_media":0,"parent":0,"menu_order":0,"comment_status":"closed","ping_status":"closed","template":"","meta":{"_et_pb_use_builder":"on","_et_pb_old_content":"","_et_gb_content_width":"","footnotes":""},"class_list":["post-7696","page","type-page","status-publish","hentry"],"_links":{"self":[{"href":"https:\/\/wptestkevin.ovh\/.Dev\/wp-json\/wp\/v2\/pages\/7696","targetHints":{"allow":["GET"]}}],"collection":[{"href":"https:\/\/wptestkevin.ovh\/.Dev\/wp-json\/wp\/v2\/pages"}],"about":[{"href":"https:\/\/wptestkevin.ovh\/.Dev\/wp-json\/wp\/v2\/types\/page"}],"author":[{"embeddable":true,"href":"https:\/\/wptestkevin.ovh\/.Dev\/wp-json\/wp\/v2\/users\/1"}],"replies":[{"embeddable":true,"href":"https:\/\/wptestkevin.ovh\/.Dev\/wp-json\/wp\/v2\/comments?post=7696"}],"version-history":[{"count":5,"href":"https:\/\/wptestkevin.ovh\/.Dev\/wp-json\/wp\/v2\/pages\/7696\/revisions"}],"predecessor-version":[{"id":7726,"href":"https:\/\/wptestkevin.ovh\/.Dev\/wp-json\/wp\/v2\/pages\/7696\/revisions\/7726"}],"wp:attachment":[{"href":"https:\/\/wptestkevin.ovh\/.Dev\/wp-json\/wp\/v2\/media?parent=7696"}],"curies":[{"name":"wp","href":"https:\/\/api.w.org\/{rel}","templated":true}]}}