{"id":7531,"date":"2025-03-19T16:37:24","date_gmt":"2025-03-19T15:37:24","guid":{"rendered":"https:\/\/wptestkevin.ovh\/.Dev\/?page_id=7531"},"modified":"2025-03-25T09:19:18","modified_gmt":"2025-03-25T08:19:18","slug":"stephane-barre","status":"publish","type":"page","link":"https:\/\/wptestkevin.ovh\/.Dev\/stephane-barre\/","title":{"rendered":"St\u00e9phane BARR\u00c9"},"content":{"rendered":"<p>[et_pb_section fb_built=\u00a0\u00bb1&Prime; admin_label=\u00a0\u00bbSection\u00a0\u00bb module_id=\u00a0\u00bbbarre\u00a0\u00bb _builder_version=\u00a0\u00bb4.27.4&Prime; _module_preset=\u00a0\u00bbdefault\u00a0\u00bb background_color=\u00a0\u00bb#f1f3f4&Prime; custom_margin=\u00a0\u00bb0px||0px||true|false\u00a0\u00bb custom_padding=\u00a0\u00bb0px||0px||true|false\u00a0\u00bb hover_enabled=\u00a0\u00bb0&Prime; da_popup_slug=\u00a0\u00bbbarre\u00a0\u00bb da_disable_devices=\u00a0\u00bboff|off|off\u00a0\u00bb global_colors_info=\u00a0\u00bb{}\u00a0\u00bb animation_style=\u00a0\u00bbfade\u00a0\u00bb sticky_enabled=\u00a0\u00bb0&Prime; da_is_popup=\u00a0\u00bboff\u00a0\u00bb da_exit_intent=\u00a0\u00bboff\u00a0\u00bb da_has_close=\u00a0\u00bbon\u00a0\u00bb da_alt_close=\u00a0\u00bboff\u00a0\u00bb da_dark_close=\u00a0\u00bboff\u00a0\u00bb da_not_modal=\u00a0\u00bbon\u00a0\u00bb da_is_singular=\u00a0\u00bboff\u00a0\u00bb da_with_loader=\u00a0\u00bboff\u00a0\u00bb da_has_shadow=\u00a0\u00bbon\u00a0\u00bb][et_pb_row custom_padding_last_edited=\u00a0\u00bbon|phone\u00a0\u00bb _builder_version=\u00a0\u00bb4.27.4&Prime; _module_preset=\u00a0\u00bbdefault\u00a0\u00bb background_color=\u00a0\u00bb#FFFFFF\u00a0\u00bb width_tablet=\u00a0\u00bb\u00a0\u00bb width_phone=\u00a0\u00bb95%\u00a0\u00bb width_last_edited=\u00a0\u00bbon|phone\u00a0\u00bb custom_padding=\u00a0\u00bb|33px||33px|false|true\u00a0\u00bb custom_padding_tablet=\u00a0\u00bb\u00a0\u00bb custom_padding_phone=\u00a0\u00bb|10px||10px|false|true\u00a0\u00bb global_colors_info=\u00a0\u00bb{}\u00a0\u00bb][et_pb_column type=\u00a0\u00bb4_4&Prime; _builder_version=\u00a0\u00bb4.21.0&Prime; _module_preset=\u00a0\u00bbdefault\u00a0\u00bb global_colors_info=\u00a0\u00bb{}\u00a0\u00bb][et_pb_text _builder_version=\u00a0\u00bb4.21.0&Prime; _module_preset=\u00a0\u00bbdefault\u00a0\u00bb custom_margin=\u00a0\u00bb||10px||false|false\u00a0\u00bb global_colors_info=\u00a0\u00bb{}\u00a0\u00bb]<\/p>\n<h1>St\u00e9phane Barr\u00e9<\/h1>\n<p>[\/et_pb_text][et_pb_text _builder_version=\u00a0\u00bb4.25.2&Prime; _module_preset=\u00a0\u00bbdefault\u00a0\u00bb text_orientation=\u00a0\u00bbjustified\u00a0\u00bb global_colors_info=\u00a0\u00bb{}\u00a0\u00bb]<\/p>\n<p><img loading=\"lazy\" decoding=\"async\" class=\"alignnone wp-image-1040 size-full\" src=\"http:\/\/wptestkevin.ovh\/.Dev\/wp-content\/uploads\/2024\/06\/s-barre.jpg\" alt=\"\" width=\"200\" height=\"130\" \/><\/p>\n<p>Apr\u00e8s une ma\u00eetrise en gestion et un master en management des collectivit\u00e9s territoriales, <span style=\"color: #2271b1;\"><strong>St\u00e9phane Barr\u00e9<\/strong><\/span> cr\u00e9e M\u00e9c\u00e9nart Centre en 1995, un club d\u2019entreprises m\u00e9c\u00e8nes qui regroupe une centaine d&rsquo;\u00e9tablissements priv\u00e9s autour d&rsquo;actions de soutien \u00e0 des manifestations culturelles, sportives ou sociales. Il dirige aujourd\u2019hui le cabinet conseil en recherche de partenariat qu&rsquo;il a fond\u00e9 (SB Conseil). Il est \u00e9galement directeur associ\u00e9 du cabinet Cliveman.<\/p>\n<p><span style=\"color: #2271b1;\"><strong>St\u00e9phane Barr\u00e9<\/strong><\/span> est sp\u00e9cialiste en Fundraising depuis plus de 20 ans. Il intervient principalement dans la d\u00e9finition de strat\u00e9gie de partenariat, la recherche de financement priv\u00e9 et la cr\u00e9ation de cercles de partenaires et de fonds de dotation aupr\u00e8s de grandes institutions culturelles et d\u2019ONG (Festival d\u2019Avignon, les <em>Biennales de Lyon<\/em>, le Mus\u00e9e des Arts D\u00e9coratifs de Paris, la Cimade&#8230;).<\/p>\n<p>St\u00e9phane Barr\u00e9 est \u00e9galement consultant pour le compte de fondations d\u2019entreprises (Fondation des Pays de France, Fondation des Autoroutes du Sud) et de collectivit\u00e9s locales (Conseil d\u00e9partemental des Hauts-de-Seine, Conseil r\u00e9gional du Centre, Conseil r\u00e9gional d\u2019\u00cele-de-France, Communaut\u00e9 urbaine du Grand Nancy\u2026) et d\u2019administrations publiques (DRAC, DRJSCS).<br \/>Principales missions effectu\u00e9es en recherche de fonds :<\/p>\n<p>Recherche de partenariat priv\u00e9 pour le Festival d\u2019Avignon et cr\u00e9ation d\u2019un cercle de m\u00e9c\u00e8nes locaux.<\/p>\n<p>Ville de Chaumont sur Marne. Elaboration et d\u00e9ploiement<br \/>d\u2019une strat\u00e9gie de m\u00e9c\u00e9nat\/partenariat<br \/>pour le Centre International du Graphisme de Chaumont sur Marne.<\/p>\n<p>Cr\u00e9ation d\u2019un cercle des partenaires pour les Biennales de Lyon.<\/p>\n<p>D\u00e9finition d\u2019une strat\u00e9gie de partenariat<br \/>pour les Rencontres Internationales de la photographie d\u2019Arles.<\/p>\n<p>Mise en \u0153uvre d\u2019une strat\u00e9gie de recherche de financements priv\u00e9s<br \/>pour le Mus\u00e9e des Arts D\u00e9coratifs de Paris.<\/p>\n<p>Recherche de financements pour le domaine de Chaumont\/Loire.<br \/>Cr\u00e9ation d\u2019un cercle de partenaires autour du Ch\u00e2teau<br \/>et du Festival International des Jardins.<\/p>\n<p>Conseil et recherche de m\u00e9c\u00e9nat<br \/>pour le compte du Ch\u00e2teau de Versailles (Op\u00e9ra royal)<br \/>et la Grande Halle de la Villette.<\/p>\n<p>D\u00e9finition de la strat\u00e9gie de m\u00e9c\u00e9nat et recherche de fonds<br \/>pour diff\u00e9rents projets culturels port\u00e9s<br \/>par le Conseil D\u00e9partemental des Hauts-de-Seine.<\/p>\n<p>Mission de recherche de m\u00e9c\u00e9nat<br \/>pour l\u2019\u00e9v\u00e9nement Renaissance Nancy 2013 port\u00e9 par le Grand Nancy.<\/p>\n<p>ARCADI IDF &#8211; Biennale des Arts num\u00e9riques \u00ab N\u00e9mo \u00bb.<br \/>Recherche de financements pour l\u2019\u00e9dition 2017 de la Biennale.<\/p>\n<p>Accompagnement \u00e0 la d\u00e9finition de la strat\u00e9gie<br \/>de partenariat et \u00e0 la recherche de partenaires<br \/>pour l\u2019association le Plus Petit Cirque du Monde \u00e0 Bagneux.<\/p>\n<p>Mus\u00e9e D\u00e9partemental Arlaten &#8211; Conseil d\u00e9partemental des Bouches-du-Rh\u00f4ne.<br \/>Elaboration de la strat\u00e9gie, de m\u00e9c\u00e9nat, constitution d\u2019un argumentaire,<br \/>classification des m\u00e9c\u00e8nes et plan d\u2019action.<\/p>\n<p>Ville de Boulogne Billancourt.<br \/>Mission de recherche et mise en \u0153uvre de m\u00e9c\u00e9nat et de parrainage financier<br \/>pour la r\u00e9alisation de l\u2019op\u00e9ration de r\u00e9habilitation du complexe sportif Le Gallo.<\/p>\n<p>Conseil R\u00e9gional Centre : r\u00e9daction d\u2019une \u00e9tude sur le m\u00e9c\u00e9nat en r\u00e9gion.<\/p>\n<p>Conseil D\u00e9partemental de la Moselle :<br \/>accompagnement \u00e0 la strat\u00e9gie de m\u00e9c\u00e9nat culturel du d\u00e9partement<\/p>\n<p>Autoroutes du Sud de la France :<br \/>accompagnement \u00e0 la cr\u00e9ation de la fondation d\u2019entreprise des ASF<br \/>orient\u00e9e vers le secteur de l\u2019environnement et du d\u00e9veloppement durable.<\/p>\n<p>Caisse Nationale du Cr\u00e9dit Agricole :<br \/>red\u00e9finition de la strat\u00e9gie de la fondation des \u00ab Pays de France \u00bb<br \/>sp\u00e9cialis\u00e9e dans les partenariats de proximit\u00e9<\/p>\n<p>St\u00e9phane Barr\u00e9 est intervenant formateur pour des modules d\u2019accompagnement<br \/>au m\u00e9c\u00e9nat pour le compte de Dispositifs Locaux d\u2019Accompagnement (ESIA Vaucluse,<br \/>CRE-Entreprendre Initiatives Doubs, INITIACTIVE Dr\u00f4me &#8211; Ard\u00e8che) et de l\u2019AGECIF.<\/p>\n<p>St\u00e9phane Barr\u00e9 est co-auteur du guide pratique :<br \/>\u00ab comment aborder la recherche de partenariats priv\u00e9s \u00bb.<\/p>\n<p>Un leitmotiv sous-tend ses activit\u00e9s : valoriser les projets et exp\u00e9riences<br \/>qui renforcent les partenariats locaux sur les territoires.<\/p>\n<p>Les modules que St\u00e9phane Barr\u00e9 anime \u00e0 l\u2019AGECIF :<br \/>&#8211; M\u00e9c\u00e9nat et financements priv\u00e9s<br \/>&#8211; M\u00e9c\u00e9nat territorial de proximit\u00e9<br \/>&#8211; N\u00e9gocier avec des partenaires priv\u00e9s<br \/>&#8211; M\u00e9c\u00e9nat, sponsoring et financements participatifs<\/p>\n<p>Dans les formations \u00e0 l\u2019AGECIF, St\u00e9phane Barr\u00e9 a eu comme stagiaires le personnel de nombreuses administrations publiques (Minist\u00e8re de la culture), collectivit\u00e9s locale (Ville de Paris, R\u00e9gion \u00cele-de-France) et institutions culturelles parisiennes (l\u2019Op\u00e9ra Garnier, Domaine de Versailles).<\/p>\n<p>&nbsp;<\/p>\n<p>[\/et_pb_text][\/et_pb_column][\/et_pb_row][et_pb_row column_structure=\u00a0\u00bb3_5,2_5&Prime; _builder_version=\u00a0\u00bb4.21.0&Prime; _module_preset=\u00a0\u00bbdefault\u00a0\u00bb global_colors_info=\u00a0\u00bb{}\u00a0\u00bb][et_pb_column type=\u00a0\u00bb3_5&Prime; _builder_version=\u00a0\u00bb4.21.0&Prime; _module_preset=\u00a0\u00bbdefault\u00a0\u00bb global_colors_info=\u00a0\u00bb{}\u00a0\u00bb][\/et_pb_column][et_pb_column type=\u00a0\u00bb2_5&Prime; _builder_version=\u00a0\u00bb4.21.0&Prime; _module_preset=\u00a0\u00bbdefault\u00a0\u00bb global_colors_info=\u00a0\u00bb{}\u00a0\u00bb][et_pb_text _builder_version=\u00a0\u00bb4.21.0&Prime; _module_preset=\u00a0\u00bbdefault\u00a0\u00bb text_orientation=\u00a0\u00bbcenter\u00a0\u00bb custom_padding=\u00a0\u00bb10px||10px||true|false\u00a0\u00bb border_width_all=\u00a0\u00bb1px\u00a0\u00bb border_color_all=\u00a0\u00bb#d8d8d8&Prime; global_colors_info=\u00a0\u00bb{}\u00a0\u00bb]<\/p>\n<p>[lmt-post-modified-info]<\/p>\n<p>[\/et_pb_text][\/et_pb_column][\/et_pb_row][\/et_pb_section]<\/p>\n","protected":false},"excerpt":{"rendered":"<p>St\u00e9phane Barr\u00e9 Apr\u00e8s une ma\u00eetrise en gestion et un master en management des collectivit\u00e9s territoriales, St\u00e9phane Barr\u00e9 cr\u00e9e M\u00e9c\u00e9nart Centre en 1995, un club d\u2019entreprises m\u00e9c\u00e8nes qui regroupe une centaine d&rsquo;\u00e9tablissements priv\u00e9s autour d&rsquo;actions de soutien \u00e0 des manifestations culturelles, sportives ou sociales. Il dirige aujourd\u2019hui le cabinet conseil en recherche de partenariat qu&rsquo;il a [&hellip;]<\/p>\n","protected":false},"author":1,"featured_media":0,"parent":0,"menu_order":0,"comment_status":"closed","ping_status":"closed","template":"","meta":{"_et_pb_use_builder":"on","_et_pb_old_content":"","_et_gb_content_width":"","footnotes":""},"class_list":["post-7531","page","type-page","status-publish","hentry"],"_links":{"self":[{"href":"https:\/\/wptestkevin.ovh\/.Dev\/wp-json\/wp\/v2\/pages\/7531","targetHints":{"allow":["GET"]}}],"collection":[{"href":"https:\/\/wptestkevin.ovh\/.Dev\/wp-json\/wp\/v2\/pages"}],"about":[{"href":"https:\/\/wptestkevin.ovh\/.Dev\/wp-json\/wp\/v2\/types\/page"}],"author":[{"embeddable":true,"href":"https:\/\/wptestkevin.ovh\/.Dev\/wp-json\/wp\/v2\/users\/1"}],"replies":[{"embeddable":true,"href":"https:\/\/wptestkevin.ovh\/.Dev\/wp-json\/wp\/v2\/comments?post=7531"}],"version-history":[{"count":5,"href":"https:\/\/wptestkevin.ovh\/.Dev\/wp-json\/wp\/v2\/pages\/7531\/revisions"}],"predecessor-version":[{"id":7723,"href":"https:\/\/wptestkevin.ovh\/.Dev\/wp-json\/wp\/v2\/pages\/7531\/revisions\/7723"}],"wp:attachment":[{"href":"https:\/\/wptestkevin.ovh\/.Dev\/wp-json\/wp\/v2\/media?parent=7531"}],"curies":[{"name":"wp","href":"https:\/\/api.w.org\/{rel}","templated":true}]}}