{"id":7522,"date":"2025-03-19T16:28:44","date_gmt":"2025-03-19T15:28:44","guid":{"rendered":"https:\/\/wptestkevin.ovh\/.Dev\/?page_id=7522"},"modified":"2025-03-25T09:18:40","modified_gmt":"2025-03-25T08:18:40","slug":"anne-aubry","status":"publish","type":"page","link":"https:\/\/wptestkevin.ovh\/.Dev\/anne-aubry\/","title":{"rendered":"Anne AUBRY"},"content":{"rendered":"<p>[et_pb_section fb_built=\u00a0\u00bb1&Prime; admin_label=\u00a0\u00bbSection\u00a0\u00bb module_id=\u00a0\u00bbaubry\u00a0\u00bb _builder_version=\u00a0\u00bb4.27.4&Prime; _module_preset=\u00a0\u00bbdefault\u00a0\u00bb background_color=\u00a0\u00bb#f1f3f4&Prime; custom_margin=\u00a0\u00bb0px||0px||true|false\u00a0\u00bb custom_padding=\u00a0\u00bb0px||0px||true|false\u00a0\u00bb hover_enabled=\u00a0\u00bb0&Prime; da_popup_slug=\u00a0\u00bbaubry\u00a0\u00bb da_disable_devices=\u00a0\u00bboff|off|off\u00a0\u00bb global_colors_info=\u00a0\u00bb{}\u00a0\u00bb animation_style=\u00a0\u00bbfade\u00a0\u00bb sticky_enabled=\u00a0\u00bb0&Prime; da_is_popup=\u00a0\u00bboff\u00a0\u00bb da_exit_intent=\u00a0\u00bboff\u00a0\u00bb da_has_close=\u00a0\u00bbon\u00a0\u00bb da_alt_close=\u00a0\u00bboff\u00a0\u00bb da_dark_close=\u00a0\u00bboff\u00a0\u00bb da_not_modal=\u00a0\u00bbon\u00a0\u00bb da_is_singular=\u00a0\u00bboff\u00a0\u00bb da_with_loader=\u00a0\u00bboff\u00a0\u00bb da_has_shadow=\u00a0\u00bbon\u00a0\u00bb][et_pb_row custom_padding_last_edited=\u00a0\u00bbon|phone\u00a0\u00bb _builder_version=\u00a0\u00bb4.27.4&Prime; _module_preset=\u00a0\u00bbdefault\u00a0\u00bb background_color=\u00a0\u00bb#FFFFFF\u00a0\u00bb width_tablet=\u00a0\u00bb\u00a0\u00bb width_phone=\u00a0\u00bb95%\u00a0\u00bb width_last_edited=\u00a0\u00bbon|phone\u00a0\u00bb custom_padding=\u00a0\u00bb|33px||33px|false|true\u00a0\u00bb custom_padding_tablet=\u00a0\u00bb|33px||33px|false|true\u00a0\u00bb custom_padding_phone=\u00a0\u00bb|10px||10px|false|true\u00a0\u00bb global_colors_info=\u00a0\u00bb{}\u00a0\u00bb][et_pb_column type=\u00a0\u00bb4_4&Prime; _builder_version=\u00a0\u00bb4.21.0&Prime; _module_preset=\u00a0\u00bbdefault\u00a0\u00bb global_colors_info=\u00a0\u00bb{}\u00a0\u00bb][et_pb_text _builder_version=\u00a0\u00bb4.27.4&Prime; _module_preset=\u00a0\u00bbdefault\u00a0\u00bb custom_margin=\u00a0\u00bb||10px||false|false\u00a0\u00bb global_colors_info=\u00a0\u00bb{}\u00a0\u00bb]<\/p>\n<h1 class=\"uk-article-title\">Anne Aubry<\/h1>\n<p>[\/et_pb_text][et_pb_text _builder_version=\u00a0\u00bb4.27.4&Prime; _module_preset=\u00a0\u00bbdefault\u00a0\u00bb global_colors_info=\u00a0\u00bb{}\u00a0\u00bb]<\/p>\n<p><img loading=\"lazy\" decoding=\"async\" src=\"http:\/\/wptestkevin.ovh\/.Dev\/wp-content\/uploads\/2025\/03\/Anne-Aubry-Gd.png\" width=\"258\" height=\"300\" \/><\/p>\n<p style=\"text-align: justify;\"><strong><span style=\"color: #2271b1;\">Anne AUBRY<\/span><\/strong> est charg\u00e9e de mission au sein de l\u2019association\u00a0<strong><span style=\"color: #2271b1;\">R\u00e9seau culture 21<\/span><\/strong>.\u00a0Elle\u00a0est\u00a0titulaire d\u2019une Maitrise de philosophie (Universit\u00e9 Jean Moulin, Lyon III, 2003) pour laquelle elle r\u00e9dige un m\u00e9moire portant sur \u00ab\u00a0la violence et le sacr\u00e9\u00a0\u00bb, puis d\u2019un Master 2 Mention\u00a0M\u00e9diation et Construction des identit\u00e9s collectives, Sp\u00e9cialit\u00e9\u00a0Politiques sociales et d\u00e9veloppement territorial, Parcours InPACT\u00a0&#8211;\u00a0Ing\u00e9nierie de Projet, Action Communautaire et Territoires (Universit\u00e9 Jean Monnet, Saint-Etienne, 2011) pour lequel elle r\u00e9dige un m\u00e9moire portant sur les enjeux de la transmission des patrimoines culturels et des m\u00e9moires sur un quartier populaire de la Ville de Saint-Etienne.<\/p>\n<p style=\"text-align: justify;\"><strong><span style=\"color: #2271b1;\">Anne AUBRY<\/span><\/strong>\u00a0poursuit ses recherches en tant que doctorante en sociologie et anthropologie politique au Centre Max Weber (Universit\u00e9 Jean-Monnet de Saint-Etienne \u2013 Universit\u00e9 de Lyon) et\u00a0devient membre d\u2019une recherche-action intitul\u00e9e \u00ab Pratiques (inter)culturelles et institution d\u2019un patrimoine. 50 ans d\u2019activit\u00e9s au Centre Culturel \u0152cum\u00e9nique \u2013 CCO &#8211; de Villeurbanne \u00bb (2012-2015). C\u2019est au CCO, en 2012, qu\u2019elle d\u00e9couvre la D\u00e9claration des droits culturels de Fribourg et rencontre le philosophe Patrice Meyer-Bisch. Elle devient alors membre de la d\u00e9marche Paideia initi\u00e9e par R\u00e9seau Culture 21 et l\u2019Observatoire de la Diversit\u00e9 et des Droits Culturels au travers notamment la coordination d\u2019un groupe de travail sur le d\u00e9veloppement m\u00e9thodologique d\u2019observation de l\u2019effectivit\u00e9 des droits culturels dans les pratiques professionnelles et plus globalement les politiques publiques. Les travaux de ce groupe donnent notamment lieu \u00e0 l\u2019organisation d\u2019une journ\u00e9e de restitution \u00ab\u00a0R\u00e9aliser les droits culturels dans les territoires\u00a0?\u00a0\u00bb (27 mai 2014, Palais du Travail, Villeurbanne) qui suscite un vif int\u00e9r\u00eat et invite \u00e0 poursuivre les recherches dans ce domaine plus sp\u00e9cifiquement des droits culturels. C\u2019est ainsi qu\u2019<strong><span style=\"color: #2271b1;\">Anne AUBRY<\/span><\/strong>\u00a0int\u00e8gre en 2015\u00a0l&rsquo;\u00e9quipe de <strong><span style=\"color: #2271b1;\">R\u00e9seau Culture 21<\/span><\/strong> o\u00f9 elle est particuli\u00e8rement en charge de la m\u00e9thode, de l&rsquo;accompagnement des analyses et de la production de synth\u00e8ses.<\/p>\n<p style=\"text-align: justify;\"><strong><span style=\"color: #2271b1;\">R\u00e9seau culture 21<\/span><\/strong>\u00a0est compos\u00e9 de 3 personnes et d\u2019une fid\u00e8le \u00e9quipe de collaborateurs ext\u00e9rieurs. L\u2019association est conventionn\u00e9e de mani\u00e8re pluriannuelle avec le\u00a0Minist\u00e8re de la culture\u00a0depuis 2015 et avec l\u2019ANCT\u00a0depuis 2016.<\/p>\n<p style=\"text-align: justify;\"><strong><span style=\"color: #2271b1;\">R\u00e9seau culture 21<\/span><\/strong>\u00a0inscrit ses travaux dans la promotion de la diversit\u00e9 et des droits culturels dans l\u2019ensemble des politiques publiques en s\u2019appuyant sur l\u2019<em><strong>Agenda 21 de la culture<\/strong><\/em>\u00a0et la\u00a0<em><strong>D\u00e9claration de Fribourg<\/strong><\/em>. Il accompagne les collectivit\u00e9s dans un travail d\u2019ouverture de la notion de culture dans son acception la plus large, de son appropriation par les acteurs de tous champs sectoriels et de sa traduction dans les actions et les dispositifs de politiques publiques culturelles, sociales, \u00e9ducatives ou d\u2019autres domaines.<\/p>\n<p style=\"text-align: justify;\">L&rsquo;association anime ainsi de nombreuses d\u00e9marches d\u2019information et de formation visant \u00e0 promouvoir une approche transversale de la culture, fond\u00e9e sur des processus d\u00e9mocratiques et participatifs qui d\u00e9veloppent la prise en compte de la diversit\u00e9 culturelle et des droits culturels.<\/p>\n<p style=\"text-align: justify;\"><strong><span style=\"color: #2271b1;\">R\u00e9seau culture 21<\/span><\/strong>\u00a0travaille \u00e9galement \u00e0 identifier et rendre visibles les acteurs et les d\u00e9marches actives sur ces enjeux sur les territoires et favorise la coop\u00e9ration et l\u2019\u00e9change de pratiques. \u00c0 travers la promotion de d\u00e9marches participatives, il encourage les d\u00e9cloisonnements et favorise la prise en compte de la transversalit\u00e9 de la culture dans les autres politiques publiques.<\/p>\n<p style=\"text-align: justify;\">Depuis fin 2012,\u00a0<strong><span style=\"color: #2271b1;\">R\u00e9seau culture 21<\/span><\/strong>\u00a0d\u00e9veloppe, en partenariat avec l\u2019Observatoire de la diversit\u00e9 et des droits culturels\u00a0de\u00a0Fribourg, pr\u00e9sid\u00e9 par\u00a0Patrice Meyer-Bisch, la recherche-action\u00a0Paideia. Celle-ci a pour objectif d\u2019analyser collectivement comment les droits fondamentaux et en particulier les droits culturels sont pris en compte dans l\u2019ensemble des politiques de d\u00e9veloppement territorial\u00a0(culturelles, \u00e9ducatives, sociales, politique de la ville\u2026). Cette recherche s&rsquo;est d\u00e9velopp\u00e9e dans de nombreuses collectivit\u00e9s\u00a0(d\u00e9partements : Nord, Ard\u00e8che, Gironde, Territoire de Belfort, Manche, Puy-de-D\u00f4me et Allier, Ille-et-Vilaine, Essonne\u2026 &#8211; Intercommunalit\u00e9s : M\u00e9tropole de Rouen Normandie, Communaut\u00e9 urbaine de Dunkerque &#8211; Villes : Rennes, Nantes, Lyon, Saint-Denis\u2026)\u00a0avec leurs partenaires associ\u00e9s, institutions et associations. Elle se d\u00e9ploie \u00e9galement dans les r\u00e9seaux professionnels : Syndicats et f\u00e9d\u00e9rations\u00a0(les Forces musicales, Futurs compos\u00e9s, musiques actuelles, lecture publique\u2026), agences r\u00e9gionales\u00a0(spectacle vivant Auvergne Rh\u00f4ne Alpes, Normandie, Grand Est, livre et lecture Auvergne-Rh\u00f4ne Alpes, PACA, culture et sant\u00e9, musique traditionnelles\u2026), acteurs de l&rsquo;\u00e9ducation populaire\u00a0(MJC, centres sociaux, AFEV\u2026), institutions culturelles\u00a0(Op\u00e9ra de Rouen, Orchestre National d\u2019\u00cele-de-France, Palais de Tokyo\u2026), acteurs du secteur social (protection de l\u2019enfance, insertion, \u00e9cole de travail social comme l\u2019IRTS), de la politique de la ville, l\u2019urbanisme, l\u2019\u00e9ducation, la jeunesse\u00a0(cit\u00e9 \u00e9ducative, direction des coll\u00e8ges), petite enfance\u00a0(PMI, r\u00e9seaux r\u00e9gionaux jeune public\u2026)\u2026<\/p>\n<p style=\"text-align: justify;\">La d\u00e9marche de recherche-action propos\u00e9e consiste \u00e0 traduire de mani\u00e8re op\u00e9rationnelle l\u2019interpr\u00e9tation des droits culturels et des dimensions culturelles de tous les autres droits humains \u00e0 travers les analyses de pratiques des professionnels de l\u2019action territoriale. D\u00e9velopp\u00e9s par les porteurs de projets, les cas d\u2019\u00e9cole collect\u00e9s permettent de pointer les enjeux et les probl\u00e9matiques mais surtout de d\u00e9velopper des propositions pour faire \u00e9voluer les pratiques dans le sens d\u2019une meilleure prise en compte des droits fondamentaux des personnes. Cette mati\u00e8re tr\u00e8s riche a permis l\u2019\u00e9change de pratiques dans le cadre de nombreux s\u00e9minaires de travail collectif (plus de 600 journ\u00e9es de rencontres organis\u00e9es en 13 ans, de 30 \u00e0 250 participants \u00e0 chaque rencontre) et la collecte de plus de 500 cas analys\u00e9s.<\/p>\n<p style=\"text-align: justify;\">L\u2019ensemble des d\u00e9marches de recherche-action et de formation-action qui sont men\u00e9es font appel \u00e0 des m\u00e9thodes d\u2019intelligence collective et proposent un cadre impliquant et actif pour les participants. Le forum ouvert, la sociocratie, les m\u00e9thodes de co-conception, de cr\u00e9ativit\u00e9 et l\u2019analyse de pratique sont mobilis\u00e9s de mani\u00e8re permanente.<\/p>\n<p style=\"text-align: justify;\">Des recherches-actions th\u00e9matiques se d\u00e9roulent \u00e9galement dans ce cadre sur les enjeux de la cr\u00e9ation, du pouvoir d\u2019agir et des biens communs. Les th\u00e9matiques de l\u2019espace public, l\u2019\u00e9ducation, l\u2019alimentation, le soin et le travail se d\u00e9veloppent \u00e9galement de mani\u00e8re plus r\u00e9cente.<\/p>\n<p>[\/et_pb_text][\/et_pb_column][\/et_pb_row][et_pb_row column_structure=\u00a0\u00bb3_5,2_5&Prime; _builder_version=\u00a0\u00bb4.21.0&Prime; _module_preset=\u00a0\u00bbdefault\u00a0\u00bb global_colors_info=\u00a0\u00bb{}\u00a0\u00bb][et_pb_column type=\u00a0\u00bb3_5&Prime; _builder_version=\u00a0\u00bb4.21.0&Prime; _module_preset=\u00a0\u00bbdefault\u00a0\u00bb global_colors_info=\u00a0\u00bb{}\u00a0\u00bb][\/et_pb_column][et_pb_column type=\u00a0\u00bb2_5&Prime; _builder_version=\u00a0\u00bb4.21.0&Prime; _module_preset=\u00a0\u00bbdefault\u00a0\u00bb global_colors_info=\u00a0\u00bb{}\u00a0\u00bb][et_pb_text _builder_version=\u00a0\u00bb4.21.0&Prime; _module_preset=\u00a0\u00bbdefault\u00a0\u00bb text_orientation=\u00a0\u00bbcenter\u00a0\u00bb custom_padding=\u00a0\u00bb10px||10px||true|false\u00a0\u00bb border_width_all=\u00a0\u00bb1px\u00a0\u00bb border_color_all=\u00a0\u00bb#d8d8d8&Prime; global_colors_info=\u00a0\u00bb{}\u00a0\u00bb]<\/p>\n<p>[lmt-post-modified-info]<\/p>\n<p>[\/et_pb_text][\/et_pb_column][\/et_pb_row][\/et_pb_section]<\/p>\n","protected":false},"excerpt":{"rendered":"<p>Anne Aubry Anne AUBRY est charg\u00e9e de mission au sein de l\u2019association\u00a0R\u00e9seau culture 21.\u00a0Elle\u00a0est\u00a0titulaire d\u2019une Maitrise de philosophie (Universit\u00e9 Jean Moulin, Lyon III, 2003) pour laquelle elle r\u00e9dige un m\u00e9moire portant sur \u00ab\u00a0la violence et le sacr\u00e9\u00a0\u00bb, puis d\u2019un Master 2 Mention\u00a0M\u00e9diation et Construction des identit\u00e9s collectives, Sp\u00e9cialit\u00e9\u00a0Politiques sociales et d\u00e9veloppement territorial, Parcours InPACT\u00a0&#8211;\u00a0Ing\u00e9nierie de [&hellip;]<\/p>\n","protected":false},"author":1,"featured_media":0,"parent":0,"menu_order":0,"comment_status":"closed","ping_status":"closed","template":"","meta":{"_et_pb_use_builder":"on","_et_pb_old_content":"","_et_gb_content_width":"","footnotes":""},"class_list":["post-7522","page","type-page","status-publish","hentry"],"_links":{"self":[{"href":"https:\/\/wptestkevin.ovh\/.Dev\/wp-json\/wp\/v2\/pages\/7522","targetHints":{"allow":["GET"]}}],"collection":[{"href":"https:\/\/wptestkevin.ovh\/.Dev\/wp-json\/wp\/v2\/pages"}],"about":[{"href":"https:\/\/wptestkevin.ovh\/.Dev\/wp-json\/wp\/v2\/types\/page"}],"author":[{"embeddable":true,"href":"https:\/\/wptestkevin.ovh\/.Dev\/wp-json\/wp\/v2\/users\/1"}],"replies":[{"embeddable":true,"href":"https:\/\/wptestkevin.ovh\/.Dev\/wp-json\/wp\/v2\/comments?post=7522"}],"version-history":[{"count":5,"href":"https:\/\/wptestkevin.ovh\/.Dev\/wp-json\/wp\/v2\/pages\/7522\/revisions"}],"predecessor-version":[{"id":7722,"href":"https:\/\/wptestkevin.ovh\/.Dev\/wp-json\/wp\/v2\/pages\/7522\/revisions\/7722"}],"wp:attachment":[{"href":"https:\/\/wptestkevin.ovh\/.Dev\/wp-json\/wp\/v2\/media?parent=7522"}],"curies":[{"name":"wp","href":"https:\/\/api.w.org\/{rel}","templated":true}]}}