{"id":7513,"date":"2025-03-19T15:57:06","date_gmt":"2025-03-19T14:57:06","guid":{"rendered":"https:\/\/wptestkevin.ovh\/.Dev\/?page_id=7513"},"modified":"2025-04-15T11:13:13","modified_gmt":"2025-04-15T09:13:13","slug":"louise-asherson","status":"publish","type":"page","link":"https:\/\/wptestkevin.ovh\/.Dev\/louise-asherson\/","title":{"rendered":"Louise ASHERSON"},"content":{"rendered":"<p>[et_pb_section fb_built=\u00a0\u00bb1&Prime; admin_label=\u00a0\u00bbSection\u00a0\u00bb module_id=\u00a0\u00bbasherson\u00a0\u00bb _builder_version=\u00a0\u00bb4.27.4&Prime; _module_preset=\u00a0\u00bbdefault\u00a0\u00bb background_color=\u00a0\u00bb#f1f3f4&Prime; custom_margin=\u00a0\u00bb0px||0px||true|false\u00a0\u00bb custom_padding=\u00a0\u00bb0px||0px||true|false\u00a0\u00bb animation_style=\u00a0\u00bbfade\u00a0\u00bb da_popup_slug=\u00a0\u00bbasherson\u00a0\u00bb da_disable_devices=\u00a0\u00bboff|off|off\u00a0\u00bb global_colors_info=\u00a0\u00bb{}\u00a0\u00bb da_is_popup=\u00a0\u00bboff\u00a0\u00bb da_exit_intent=\u00a0\u00bboff\u00a0\u00bb da_has_close=\u00a0\u00bbon\u00a0\u00bb da_alt_close=\u00a0\u00bboff\u00a0\u00bb da_dark_close=\u00a0\u00bboff\u00a0\u00bb da_not_modal=\u00a0\u00bbon\u00a0\u00bb da_is_singular=\u00a0\u00bboff\u00a0\u00bb da_with_loader=\u00a0\u00bboff\u00a0\u00bb da_has_shadow=\u00a0\u00bbon\u00a0\u00bb][et_pb_row custom_padding_last_edited=\u00a0\u00bbon|phone\u00a0\u00bb _builder_version=\u00a0\u00bb4.27.4&Prime; _module_preset=\u00a0\u00bbdefault\u00a0\u00bb background_color=\u00a0\u00bb#FFFFFF\u00a0\u00bb width_tablet=\u00a0\u00bb\u00a0\u00bb width_phone=\u00a0\u00bb95%\u00a0\u00bb width_last_edited=\u00a0\u00bbon|phone\u00a0\u00bb custom_padding=\u00a0\u00bb|33px||33px|false|true\u00a0\u00bb custom_padding_tablet=\u00a0\u00bb\u00a0\u00bb custom_padding_phone=\u00a0\u00bb|10px||10px|false|true\u00a0\u00bb global_colors_info=\u00a0\u00bb{}\u00a0\u00bb][et_pb_column type=\u00a0\u00bb4_4&Prime; _builder_version=\u00a0\u00bb4.21.0&Prime; _module_preset=\u00a0\u00bbdefault\u00a0\u00bb global_colors_info=\u00a0\u00bb{}\u00a0\u00bb][et_pb_text _builder_version=\u00a0\u00bb4.21.0&Prime; _module_preset=\u00a0\u00bbdefault\u00a0\u00bb custom_margin=\u00a0\u00bb||10px||false|false\u00a0\u00bb global_colors_info=\u00a0\u00bb{}\u00a0\u00bb]<\/p>\n<h1>Louise Asherson<\/h1>\n<p>[\/et_pb_text][et_pb_text _builder_version=\u00a0\u00bb4.27.4&Prime; _module_preset=\u00a0\u00bbdefault\u00a0\u00bb hover_enabled=\u00a0\u00bb0&Prime; global_colors_info=\u00a0\u00bb{}\u00a0\u00bb sticky_enabled=\u00a0\u00bb0&Prime;]<\/p>\n<p style=\"text-align: justify;\"><span style=\"color: #2271b1;\"><strong>Louise ASHERSON<\/strong><\/span> est am\u00e9ricaine. Elle est n\u00e9e en Suisse mais a pass\u00e9 toute sa jeunesse sur la c\u00f4te est des Etats-Unis, entre Boston et New York, l\u00e0 o\u00f9 habite sa famille. <span style=\"color: #2271b1;\"><strong>Louise ASHERSON<\/strong><\/span> est d\u00e9sormais install\u00e9e \u00e0 Paris depuis 2000 apr\u00e8s avoir v\u00e9cu en Angleterre de nombreuses ann\u00e9es. Elle a fait ses \u00e9tudes \u00e0 l\u2019Universit\u00e9 de Sussex \u00e0 Brighton en litt\u00e9rature fran\u00e7aise et les Beaux-Arts, sculpture, \u00e0 l\u2019\u00c9cole Central Saint Martins \u00e0 Londres. <span style=\"color: #2271b1;\"><strong>Louise ASHERSON<\/strong><\/span> y a poursuivi son travail artistique personnel, sculpture, dessin, BD et d\u00e9velopp\u00e9 d\u2019autres centres d\u2019int\u00e9r\u00eat tels que le Tai Chi qu\u2019elle a enseign\u00e9 pendant plusieurs ann\u00e9es.<\/p>\n<p style=\"text-align: justify;\"><span style=\"color: #2271b1;\"><strong>Louise ASHERSON<\/strong><\/span> est passionn\u00e9e d\u2019art contemporain qu\u2019elle pratique r\u00e9guli\u00e8rement, de litt\u00e9rature, de th\u00e9\u00e2tre, de philosophie et de musique. Elle a m\u00eame suivi des cours de clavecin avant de quitter les USA pour l\u2019Europe.<\/p>\n<p style=\"text-align: justify;\">Apr\u00e8s avoir obtenu son BA de l\u2019Universit\u00e9 de Sussex <span style=\"color: #2271b1;\"><strong>Louise ASHERSON<\/strong><\/span> a travaill\u00e9 dans une agence de voyages \u00e0 Londres. Ce poste lui a permis de gagner une bonne connaissance d\u2019un milieu commercial et lui a \u00e9galement donn\u00e9 la possibilit\u00e9 de faire de nombreux voyages dans le monde, notamment en Inde, au N\u00e9pal, en Isra\u00ebl et \u00e0 Taiwan o\u00f9 elle y a pratiqu\u00e9 le Tai Chi aupr\u00e8s d\u2019un grand ma\u00eetre chinois. Suite \u00e0 son exp\u00e9rience dans le secteur des agences de voyage, <span style=\"color: #2271b1;\"><strong>Louise ASHERSON<\/strong><\/span> a travaill\u00e9 dans un cabinet de recrutement bilingue \u00e0 Londres qui lui a apport\u00e9 une vision plus internationale du monde commercial et corporate. Elle a aid\u00e9 \u00e9galement un ami \u00e0 monter une petite entreprise de visites d\u2019ateliers d\u2019artistes \u00e0 Londres. <span style=\"color: #2271b1;\"><strong>Louise ASHERSON<\/strong><\/span> a pu ainsi c\u00f4toyer de nombreux artistes \u00ab in situ \u00bb et approfondir son amour et sa connaissance de ce milieu.<\/p>\n<p style=\"text-align: justify;\">Depuis son arriv\u00e9e \u00e0 Paris, <span style=\"color: #2271b1;\"><strong>Louise ASHERSON<\/strong><\/span> intervient en tant que formatrice d\u2019anglais dans le secteur de la culture dans des th\u00e9\u00e2tres et des festivals, tels que l\u2019Od\u00e9on, l\u2019Op\u00e9ra-Comique, la Com\u00e9die Fran\u00e7aise, la Philharmonie de Paris, l\u2019Orchestre de Paris, la Cit\u00e9 de la Musique et le Festival d\u2019Automne. En raison de sa double nationalit\u00e9 et de son exp\u00e9rience sur 2 continents, <span style=\"color: #2271b1;\"><strong>Louise ASHERSON<\/strong><\/span> est tr\u00e8s au courant de toute l\u2019actualit\u00e9 culturelle, que ce soit en France, en Grande-Bretagne, aux Etats-Unis ou encore dans d\u2019autres pays europ\u00e9ens.<\/p>\n<p style=\"text-align: justify;\"><span style=\"color: #2271b1;\"><strong>Louise ASHERSON <\/strong><\/span>travaille de fa\u00e7on tr\u00e8s personnalis\u00e9e, ax\u00e9e sur les besoins professionnels et personnels ainsi que sur les niveaux de chaque stagiaire.<\/p>\n<p>[\/et_pb_text][\/et_pb_column][\/et_pb_row][et_pb_row column_structure=\u00a0\u00bb3_5,2_5&Prime; _builder_version=\u00a0\u00bb4.21.0&Prime; _module_preset=\u00a0\u00bbdefault\u00a0\u00bb global_colors_info=\u00a0\u00bb{}\u00a0\u00bb][et_pb_column type=\u00a0\u00bb3_5&Prime; _builder_version=\u00a0\u00bb4.21.0&Prime; _module_preset=\u00a0\u00bbdefault\u00a0\u00bb global_colors_info=\u00a0\u00bb{}\u00a0\u00bb][\/et_pb_column][et_pb_column type=\u00a0\u00bb2_5&Prime; _builder_version=\u00a0\u00bb4.21.0&Prime; _module_preset=\u00a0\u00bbdefault\u00a0\u00bb global_colors_info=\u00a0\u00bb{}\u00a0\u00bb][et_pb_text _builder_version=\u00a0\u00bb4.21.0&Prime; _module_preset=\u00a0\u00bbdefault\u00a0\u00bb text_orientation=\u00a0\u00bbcenter\u00a0\u00bb custom_padding=\u00a0\u00bb10px||10px||true|false\u00a0\u00bb border_width_all=\u00a0\u00bb1px\u00a0\u00bb border_color_all=\u00a0\u00bb#d8d8d8&Prime; global_colors_info=\u00a0\u00bb{}\u00a0\u00bb]<\/p>\n<p>[lmt-post-modified-info]<\/p>\n<p>[\/et_pb_text][\/et_pb_column][\/et_pb_row][\/et_pb_section]<\/p>\n","protected":false},"excerpt":{"rendered":"<p>Louise AshersonLouise ASHERSON est am\u00e9ricaine. Elle est n\u00e9e en Suisse mais a pass\u00e9 toute sa jeunesse sur la c\u00f4te est des Etats-Unis, entre Boston et New York, l\u00e0 o\u00f9 habite sa famille. Louise ASHERSON est d\u00e9sormais install\u00e9e \u00e0 Paris depuis 2000 apr\u00e8s avoir v\u00e9cu en Angleterre de nombreuses ann\u00e9es. Elle a fait ses \u00e9tudes \u00e0 [&hellip;]<\/p>\n","protected":false},"author":1,"featured_media":0,"parent":0,"menu_order":0,"comment_status":"closed","ping_status":"closed","template":"","meta":{"_et_pb_use_builder":"on","_et_pb_old_content":"","_et_gb_content_width":"","footnotes":""},"class_list":["post-7513","page","type-page","status-publish","hentry"],"_links":{"self":[{"href":"https:\/\/wptestkevin.ovh\/.Dev\/wp-json\/wp\/v2\/pages\/7513","targetHints":{"allow":["GET"]}}],"collection":[{"href":"https:\/\/wptestkevin.ovh\/.Dev\/wp-json\/wp\/v2\/pages"}],"about":[{"href":"https:\/\/wptestkevin.ovh\/.Dev\/wp-json\/wp\/v2\/types\/page"}],"author":[{"embeddable":true,"href":"https:\/\/wptestkevin.ovh\/.Dev\/wp-json\/wp\/v2\/users\/1"}],"replies":[{"embeddable":true,"href":"https:\/\/wptestkevin.ovh\/.Dev\/wp-json\/wp\/v2\/comments?post=7513"}],"version-history":[{"count":8,"href":"https:\/\/wptestkevin.ovh\/.Dev\/wp-json\/wp\/v2\/pages\/7513\/revisions"}],"predecessor-version":[{"id":8679,"href":"https:\/\/wptestkevin.ovh\/.Dev\/wp-json\/wp\/v2\/pages\/7513\/revisions\/8679"}],"wp:attachment":[{"href":"https:\/\/wptestkevin.ovh\/.Dev\/wp-json\/wp\/v2\/media?parent=7513"}],"curies":[{"name":"wp","href":"https:\/\/api.w.org\/{rel}","templated":true}]}}