{"id":7497,"date":"2025-03-19T15:46:50","date_gmt":"2025-03-19T14:46:50","guid":{"rendered":"https:\/\/wptestkevin.ovh\/.Dev\/?page_id=7497"},"modified":"2025-03-25T09:17:09","modified_gmt":"2025-03-25T08:17:09","slug":"vincent-adelus","status":"publish","type":"page","link":"https:\/\/wptestkevin.ovh\/.Dev\/vincent-adelus\/","title":{"rendered":"Vincent ADELUS"},"content":{"rendered":"<p>[et_pb_section fb_built=\u00a0\u00bb1&Prime; admin_label=\u00a0\u00bbSection\u00a0\u00bb module_id=\u00a0\u00bbadelus\u00a0\u00bb _builder_version=\u00a0\u00bb4.27.4&Prime; _module_preset=\u00a0\u00bbdefault\u00a0\u00bb background_color=\u00a0\u00bb#f1f3f4&Prime; custom_margin=\u00a0\u00bb0px||0px||true|false\u00a0\u00bb custom_padding=\u00a0\u00bb0px||0px||true|false\u00a0\u00bb hover_enabled=\u00a0\u00bb0&Prime; da_popup_slug=\u00a0\u00bbadelus\u00a0\u00bb da_disable_devices=\u00a0\u00bboff|off|off\u00a0\u00bb global_colors_info=\u00a0\u00bb{}\u00a0\u00bb animation_style=\u00a0\u00bbfade\u00a0\u00bb sticky_enabled=\u00a0\u00bb0&Prime; da_is_popup=\u00a0\u00bboff\u00a0\u00bb da_exit_intent=\u00a0\u00bboff\u00a0\u00bb da_has_close=\u00a0\u00bbon\u00a0\u00bb da_alt_close=\u00a0\u00bboff\u00a0\u00bb da_dark_close=\u00a0\u00bboff\u00a0\u00bb da_not_modal=\u00a0\u00bbon\u00a0\u00bb da_is_singular=\u00a0\u00bboff\u00a0\u00bb da_with_loader=\u00a0\u00bboff\u00a0\u00bb da_has_shadow=\u00a0\u00bbon\u00a0\u00bb][et_pb_row custom_padding_last_edited=\u00a0\u00bbon|phone\u00a0\u00bb _builder_version=\u00a0\u00bb4.27.4&Prime; _module_preset=\u00a0\u00bbdefault\u00a0\u00bb background_color=\u00a0\u00bb#FFFFFF\u00a0\u00bb width_tablet=\u00a0\u00bb\u00a0\u00bb width_phone=\u00a0\u00bb95%\u00a0\u00bb width_last_edited=\u00a0\u00bbon|phone\u00a0\u00bb custom_padding=\u00a0\u00bb|33px||33px|false|true\u00a0\u00bb custom_padding_tablet=\u00a0\u00bb\u00a0\u00bb custom_padding_phone=\u00a0\u00bb|10px||10px|false|true\u00a0\u00bb global_colors_info=\u00a0\u00bb{}\u00a0\u00bb][et_pb_column type=\u00a0\u00bb4_4&Prime; _builder_version=\u00a0\u00bb4.21.0&Prime; _module_preset=\u00a0\u00bbdefault\u00a0\u00bb global_colors_info=\u00a0\u00bb{}\u00a0\u00bb][et_pb_text _builder_version=\u00a0\u00bb4.21.0&Prime; _module_preset=\u00a0\u00bbdefault\u00a0\u00bb custom_margin=\u00a0\u00bb||10px||false|false\u00a0\u00bb global_colors_info=\u00a0\u00bb{}\u00a0\u00bb]<\/p>\n<h1>Vincent Adelus<\/h1>\n<p>[\/et_pb_text][et_pb_text _builder_version=\u00a0\u00bb4.25.2&Prime; _module_preset=\u00a0\u00bbdefault\u00a0\u00bb text_orientation=\u00a0\u00bbjustified\u00a0\u00bb global_colors_info=\u00a0\u00bb{}\u00a0\u00bb]<\/p>\n<p><img loading=\"lazy\" decoding=\"async\" class=\"wp-image-4320 alignnone size-full\" src=\"http:\/\/wptestkevin.ovh\/.Dev\/wp-content\/uploads\/2024\/06\/v-adelus.jpg\" alt=\"\" width=\"180\" height=\"120\" \/><\/p>\n<p>Professionnel du spectacle vivant, <span style=\"color: #2271b1;\"><strong>Vincent ADELUS<\/strong><\/span> poursuit un parcours original qui l\u2019a conduit \u00e0 travailler pour une grande diversit\u00e9 de structures en France et en Europe.<\/p>\n<p>Dans les ann\u00e9es Lang il a altern\u00e9 des ann\u00e9es de compagnie avec Claude R\u00e9gy, Val\u00e8re Novarina et Philippe Decoufl\u00e9, puis des structures et des institutions, en rejoignant Jean Claude Fall au Th\u00e9\u00e2tre de la Bastille en 1987 puis au TGP de Saint Denis comme directeur adjoint.<\/p>\n<p><span style=\"color: #2271b1;\"><strong>Vincent ADELUS<\/strong><\/span> a ensuite ouvert en 1995 le Bureau du Th\u00e9\u00e2tre \u00e0 Berlin au sein du r\u00e9seau des Instituts Fran\u00e7ais, o\u00f9 il a d\u00e9velopp\u00e9 les relations professionnelles entre la France et l\u2019Allemagne de 1995 \u00e0 2000, avec entre autres Thomas Ostermeier et St\u00e9phane Braunschweig. Il y a \u0153uvr\u00e9 en particulier en direction des \u00e9critures dramatiques francophones avec la publication de <em>Sc\u00e8nes<\/em> et la cr\u00e9ation des bourses de traduction <em>Theatertransfer<\/em>.<\/p>\n<p><span style=\"color: #2271b1;\"><strong>Vincent ADELUS<\/strong><\/span> a codirig\u00e9 avec Laurent Gutmann puis Jean Boillot le CDN de Thionville pendant sept ann\u00e9es \u00e0 partir de 2004, en y menant un important de travail de structuration institutionnelle. Il y a cr\u00e9\u00e9 les <em>Plateaux lorrains<\/em> en direction des compagnies r\u00e9gionales.<\/p>\n<p>A partir d\u2019une exp\u00e9rience internationale acquise notamment en Italie, en Allemagne, en Belgique et au Luxembourg, il a mont\u00e9 plusieurs projets europ\u00e9ens depuis 2005 dans les programmes Culture, Interreg, Leonardo et Europe Cr\u00e9ative. C\u2019est en cette direction qu\u2019il a travaill\u00e9 avec Frank Feitler pour les Th\u00e9\u00e2tres de la Ville de Luxembourg, Olivier Mant\u00e9i pour les Bouffes du Nord et C\u00e9cile Back\u00e8s pour la Com\u00e9die de B\u00e9thune.<\/p>\n<p>Sa polyvalence entre direction et administration, comme entre les champs artistiques du spectacle vivant, a amen\u00e9 le Minist\u00e8re de la Culture \u00e0 le missionner pour des int\u00e9rims de direction d\u00e9licats, successivement au CDN de Besan\u00e7on en 2013 et au CCN de Belfort en 2014.<\/p>\n<p>Responsable de formation \u00e0 l\u2019Observatoire des Politiques Culturelles entre 2001 et 2003,<span style=\"color: #2271b1;\"> <strong>Vincent ADELUS<\/strong><\/span> consacre une part croissante de son activit\u00e9 \u00e0 la formation, pour l\u2019AGECIF, le CNFPT et l\u2019Universit\u00e9. Ses domaines d\u2019intervention sont les politiques culturelles et l\u2019environnement de la culture, la direction de projets culturels et artistiques, la gestion et l\u2019administration culturelles. Il anime le forum &lsquo;<em>Culture et Territoire<\/em>&lsquo; du CNFPT depuis son ouverture.<\/p>\n<p>Pour compl\u00e9ter ses comp\u00e9tences dans le domaine de la formation des adultes, il a obtenu un DU \u00ab\u00a0<em>Responsable de Formation &#8211; Expert en Gestion des Parcours et des Comp\u00e9tences<\/em>\u00a0\u00bb aupr\u00e8s de l&rsquo;Universit\u00e9 de Lorraine en 2017. Son m\u00e9moire a port\u00e9 sur la question de l&rsquo;\u00e9valuation dans la formation, en France et au Luxembourg, et s&rsquo;intitule \u00ab\u00a0<em>Le marin et le b\u00fbcheron : estimer ou mesurer<\/em>\u00ab\u00a0.<\/p>\n<p>Il intervient depuis comme formateur dans les domaines de la culture et de l&rsquo;expression orale aupr\u00e8s d&rsquo;organismes comme le CNFPT et l&rsquo;INET. Dans cette optique il d\u00e9veloppe aujourd&rsquo;hui la m\u00e9thode du &lsquo;<em>Feedback artistique<\/em>&lsquo; en direction du public, des artistes et des professionnels, des entreprises.<\/p>\n<p>Par ailleurs <span style=\"color: #2271b1;\"><strong>Vincent ADELUS<\/strong><\/span> m\u00e8ne depuis 1998 une activit\u00e9 de dramaturge et de lecteur avec l\u2019association Des Chaises, un Texte. Il a tenu le r\u00f4le du &lsquo;Haushofmeister&rsquo; dans <em>Ariadne auf Naxos<\/em> de Richard Strauss, \u00e0 l\u2019Op\u00e9ra Th\u00e9\u00e2tre de Metz en 2008. Il a invent\u00e9 le concept du &lsquo;Th\u00e9\u00e2tre d\u2019exposition&rsquo; avec Les <em>Villes Invisibles<\/em> au Centre d&rsquo;Art Faux Mouvement \u00e0 Metz en 2007.<\/p>\n<p>Depuis 2016 il expose ses sculptures. Il est aussi trufficulteur (<em>Tuber uncinatum<\/em>) en Lorraine.<\/p>\n<p>[\/et_pb_text][\/et_pb_column][\/et_pb_row][et_pb_row column_structure=\u00a0\u00bb3_5,2_5&Prime; _builder_version=\u00a0\u00bb4.21.0&Prime; _module_preset=\u00a0\u00bbdefault\u00a0\u00bb global_colors_info=\u00a0\u00bb{}\u00a0\u00bb][et_pb_column type=\u00a0\u00bb3_5&Prime; _builder_version=\u00a0\u00bb4.21.0&Prime; _module_preset=\u00a0\u00bbdefault\u00a0\u00bb global_colors_info=\u00a0\u00bb{}\u00a0\u00bb][\/et_pb_column][et_pb_column type=\u00a0\u00bb2_5&Prime; _builder_version=\u00a0\u00bb4.21.0&Prime; _module_preset=\u00a0\u00bbdefault\u00a0\u00bb global_colors_info=\u00a0\u00bb{}\u00a0\u00bb][et_pb_text _builder_version=\u00a0\u00bb4.21.0&Prime; _module_preset=\u00a0\u00bbdefault\u00a0\u00bb text_orientation=\u00a0\u00bbcenter\u00a0\u00bb custom_padding=\u00a0\u00bb10px||10px||true|false\u00a0\u00bb border_width_all=\u00a0\u00bb1px\u00a0\u00bb border_color_all=\u00a0\u00bb#d8d8d8&Prime; global_colors_info=\u00a0\u00bb{}\u00a0\u00bb]<\/p>\n<p>[lmt-post-modified-info]<\/p>\n<p>[\/et_pb_text][\/et_pb_column][\/et_pb_row][\/et_pb_section]<\/p>\n","protected":false},"excerpt":{"rendered":"<p>Vincent Adelus Professionnel du spectacle vivant, Vincent ADELUS poursuit un parcours original qui l\u2019a conduit \u00e0 travailler pour une grande diversit\u00e9 de structures en France et en Europe. Dans les ann\u00e9es Lang il a altern\u00e9 des ann\u00e9es de compagnie avec Claude R\u00e9gy, Val\u00e8re Novarina et Philippe Decoufl\u00e9, puis des structures et des institutions, en rejoignant [&hellip;]<\/p>\n","protected":false},"author":1,"featured_media":0,"parent":0,"menu_order":0,"comment_status":"closed","ping_status":"closed","template":"","meta":{"_et_pb_use_builder":"on","_et_pb_old_content":"","_et_gb_content_width":"","footnotes":""},"class_list":["post-7497","page","type-page","status-publish","hentry"],"_links":{"self":[{"href":"https:\/\/wptestkevin.ovh\/.Dev\/wp-json\/wp\/v2\/pages\/7497","targetHints":{"allow":["GET"]}}],"collection":[{"href":"https:\/\/wptestkevin.ovh\/.Dev\/wp-json\/wp\/v2\/pages"}],"about":[{"href":"https:\/\/wptestkevin.ovh\/.Dev\/wp-json\/wp\/v2\/types\/page"}],"author":[{"embeddable":true,"href":"https:\/\/wptestkevin.ovh\/.Dev\/wp-json\/wp\/v2\/users\/1"}],"replies":[{"embeddable":true,"href":"https:\/\/wptestkevin.ovh\/.Dev\/wp-json\/wp\/v2\/comments?post=7497"}],"version-history":[{"count":6,"href":"https:\/\/wptestkevin.ovh\/.Dev\/wp-json\/wp\/v2\/pages\/7497\/revisions"}],"predecessor-version":[{"id":7720,"href":"https:\/\/wptestkevin.ovh\/.Dev\/wp-json\/wp\/v2\/pages\/7497\/revisions\/7720"}],"wp:attachment":[{"href":"https:\/\/wptestkevin.ovh\/.Dev\/wp-json\/wp\/v2\/media?parent=7497"}],"curies":[{"name":"wp","href":"https:\/\/api.w.org\/{rel}","templated":true}]}}