{"id":7139,"date":"2025-03-10T16:28:28","date_gmt":"2025-03-10T15:28:28","guid":{"rendered":"https:\/\/wptestkevin.ovh\/.Dev\/?page_id=7139"},"modified":"2025-03-25T17:25:05","modified_gmt":"2025-03-25T16:25:05","slug":"les-objectifs-de-formation","status":"publish","type":"page","link":"https:\/\/wptestkevin.ovh\/.Dev\/les-objectifs-de-formation\/","title":{"rendered":"Les objectifs de formation"},"content":{"rendered":"<p>[et_pb_section fb_built=\u00a0\u00bb1&Prime; _builder_version=\u00a0\u00bb4.21.0&Prime; _module_preset=\u00a0\u00bbdefault\u00a0\u00bb background_color=\u00a0\u00bbgcid-0429de00-debb-4ba4-bbe8-f1178a68dceb\u00a0\u00bb custom_margin=\u00a0\u00bb0px||0px||false|false\u00a0\u00bb custom_padding=\u00a0\u00bb0px||0px||false|false\u00a0\u00bb animation_style=\u00a0\u00bbfade\u00a0\u00bb da_disable_devices=\u00a0\u00bboff|off|off\u00a0\u00bb global_colors_info=\u00a0\u00bb{%22gcid-0429de00-debb-4ba4-bbe8-f1178a68dceb%22:%91%22background_color%22%93}\u00a0\u00bb da_is_popup=\u00a0\u00bboff\u00a0\u00bb da_exit_intent=\u00a0\u00bboff\u00a0\u00bb da_has_close=\u00a0\u00bbon\u00a0\u00bb da_alt_close=\u00a0\u00bboff\u00a0\u00bb da_dark_close=\u00a0\u00bboff\u00a0\u00bb da_not_modal=\u00a0\u00bbon\u00a0\u00bb da_is_singular=\u00a0\u00bboff\u00a0\u00bb da_with_loader=\u00a0\u00bboff\u00a0\u00bb da_has_shadow=\u00a0\u00bbon\u00a0\u00bb][et_pb_row use_custom_gutter=\u00a0\u00bbon\u00a0\u00bb gutter_width=\u00a0\u00bb1&Prime; make_equal=\u00a0\u00bbon\u00a0\u00bb custom_padding_last_edited=\u00a0\u00bbon|phone\u00a0\u00bb _builder_version=\u00a0\u00bb4.27.3&Prime; _module_preset=\u00a0\u00bbdefault\u00a0\u00bb background_color=\u00a0\u00bb#FFFFFF\u00a0\u00bb background_image=\u00a0\u00bbhttp:\/\/wptestkevin.ovh\/.Dev\/wp-content\/uploads\/2024\/11\/capucine-cut3.jpg\u00a0\u00bb z_index=\u00a0\u00bb5&Prime; width=\u00a0\u00bb100%\u00a0\u00bb max_width=\u00a0\u00bb100%\u00a0\u00bb custom_margin=\u00a0\u00bb0px|0px||0px|false|false\u00a0\u00bb custom_padding=\u00a0\u00bb50px|0px|50px|0px|false|true\u00a0\u00bb custom_padding_tablet=\u00a0\u00bb\u00a0\u00bb custom_padding_phone=\u00a0\u00bb|10px||10px|false|true\u00a0\u00bb global_colors_info=\u00a0\u00bb{}\u00a0\u00bb][et_pb_column type=\u00a0\u00bb4_4&Prime; _builder_version=\u00a0\u00bb4.19.0&Prime; _module_preset=\u00a0\u00bbdefault\u00a0\u00bb global_colors_info=\u00a0\u00bb{}\u00a0\u00bb][et_pb_text _builder_version=\u00a0\u00bb4.21.0&Prime; _module_preset=\u00a0\u00bbdefault\u00a0\u00bb custom_margin=\u00a0\u00bb||25px||false|false\u00a0\u00bb global_colors_info=\u00a0\u00bb{}\u00a0\u00bb]<\/p>\n<h2 style=\"text-align: center;\"><span style=\"color: #ffffff;\">Trouvez rapidement votre formation gr\u00e2ce \u00e0 la recherche par th\u00e8mes<\/span><\/h2>\n<p style=\"text-align: center;\"><span style=\"color: #ffffff;\">exemple : handicap, VHSS, droit d&rsquo;auteur, RSE, sobri\u00e9t\u00e9 \u00e9nerg\u00e9tique, communication, m\u00e9diation artistique, etc&#8230;<\/span><\/p>\n<p>[\/et_pb_text][et_pb_code _builder_version=\u00a0\u00bb4.19.0&Prime; _module_preset=\u00a0\u00bbdefault\u00a0\u00bb z_index=\u00a0\u00bb0&Prime; custom_padding=\u00a0\u00bb|0px||0px|false|true\u00a0\u00bb global_colors_info=\u00a0\u00bb{}\u00a0\u00bb]<!-- Start of Site Search 360 Search Box --><\/p>\n<section role=\"search\" data-ss360=\"true\">   <input type=\"search\" id=\"searchBox\" placeholder=\"Search\u2026\">   <button id=\"searchButton\"><\/button><\/section>\n<p><!-- End of Site Search 360 Search Box -->[\/et_pb_code][\/et_pb_column][\/et_pb_row][et_pb_row custom_padding_last_edited=\u00a0\u00bbon|phone\u00a0\u00bb _builder_version=\u00a0\u00bb4.27.3&Prime; _module_preset=\u00a0\u00bbdefault\u00a0\u00bb background_color=\u00a0\u00bb#FFFFFF\u00a0\u00bb width_tablet=\u00a0\u00bb\u00a0\u00bb width_phone=\u00a0\u00bb95%\u00a0\u00bb width_last_edited=\u00a0\u00bbon|phone\u00a0\u00bb custom_margin=\u00a0\u00bb30px||||false|true\u00a0\u00bb custom_padding=\u00a0\u00bb20px|33px||33px|false|true\u00a0\u00bb custom_padding_tablet=\u00a0\u00bb20px|33px||33px|false|true\u00a0\u00bb custom_padding_phone=\u00a0\u00bb|10px||10px|false|true\u00a0\u00bb global_colors_info=\u00a0\u00bb{}\u00a0\u00bb][et_pb_column type=\u00a0\u00bb4_4&Prime; _builder_version=\u00a0\u00bb4.19.0&Prime; _module_preset=\u00a0\u00bbdefault\u00a0\u00bb global_colors_info=\u00a0\u00bb{}\u00a0\u00bb][et_pb_text _builder_version=\u00a0\u00bb4.27.4&Prime; _module_preset=\u00a0\u00bbdefault\u00a0\u00bb global_colors_info=\u00a0\u00bb{}\u00a0\u00bb]<\/p>\n<h1>Les objectifs de formation<\/h1>\n<p>[\/et_pb_text][\/et_pb_column][\/et_pb_row][et_pb_row column_structure=\u00a0\u00bb3_4,1_4&Prime; custom_padding_last_edited=\u00a0\u00bbon|phone\u00a0\u00bb _builder_version=\u00a0\u00bb4.27.3&Prime; _module_preset=\u00a0\u00bbdefault\u00a0\u00bb background_color=\u00a0\u00bb#FFFFFF\u00a0\u00bb width_tablet=\u00a0\u00bb\u00a0\u00bb width_phone=\u00a0\u00bb95%\u00a0\u00bb width_last_edited=\u00a0\u00bbon|phone\u00a0\u00bb custom_margin=\u00a0\u00bb-55px||||false|false\u00a0\u00bb custom_padding=\u00a0\u00bb|33px||33px|false|true\u00a0\u00bb custom_padding_tablet=\u00a0\u00bb|33px||33px|false|true\u00a0\u00bb custom_padding_phone=\u00a0\u00bb|10px||10px|false|true\u00a0\u00bb global_colors_info=\u00a0\u00bb{}\u00a0\u00bb][et_pb_column type=\u00a0\u00bb3_4&Prime; _builder_version=\u00a0\u00bb4.19.0&Prime; _module_preset=\u00a0\u00bbdefault\u00a0\u00bb global_colors_info=\u00a0\u00bb{}\u00a0\u00bb][et_pb_text _builder_version=\u00a0\u00bb4.27.4&Prime; _module_preset=\u00a0\u00bbdefault\u00a0\u00bb hover_enabled=\u00a0\u00bb0&Prime; global_colors_info=\u00a0\u00bb{}\u00a0\u00bb sticky_enabled=\u00a0\u00bb0&Prime;]<\/p>\n<p style=\"text-align: justify;\"><span style=\"color: #2271b1;\"><strong>Une \u00e9quipe professionnelle permanente<br \/><\/strong><\/span><\/p>\n<p style=\"text-align: justify;\">Les formations de l&rsquo;AGECIF ont pour objectif de renforcer l&#8217;employabilit\u00e9 des personnes et de s\u00e9curiser leur parcours professionnel en renfor\u00e7ant leurs comp\u00e9tences et en assurant leur adaptation aux \u00e9volutions de leur univers professionnel.<\/p>\n<p>Elles permettent aux participants, \u00e9quipes et entreprises :<\/p>\n<p style=\"text-align: justify;\">&#8211; <span style=\"color: #2271b1;\">de s&rsquo;adapter aux mutations<\/span> techniques et changements r\u00e9glementaires intervenus dans leurs m\u00e9tiers<br \/>&#8211; <span style=\"color: #2271b1;\">d&rsquo;\u00e9largir leur champ de connaissances<\/span> et faciliter leurs perspectives d&rsquo;\u00e9volution en interne ou en externe<br \/>&#8211; <span style=\"color: #2271b1;\">de d\u00e9velopper des comp\u00e9tences collectives<\/span> afin de renforcer la performance globale des \u00e9quipes et des structures<br \/>&#8211; <span style=\"color: #2271b1;\">de d\u00e9velopper ou<\/span> <span style=\"color: #2271b1;\">de maintenir l\u2019emploi<\/span><br \/>&#8211; <span style=\"color: #2271b1;\">de poursuivre leurs objectifs<\/span><\/p>\n<p>Elles permettent aux participants :<\/p>\n<p style=\"text-align: justify;\">&#8211;\u00a0<span style=\"color: #2271b1;\">de d\u00e9velopper des comp\u00e9tences<\/span> en rapport avec leur poste actuel ou futur<br \/>&#8211;\u00a0<span style=\"color: #2271b1;\">de transf\u00e9rer les comp\u00e9tences acquises<\/span> en formation en situation de travail<br \/>&#8211;\u00a0<span style=\"color: #2271b1;\">d&rsquo;actualiser leurs connaissances<\/span>, le monde \u00e9volue si vite<br \/>&#8211;\u00a0<span style=\"color: #2271b1;\">d&rsquo;innover dans leurs pratiques<\/span> par un regard aiguis\u00e9<br \/>&#8211;\u00a0<span style=\"color: #2271b1;\">d&rsquo;acc\u00e9l\u00e9rer leurs exp\u00e9riences<\/span> par l\u2019aquisition de savoir-faire nouveaux<br \/>&#8211; <span style=\"color: #2271b1;\">de veiller au maintien de leur capacit\u00e9<\/span> \u00e0 occuper un emploi<\/p>\n<p>[\/et_pb_text][et_pb_text _builder_version=\u00a0\u00bb4.27.4&Prime; _module_preset=\u00a0\u00bbdefault\u00a0\u00bb hover_enabled=\u00a0\u00bb0&Prime; global_colors_info=\u00a0\u00bb{}\u00a0\u00bb sticky_enabled=\u00a0\u00bb0&Prime;]<\/p>\n<p style=\"text-align: justify;\"><span style=\"color: #2271b1;\"><strong>FEST \u2013 Former et se former en situation de travail<\/strong><\/span><\/p>\n<p style=\"text-align: justify;\">A l\u2019AGECIF, nous avons une forte conscience qu\u2019une personne form\u00e9e <span style=\"color: #2271b1;\">irrigue, par ses connaissances, ses m\u00e9thodes et ses savoir-faire nouvellement acquis, une \u00e9quipe, une entreprise, voire un territoire, un pays<\/span>. Nos m\u00e9thodes p\u00e9dagogiques, orient\u00e9es sur le rapport qu\u2019entretient le participant \u00e0 l\u2019apprentissage et \u00e0 la connaissance, favorisent la transmission de pairs \u00e0 pairs \u00e0 l\u2019issue de la formation, mais aussi lui permettent de d\u00e9velopper son propre \u00ab capital cognitif \u00bb, sa capacit\u00e9 \u00e0 apprendre en permanence.<\/p>\n<p style=\"text-align: justify;\">Par sa programmation importante et l&rsquo;organisation des sessions de formations, l&rsquo;AGECIF permet <span style=\"color: #2271b1;\">de personnaliser et <\/span><span style=\"color: #2271b1;\">d&rsquo;individualiser les parcours de formation.<\/span><\/p>\n<p style=\"text-align: justify;\">A l&rsquo;AGECIF, une \u00e9quipe permanente de 5 personnes d\u00e9di\u00e9es est \u00e0 l&rsquo;\u00e9coute des besoins des salari\u00e9s comme des employeurs pour conseiller un parcours de formations adapt\u00e9 \u00e0 chaque situation.<\/p>\n<p>[\/et_pb_text][\/et_pb_column][et_pb_column type=\u00a0\u00bb1_4&Prime; _builder_version=\u00a0\u00bb4.19.0&Prime; _module_preset=\u00a0\u00bbdefault\u00a0\u00bb global_colors_info=\u00a0\u00bb{}\u00a0\u00bb][et_pb_image src=\u00a0\u00bbhttp:\/\/wptestkevin.ovh\/.Dev\/wp-content\/uploads\/2023\/07\/Le_Point_Statista2.png\u00a0\u00bb title_text=\u00a0\u00bbLe_Point_Statista2&Prime; align=\u00a0\u00bbcenter\u00a0\u00bb _builder_version=\u00a0\u00bb4.27.3&Prime; _module_preset=\u00a0\u00bbdefault\u00a0\u00bb global_colors_info=\u00a0\u00bb{}\u00a0\u00bb][\/et_pb_image][\/et_pb_column][\/et_pb_row][et_pb_row column_structure=\u00a0\u00bb3_5,2_5&Prime; _builder_version=\u00a0\u00bb4.21.0&Prime; _module_preset=\u00a0\u00bbdefault\u00a0\u00bb global_colors_info=\u00a0\u00bb{}\u00a0\u00bb][et_pb_column type=\u00a0\u00bb3_5&Prime; _builder_version=\u00a0\u00bb4.21.0&Prime; _module_preset=\u00a0\u00bbdefault\u00a0\u00bb global_colors_info=\u00a0\u00bb{}\u00a0\u00bb][\/et_pb_column][et_pb_column type=\u00a0\u00bb2_5&Prime; _builder_version=\u00a0\u00bb4.21.0&Prime; _module_preset=\u00a0\u00bbdefault\u00a0\u00bb global_colors_info=\u00a0\u00bb{}\u00a0\u00bb][et_pb_text _builder_version=\u00a0\u00bb4.21.0&Prime; _module_preset=\u00a0\u00bbdefault\u00a0\u00bb text_orientation=\u00a0\u00bbcenter\u00a0\u00bb custom_padding=\u00a0\u00bb10px||10px||true|false\u00a0\u00bb border_width_all=\u00a0\u00bb1px\u00a0\u00bb border_color_all=\u00a0\u00bb#d8d8d8&Prime; global_colors_info=\u00a0\u00bb{}\u00a0\u00bb]<\/p>\n<p>[lmt-post-modified-info]<\/p>\n<p>[\/et_pb_text][\/et_pb_column][\/et_pb_row][\/et_pb_section]<\/p>\n","protected":false},"excerpt":{"rendered":"<p>Trouvez rapidement votre formation gr\u00e2ce \u00e0 la recherche par th\u00e8mes exemple : handicap, VHSS, droit d&rsquo;auteur, RSE, sobri\u00e9t\u00e9 \u00e9nerg\u00e9tique, communication, m\u00e9diation artistique, etc&#8230;Les objectifs de formationUne \u00e9quipe professionnelle permanente Les formations de l&rsquo;AGECIF ont pour objectif de renforcer l&#8217;employabilit\u00e9 des personnes et de s\u00e9curiser leur parcours professionnel en renfor\u00e7ant leurs comp\u00e9tences et en assurant leur [&hellip;]<\/p>\n","protected":false},"author":1,"featured_media":0,"parent":0,"menu_order":0,"comment_status":"closed","ping_status":"closed","template":"","meta":{"_et_pb_use_builder":"on","_et_pb_old_content":"","_et_gb_content_width":"","footnotes":""},"class_list":["post-7139","page","type-page","status-publish","hentry"],"_links":{"self":[{"href":"https:\/\/wptestkevin.ovh\/.Dev\/wp-json\/wp\/v2\/pages\/7139","targetHints":{"allow":["GET"]}}],"collection":[{"href":"https:\/\/wptestkevin.ovh\/.Dev\/wp-json\/wp\/v2\/pages"}],"about":[{"href":"https:\/\/wptestkevin.ovh\/.Dev\/wp-json\/wp\/v2\/types\/page"}],"author":[{"embeddable":true,"href":"https:\/\/wptestkevin.ovh\/.Dev\/wp-json\/wp\/v2\/users\/1"}],"replies":[{"embeddable":true,"href":"https:\/\/wptestkevin.ovh\/.Dev\/wp-json\/wp\/v2\/comments?post=7139"}],"version-history":[{"count":14,"href":"https:\/\/wptestkevin.ovh\/.Dev\/wp-json\/wp\/v2\/pages\/7139\/revisions"}],"predecessor-version":[{"id":7914,"href":"https:\/\/wptestkevin.ovh\/.Dev\/wp-json\/wp\/v2\/pages\/7139\/revisions\/7914"}],"wp:attachment":[{"href":"https:\/\/wptestkevin.ovh\/.Dev\/wp-json\/wp\/v2\/media?parent=7139"}],"curies":[{"name":"wp","href":"https:\/\/api.w.org\/{rel}","templated":true}]}}