{"id":687,"date":"2023-07-18T17:30:43","date_gmt":"2023-07-18T15:30:43","guid":{"rendered":"http:\/\/wptestkevin.ovh\/.Dev\/?page_id=687"},"modified":"2025-04-03T11:58:01","modified_gmt":"2025-04-03T09:58:01","slug":"lencatc","status":"publish","type":"page","link":"https:\/\/wptestkevin.ovh\/.Dev\/lencatc\/","title":{"rendered":"L&rsquo;ENCATC"},"content":{"rendered":"<p>[et_pb_section fb_built=\u00a0\u00bb1&Prime; _builder_version=\u00a0\u00bb4.19.0&Prime; _module_preset=\u00a0\u00bbdefault\u00a0\u00bb background_color=\u00a0\u00bbgcid-0429de00-debb-4ba4-bbe8-f1178a68dceb\u00a0\u00bb custom_margin=\u00a0\u00bb0px||||false|false\u00a0\u00bb custom_padding=\u00a0\u00bb0px||||false|false\u00a0\u00bb animation_style=\u00a0\u00bbfade\u00a0\u00bb da_disable_devices=\u00a0\u00bboff|off|off\u00a0\u00bb global_colors_info=\u00a0\u00bb{%22gcid-0429de00-debb-4ba4-bbe8-f1178a68dceb%22:%91%22background_color%22%93}\u00a0\u00bb da_is_popup=\u00a0\u00bboff\u00a0\u00bb da_exit_intent=\u00a0\u00bboff\u00a0\u00bb da_has_close=\u00a0\u00bbon\u00a0\u00bb da_alt_close=\u00a0\u00bboff\u00a0\u00bb da_dark_close=\u00a0\u00bboff\u00a0\u00bb da_not_modal=\u00a0\u00bbon\u00a0\u00bb da_is_singular=\u00a0\u00bboff\u00a0\u00bb da_with_loader=\u00a0\u00bboff\u00a0\u00bb da_has_shadow=\u00a0\u00bbon\u00a0\u00bb][et_pb_row use_custom_gutter=\u00a0\u00bbon\u00a0\u00bb gutter_width=\u00a0\u00bb1&Prime; make_equal=\u00a0\u00bbon\u00a0\u00bb custom_padding_last_edited=\u00a0\u00bbon|phone\u00a0\u00bb _builder_version=\u00a0\u00bb4.27.3&Prime; _module_preset=\u00a0\u00bbdefault\u00a0\u00bb background_color=\u00a0\u00bb#FFFFFF\u00a0\u00bb background_image=\u00a0\u00bbhttp:\/\/wptestkevin.ovh\/.Dev\/wp-content\/uploads\/2024\/11\/capucine-cut3.jpg\u00a0\u00bb z_index=\u00a0\u00bb5&Prime; width=\u00a0\u00bb100%\u00a0\u00bb max_width=\u00a0\u00bb100%\u00a0\u00bb custom_margin=\u00a0\u00bb0px|0px||0px|false|false\u00a0\u00bb custom_padding=\u00a0\u00bb50px|0px|50px|0px|false|false\u00a0\u00bb custom_padding_tablet=\u00a0\u00bb50px|0px|50px|0px|false|false\u00a0\u00bb custom_padding_phone=\u00a0\u00bb50px|10px|50px|10px|false|true\u00a0\u00bb global_colors_info=\u00a0\u00bb{}\u00a0\u00bb][et_pb_column type=\u00a0\u00bb4_4&Prime; _builder_version=\u00a0\u00bb4.19.0&Prime; _module_preset=\u00a0\u00bbdefault\u00a0\u00bb global_colors_info=\u00a0\u00bb{}\u00a0\u00bb][et_pb_text _builder_version=\u00a0\u00bb4.21.0&Prime; _module_preset=\u00a0\u00bbdefault\u00a0\u00bb custom_margin=\u00a0\u00bb||25px||false|false\u00a0\u00bb global_colors_info=\u00a0\u00bb{}\u00a0\u00bb]<\/p>\n<h2 style=\"text-align: center;\"><span style=\"color: #ffffff;\">Trouvez rapidement votre formation gr\u00e2ce \u00e0 la recherche par th\u00e8mes<\/span><\/h2>\n<p style=\"text-align: center;\"><span style=\"color: #ffffff;\">exemple : handicap, VHSS, droit d&rsquo;auteur, RSE, sobri\u00e9t\u00e9 \u00e9nerg\u00e9tique, communication, m\u00e9diation artistique, etc&#8230;<\/span><\/p>\n<p>[\/et_pb_text][et_pb_code _builder_version=\u00a0\u00bb4.19.0&Prime; _module_preset=\u00a0\u00bbdefault\u00a0\u00bb z_index=\u00a0\u00bb0&Prime; custom_padding=\u00a0\u00bb|0px||0px|false|true\u00a0\u00bb global_colors_info=\u00a0\u00bb{}\u00a0\u00bb]<!-- Start of Site Search 360 Search Box --><\/p>\n<section role=\"search\" data-ss360=\"true\">   <input type=\"search\" id=\"searchBox\" placeholder=\"Search\u2026\">   <button id=\"searchButton\"><\/button><\/section>\n<p><!-- End of Site Search 360 Search Box -->[\/et_pb_code][\/et_pb_column][\/et_pb_row][et_pb_row custom_padding_last_edited=\u00a0\u00bbon|phone\u00a0\u00bb _builder_version=\u00a0\u00bb4.27.4&Prime; _module_preset=\u00a0\u00bbdefault\u00a0\u00bb background_color=\u00a0\u00bb#FFFFFF\u00a0\u00bb width_tablet=\u00a0\u00bb\u00a0\u00bb width_phone=\u00a0\u00bb95%\u00a0\u00bb width_last_edited=\u00a0\u00bbon|phone\u00a0\u00bb custom_margin=\u00a0\u00bb30px||||false|true\u00a0\u00bb custom_padding=\u00a0\u00bb20px|33px||33px|false|true\u00a0\u00bb custom_padding_tablet=\u00a0\u00bb20px|33px||33px|false|true\u00a0\u00bb custom_padding_phone=\u00a0\u00bb|10px||10px|false|true\u00a0\u00bb global_colors_info=\u00a0\u00bb{}\u00a0\u00bb width__hover_enabled=\u00a0\u00bbon|desktop\u00a0\u00bb][et_pb_column type=\u00a0\u00bb4_4&Prime; _builder_version=\u00a0\u00bb4.19.0&Prime; _module_preset=\u00a0\u00bbdefault\u00a0\u00bb global_colors_info=\u00a0\u00bb{}\u00a0\u00bb][et_pb_text _builder_version=\u00a0\u00bb4.21.0&Prime; _module_preset=\u00a0\u00bbdefault\u00a0\u00bb global_colors_info=\u00a0\u00bb{}\u00a0\u00bb]<\/p>\n<h1>L&rsquo;ENCATC<\/h1>\n<p>[\/et_pb_text][\/et_pb_column][\/et_pb_row][et_pb_row column_structure=\u00a0\u00bb3_4,1_4&Prime; custom_padding_last_edited=\u00a0\u00bbon|phone\u00a0\u00bb _builder_version=\u00a0\u00bb4.27.4&Prime; _module_preset=\u00a0\u00bbdefault\u00a0\u00bb background_color=\u00a0\u00bb#FFFFFF\u00a0\u00bb width_tablet=\u00a0\u00bb\u00a0\u00bb width_phone=\u00a0\u00bb95%\u00a0\u00bb width_last_edited=\u00a0\u00bbon|phone\u00a0\u00bb custom_margin=\u00a0\u00bb-55px||||false|false\u00a0\u00bb custom_padding=\u00a0\u00bb|33px||33px|false|true\u00a0\u00bb custom_padding_tablet=\u00a0\u00bb|33px||33px|false|true\u00a0\u00bb custom_padding_phone=\u00a0\u00bb|10px||10px|false|true\u00a0\u00bb global_colors_info=\u00a0\u00bb{}\u00a0\u00bb][et_pb_column type=\u00a0\u00bb3_4&Prime; _builder_version=\u00a0\u00bb4.19.0&Prime; _module_preset=\u00a0\u00bbdefault\u00a0\u00bb global_colors_info=\u00a0\u00bb{}\u00a0\u00bb][et_pb_text _builder_version=\u00a0\u00bb4.27.4&Prime; _module_preset=\u00a0\u00bbdefault\u00a0\u00bb global_colors_info=\u00a0\u00bb{}\u00a0\u00bb]<\/p>\n<p><span style=\"color: #2271b1;\"><strong>Le r\u00e9seau europ\u00e9en des centres de formation<\/strong><\/span><\/p>\n<p style=\"text-align: justify;\">L&rsquo;AGECIF collabore, r\u00e9guli\u00e8rement, sur les questions de formations, d&#8217;emplois et d&rsquo;\u00e9conomie avec diff\u00e9rents partenaires europ\u00e9ens, universit\u00e9s, centres de formation, th\u00e9\u00e2tres, centres de ressources&#8230;<\/p>\n<p style=\"text-align: justify;\">En particulier, l&rsquo;AGECIF est membre fondateur du r\u00e9seau europ\u00e9en des organismes de formation sur les questions de gestion culturelle, l&rsquo;ENCATC.<\/p>\n<p style=\"text-align: justify;\">L&rsquo;ENCATC, fond\u00e9 en 1992, r\u00e9unit 127 membres repr\u00e9sentant 40 pays partout dans le monde et notamment europ\u00e9ens. Sa mission est d&rsquo;encourager le d\u00e9veloppement des politiques culturelles, le management de la culture par les \u00e9changes, le partage d&rsquo;exp\u00e9riences, de bonnes pratiques, et le renforcement des partenariats entre les centres de formation europ\u00e9ens.<\/p>\n<p><a href=\"http:\/\/www.encatc.org\/pages\/index.php\" target=\"_blank\" rel=\"noopener\">Site internet de l&rsquo;ENCATC<\/a><\/p>\n<p>[\/et_pb_text][et_pb_accordion open_toggle_text_color=\u00a0\u00bb#0C71C3&Prime; closed_toggle_background_color=\u00a0\u00bb#FFFFFF\u00a0\u00bb toggle_icon=\u00a0\u00bb&#xf07c;||fa||400&Prime; icon_color=\u00a0\u00bb#0C71C3&Prime; _builder_version=\u00a0\u00bb4.27.4&Prime; _module_preset=\u00a0\u00bbdefault\u00a0\u00bb toggle_text_color=\u00a0\u00bb#0C71C3&Prime; custom_margin=\u00a0\u00bb|-10px|||false|false\u00a0\u00bb custom_padding=\u00a0\u00bb|20px||20px|false|true\u00a0\u00bb custom_padding_tablet=\u00a0\u00bb|20px||20px|false|true\u00a0\u00bb custom_padding_phone=\u00a0\u00bb|10px||10px|false|true\u00a0\u00bb custom_padding_last_edited=\u00a0\u00bbon|phone\u00a0\u00bb hover_enabled=\u00a0\u00bb0&Prime; border_width_all=\u00a0\u00bb2px\u00a0\u00bb global_colors_info=\u00a0\u00bb{}\u00a0\u00bb theme_builder_area=\u00a0\u00bbpost_content\u00a0\u00bb sticky_enabled=\u00a0\u00bb0&Prime;][et_pb_accordion_item title=\u00a0\u00bbPr\u00e9sentation de l&rsquo;ENCATC en fran\u00e7ais\u00a0\u00bb open=\u00a0\u00bbon\u00a0\u00bb _builder_version=\u00a0\u00bb4.27.4&Prime; _module_preset=\u00a0\u00bbdefault\u00a0\u00bb hover_enabled=\u00a0\u00bb0&Prime; global_colors_info=\u00a0\u00bb{}\u00a0\u00bb toggle_level=\u00a0\u00bbh3&Prime; theme_builder_area=\u00a0\u00bbpost_content\u00a0\u00bb sticky_enabled=\u00a0\u00bb0&Prime;]<\/p>\n<p style=\"text-align: justify;\">L&rsquo;ENCATC est le premier r\u00e9seau europ\u00e9en sur la gestion de la culture et la politique culturelle de l&rsquo;\u00e9ducation.<\/p>\n<p style=\"text-align: justify;\">L&rsquo;ENCATC est le seul r\u00e9seau europ\u00e9en rassemblant des \u00e9tablissements d&rsquo;enseignement sup\u00e9rieur et les organismes de formation portant sur l&rsquo;\u00e9ducation et la formation en gestion culturelle.<\/p>\n<p style=\"text-align: justify;\">\u00c9tablie \u00e0 Varsovie en 1992, le r\u00e9seau compte plus de 100 membres dans 40 pays \u00e0 travers l&rsquo;Europe et au-del\u00e0.<\/p>\n<p style=\"text-align: justify;\">Nous avons le statut d&rsquo;une organisation internationale sans but lucratif, une ONG dot\u00e9e du statut d&rsquo;association \u00e0 l&rsquo;UNESCO, et \u00ab d&rsquo;observateur \u00bb au Comit\u00e9 directeur de la culture du Conseil de l&rsquo;Europe .<\/p>\n<p style=\"text-align: justify;\">Nous sommes une plate-forme europ\u00e9enne vivante et en expansion, encourageant les \u00e9changes de connaissances, de m\u00e9thodes, d&rsquo;exp\u00e9riences, de recherche comparative et de l&rsquo;\u00e9valuation r\u00e9guli\u00e8re des besoins du secteur de la formation dans le vaste domaine de la gestion culturelle, d&rsquo;un point de vue europ\u00e9en \u00e0 travers un large \u00e9ventail de groupes de travail, projets, activit\u00e9s et \u00e9v\u00e9nements .<\/p>\n<p style=\"text-align: justify;\">Nous exprimons le point de vue de nos membres gr\u00e2ce \u00e0 notre dialogue avec les institutions et organisations internationales et europ\u00e9ennes sur la l\u00e9gislation, les politiques et les programmes ayant un impact sur l&rsquo;\u00e9ducation et la formation en gestion culturelle et la politique culturelle.<\/p>\n<p style=\"text-align: justify;\">Nous coop\u00e9rons \u00e9troitement avec nos partenaires de l&rsquo;UNESCO, du Conseil de l&rsquo;Europe, de la Commission europ\u00e9enne et du Parlement europ\u00e9en ainsi que de la Fondation europ\u00e9enne de la culture.<\/p>\n<p style=\"text-align: justify;\">Nous favorisons &#8211; sous diff\u00e9rentes formes et \u00e0 diff\u00e9rents niveaux &#8211; une coop\u00e9ration \u00e9troite avec les r\u00e9seaux dans le monde entier concern\u00e9s par l&rsquo;enseignement de la politique culturelle et de la gestion culturelle, en particulier en Afrique, la r\u00e9gion Asie-Pacifique, Am\u00e9rique du Nord, en Am\u00e9rique latine et dans les Cara\u00efbes.<\/p>\n<p>[\/et_pb_accordion_item][et_pb_accordion_item title=\u00a0\u00bbPr\u00e9sentation de l&rsquo;ENCATC en anglais\u00a0\u00bb _builder_version=\u00a0\u00bb4.27.4&Prime; _module_preset=\u00a0\u00bbdefault\u00a0\u00bb hover_enabled=\u00a0\u00bb0&Prime; global_colors_info=\u00a0\u00bb{}\u00a0\u00bb toggle_level=\u00a0\u00bbh3&Prime; toggle_text_align=\u00a0\u00bbleft\u00a0\u00bb theme_builder_area=\u00a0\u00bbpost_content\u00a0\u00bb open=\u00a0\u00bboff\u00a0\u00bb sticky_enabled=\u00a0\u00bb0&Prime;]<\/p>\n<p>ENCATC is the leading European network on Cultural Management and Cultural Policy education.<\/p>\n<p>ENCATC is the only European network gathering together higher educational institutions and training organizations dealing with cultural management education and training.<\/p>\n<p>Established in Warsaw in 1992, the network counts over 100 members in 40 countries across Europe and beyond.<\/p>\n<p>We have the status of an international non-profit organisation, an NGO with association status to UNESCO, and of \u00ab\u00a0observer\u00a0\u00bb to the Steering Committee for Culture of the Council of Europe.<\/p>\n<p>We are a lively and expanding European platform encouraging serious exchange of knowledge, methodologies, experiences, comparative research and regular assessment of the sector&rsquo;s training needs in the broad field of cultural management from a European point of view through a wide range of working groups, projects, activities and events.<\/p>\n<p>We voice the views of our members through our dialogue with international and European institutions and organisations on legislation, policies and programmes impacting on education and training in cultural management and cultural policy.<\/p>\n<p>We cooperate closely with our partners at UNESCO, the Council of Europe, the European Commission and the European Parliament as well as with the European Cultural Foundation.<\/p>\n<p>We foster &#8211; in different forms and at different levels &#8211; close co-operation with networks worldwide concerned with the teaching of cultural policy and cultural management, in particular in Africa, the Asia\u2013Pacific region, North America, Latin America and the Caribbean.<\/p>\n<p>[\/et_pb_accordion_item][\/et_pb_accordion][\/et_pb_column][et_pb_column type=\u00a0\u00bb1_4&Prime; _builder_version=\u00a0\u00bb4.19.0&Prime; _module_preset=\u00a0\u00bbdefault\u00a0\u00bb global_colors_info=\u00a0\u00bb{}\u00a0\u00bb][et_pb_image src=\u00a0\u00bbhttp:\/\/wptestkevin.ovh\/.Dev\/wp-content\/uploads\/2023\/07\/Le_Point_Statista2.png\u00a0\u00bb title_text=\u00a0\u00bbLe_Point_Statista2&Prime; _builder_version=\u00a0\u00bb4.19.0&Prime; _module_preset=\u00a0\u00bbdefault\u00a0\u00bb global_colors_info=\u00a0\u00bb{}\u00a0\u00bb][\/et_pb_image][et_pb_blog fullwidth=\u00a0\u00bboff\u00a0\u00bb posts_number=\u00a0\u00bb1&Prime; include_categories=\u00a0\u00bball\u00a0\u00bb meta_date=\u00a0\u00bbj,M,Y\u00a0\u00bb use_manual_excerpt=\u00a0\u00bboff\u00a0\u00bb excerpt_length=\u00a0\u00bb150&Prime; show_more=\u00a0\u00bbon\u00a0\u00bb show_author=\u00a0\u00bboff\u00a0\u00bb show_pagination=\u00a0\u00bboff\u00a0\u00bb _builder_version=\u00a0\u00bb4.27.4&Prime; _module_preset=\u00a0\u00bbdefault\u00a0\u00bb global_colors_info=\u00a0\u00bb{}\u00a0\u00bb theme_builder_area=\u00a0\u00bbpost_content\u00a0\u00bb][\/et_pb_blog][\/et_pb_column][\/et_pb_row][\/et_pb_section]<\/p>\n","protected":false},"excerpt":{"rendered":"<p>Trouvez rapidement votre formation gr\u00e2ce \u00e0 la recherche par th\u00e8mes exemple : handicap, VHSS, droit d&rsquo;auteur, RSE, sobri\u00e9t\u00e9 \u00e9nerg\u00e9tique, communication, m\u00e9diation artistique, etc&#8230;L&rsquo;ENCATCLe r\u00e9seau europ\u00e9en des centres de formation L&rsquo;AGECIF collabore, r\u00e9guli\u00e8rement, sur les questions de formations, d&#8217;emplois et d&rsquo;\u00e9conomie avec diff\u00e9rents partenaires europ\u00e9ens, universit\u00e9s, centres de formation, th\u00e9\u00e2tres, centres de ressources&#8230; En particulier, l&rsquo;AGECIF [&hellip;]<\/p>\n","protected":false},"author":1,"featured_media":0,"parent":0,"menu_order":0,"comment_status":"closed","ping_status":"closed","template":"","meta":{"_et_pb_use_builder":"on","_et_pb_old_content":"","_et_gb_content_width":"","footnotes":""},"class_list":["post-687","page","type-page","status-publish","hentry"],"_links":{"self":[{"href":"https:\/\/wptestkevin.ovh\/.Dev\/wp-json\/wp\/v2\/pages\/687","targetHints":{"allow":["GET"]}}],"collection":[{"href":"https:\/\/wptestkevin.ovh\/.Dev\/wp-json\/wp\/v2\/pages"}],"about":[{"href":"https:\/\/wptestkevin.ovh\/.Dev\/wp-json\/wp\/v2\/types\/page"}],"author":[{"embeddable":true,"href":"https:\/\/wptestkevin.ovh\/.Dev\/wp-json\/wp\/v2\/users\/1"}],"replies":[{"embeddable":true,"href":"https:\/\/wptestkevin.ovh\/.Dev\/wp-json\/wp\/v2\/comments?post=687"}],"version-history":[{"count":14,"href":"https:\/\/wptestkevin.ovh\/.Dev\/wp-json\/wp\/v2\/pages\/687\/revisions"}],"predecessor-version":[{"id":8528,"href":"https:\/\/wptestkevin.ovh\/.Dev\/wp-json\/wp\/v2\/pages\/687\/revisions\/8528"}],"wp:attachment":[{"href":"https:\/\/wptestkevin.ovh\/.Dev\/wp-json\/wp\/v2\/media?parent=687"}],"curies":[{"name":"wp","href":"https:\/\/api.w.org\/{rel}","templated":true}]}}