{"id":591,"date":"2023-07-17T17:08:05","date_gmt":"2023-07-17T15:08:05","guid":{"rendered":"http:\/\/wptestkevin.ovh\/.Dev\/?page_id=591"},"modified":"2025-03-27T18:44:29","modified_gmt":"2025-03-27T17:44:29","slug":"les-indicateurs-annuels-pour-la-formation","status":"publish","type":"page","link":"https:\/\/wptestkevin.ovh\/.Dev\/les-indicateurs-annuels-pour-la-formation\/","title":{"rendered":"Les indicateurs annuels pour la formation"},"content":{"rendered":"<p>[et_pb_section fb_built=\u00a0\u00bb1&Prime; _builder_version=\u00a0\u00bb4.21.0&Prime; _module_preset=\u00a0\u00bbdefault\u00a0\u00bb background_color=\u00a0\u00bbgcid-0429de00-debb-4ba4-bbe8-f1178a68dceb\u00a0\u00bb custom_margin=\u00a0\u00bb0px||0px||false|false\u00a0\u00bb custom_padding=\u00a0\u00bb0px|42px|0px||false|false\u00a0\u00bb animation_style=\u00a0\u00bbfade\u00a0\u00bb da_disable_devices=\u00a0\u00bboff|off|off\u00a0\u00bb global_colors_info=\u00a0\u00bb{%22gcid-0429de00-debb-4ba4-bbe8-f1178a68dceb%22:%91%22background_color%22%93}\u00a0\u00bb da_is_popup=\u00a0\u00bboff\u00a0\u00bb da_exit_intent=\u00a0\u00bboff\u00a0\u00bb da_has_close=\u00a0\u00bbon\u00a0\u00bb da_alt_close=\u00a0\u00bboff\u00a0\u00bb da_dark_close=\u00a0\u00bboff\u00a0\u00bb da_not_modal=\u00a0\u00bbon\u00a0\u00bb da_is_singular=\u00a0\u00bboff\u00a0\u00bb da_with_loader=\u00a0\u00bboff\u00a0\u00bb da_has_shadow=\u00a0\u00bbon\u00a0\u00bb][et_pb_row use_custom_gutter=\u00a0\u00bbon\u00a0\u00bb gutter_width=\u00a0\u00bb1&Prime; make_equal=\u00a0\u00bbon\u00a0\u00bb custom_padding_last_edited=\u00a0\u00bbon|phone\u00a0\u00bb _builder_version=\u00a0\u00bb4.27.3&Prime; _module_preset=\u00a0\u00bbdefault\u00a0\u00bb background_color=\u00a0\u00bb#FFFFFF\u00a0\u00bb background_image=\u00a0\u00bbhttp:\/\/wptestkevin.ovh\/.Dev\/wp-content\/uploads\/2024\/11\/capucine-cut3.jpg\u00a0\u00bb z_index=\u00a0\u00bb5&Prime; width=\u00a0\u00bb100%\u00a0\u00bb max_width=\u00a0\u00bb100%\u00a0\u00bb custom_margin=\u00a0\u00bb0px|0px||0px|false|false\u00a0\u00bb custom_padding=\u00a0\u00bb50px|0px|50px|0px|false|false\u00a0\u00bb custom_padding_tablet=\u00a0\u00bb50px|0px|50px|0px|false|false\u00a0\u00bb custom_padding_phone=\u00a0\u00bb50px|10px|50px|10px|false|true\u00a0\u00bb global_colors_info=\u00a0\u00bb{}\u00a0\u00bb][et_pb_column type=\u00a0\u00bb4_4&Prime; _builder_version=\u00a0\u00bb4.19.0&Prime; _module_preset=\u00a0\u00bbdefault\u00a0\u00bb global_colors_info=\u00a0\u00bb{}\u00a0\u00bb][et_pb_text _builder_version=\u00a0\u00bb4.21.0&Prime; _module_preset=\u00a0\u00bbdefault\u00a0\u00bb custom_margin=\u00a0\u00bb||25px||false|false\u00a0\u00bb global_colors_info=\u00a0\u00bb{}\u00a0\u00bb]<\/p>\n<h2 style=\"text-align: center;\"><span style=\"color: #ffffff;\">Trouvez rapidement votre formation gr\u00e2ce \u00e0 la recherche par th\u00e8mes<\/span><\/h2>\n<p style=\"text-align: center;\"><span style=\"color: #ffffff;\">exemple : handicap, VHSS, droit d&rsquo;auteur, RSE, sobri\u00e9t\u00e9 \u00e9nerg\u00e9tique, communication, m\u00e9diation artistique, etc&#8230;<\/span><\/p>\n<p>[\/et_pb_text][et_pb_code _builder_version=\u00a0\u00bb4.19.0&Prime; _module_preset=\u00a0\u00bbdefault\u00a0\u00bb z_index=\u00a0\u00bb0&Prime; custom_padding=\u00a0\u00bb|0px||0px|false|true\u00a0\u00bb global_colors_info=\u00a0\u00bb{}\u00a0\u00bb]<!-- Start of Site Search 360 Search Box --><\/p>\n<section role=\"search\" data-ss360=\"true\">   <input type=\"search\" id=\"searchBox\" placeholder=\"Search\u2026\">   <button id=\"searchButton\"><\/button><\/section>\n<p><!-- End of Site Search 360 Search Box -->[\/et_pb_code][\/et_pb_column][\/et_pb_row][et_pb_row custom_padding_last_edited=\u00a0\u00bbon|phone\u00a0\u00bb _builder_version=\u00a0\u00bb4.27.3&Prime; _module_preset=\u00a0\u00bbdefault\u00a0\u00bb background_color=\u00a0\u00bb#FFFFFF\u00a0\u00bb width_tablet=\u00a0\u00bb\u00a0\u00bb width_phone=\u00a0\u00bb95%\u00a0\u00bb width_last_edited=\u00a0\u00bbon|phone\u00a0\u00bb custom_margin=\u00a0\u00bb30px||||false|true\u00a0\u00bb custom_padding=\u00a0\u00bb20px|33px||33px|false|true\u00a0\u00bb custom_padding_tablet=\u00a0\u00bb20px|33px||33px|false|true\u00a0\u00bb custom_padding_phone=\u00a0\u00bb20px|10px||10px|false|true\u00a0\u00bb global_colors_info=\u00a0\u00bb{}\u00a0\u00bb][et_pb_column type=\u00a0\u00bb4_4&Prime; _builder_version=\u00a0\u00bb4.19.0&Prime; _module_preset=\u00a0\u00bbdefault\u00a0\u00bb global_colors_info=\u00a0\u00bb{}\u00a0\u00bb][et_pb_text _builder_version=\u00a0\u00bb4.21.0&Prime; _module_preset=\u00a0\u00bbdefault\u00a0\u00bb global_colors_info=\u00a0\u00bb{}\u00a0\u00bb]<\/p>\n<h1>Les indicateurs annuels de l\u2019AGECIF pour la formation<\/h1>\n<p>[\/et_pb_text][\/et_pb_column][\/et_pb_row][et_pb_row column_structure=\u00a0\u00bb3_4,1_4&Prime; custom_padding_last_edited=\u00a0\u00bbon|phone\u00a0\u00bb _builder_version=\u00a0\u00bb4.27.3&Prime; _module_preset=\u00a0\u00bbdefault\u00a0\u00bb background_color=\u00a0\u00bb#FFFFFF\u00a0\u00bb width_tablet=\u00a0\u00bb\u00a0\u00bb width_phone=\u00a0\u00bb95%\u00a0\u00bb width_last_edited=\u00a0\u00bbon|phone\u00a0\u00bb custom_margin=\u00a0\u00bb-55px||||false|false\u00a0\u00bb custom_padding=\u00a0\u00bb|33px||33px|false|true\u00a0\u00bb custom_padding_tablet=\u00a0\u00bb|33px||33px|false|true\u00a0\u00bb custom_padding_phone=\u00a0\u00bb|10px||10px|false|true\u00a0\u00bb global_colors_info=\u00a0\u00bb{}\u00a0\u00bb][et_pb_column type=\u00a0\u00bb3_4&Prime; _builder_version=\u00a0\u00bb4.19.0&Prime; _module_preset=\u00a0\u00bbdefault\u00a0\u00bb global_colors_info=\u00a0\u00bb{}\u00a0\u00bb][et_pb_text _builder_version=\u00a0\u00bb4.27.4&Prime; _module_preset=\u00a0\u00bbdefault\u00a0\u00bb custom_margin=\u00a0\u00bb||20px||false|false\u00a0\u00bb hover_enabled=\u00a0\u00bb0&Prime; global_colors_info=\u00a0\u00bb{}\u00a0\u00bb sticky_enabled=\u00a0\u00bb0&Prime;]<\/p>\n<p style=\"text-align: justify;\"><span style=\"color: #2271b1;\"><strong>L&rsquo;AGECIF en 2023 :<\/strong><\/span><\/p>\n<p style=\"text-align: justify;\"><span style=\"color: #2271b1;\"><strong>900 jours\u00a0de\u00a0formation<\/strong><\/span>, dont\u00a0620 jours en formations programm\u00e9es en inter-entreprises et\u00a0280 jours en formations sur-mesure en intra.<\/p>\n<p style=\"text-align: justify;\"><span style=\"color: #2271b1;\"><strong>467 sessions<\/strong><\/span>, dont\u00a0267 sessions en formations en inter\u00a0et 200 sessions en formations en intra.<\/p>\n<p style=\"text-align: justify;\"><strong><span style=\"color: #2271b1;\">220 th\u00e9matiques de formations diff\u00e9rentes<\/span><\/strong>, dont 80% en formations en inter et 30% en formations en intra r\u00e9alis\u00e9es \u00e0 distance en classe virtuelle.<\/p>\n<p style=\"text-align: justify;\"><span style=\"color: #2271b1;\"><strong>2 883 stagiaires en formation<\/strong><\/span>, dont 1 319 en formations programm\u00e9es et 1 564 en formations sur-mesure.<\/p>\n<p style=\"text-align: justify;\"><span style=\"color: #2271b1;\"><strong>34 000 heures stagiaires<\/strong><\/span>\u00a0avec un\u00a0<span style=\"color: #2271b1;\"><strong>Score global de satisfaction<\/strong><\/span>\u00a0de\u00a0<span style=\"color: #2271b1;\"><strong>4,50\/5<\/strong><\/span>. *<\/p>\n<p>[\/et_pb_text][et_pb_text _builder_version=\u00a0\u00bb4.27.4&Prime; _module_preset=\u00a0\u00bbdefault\u00a0\u00bb custom_margin=\u00a0\u00bb||0px||false|false\u00a0\u00bb global_colors_info=\u00a0\u00bb{}\u00a0\u00bb]<\/p>\n<p>* Th\u00e8mes \u00e9valu\u00e9s :<\/p>\n<p>[\/et_pb_text][et_pb_image src=\u00a0\u00bbhttp:\/\/wptestkevin.ovh\/.Dev\/wp-content\/uploads\/2024\/06\/indicateurs-annuels2023-2.png\u00a0\u00bb title_text=\u00a0\u00bbindicateurs-annuels2023-2&Prime; _builder_version=\u00a0\u00bb4.25.2&Prime; _module_preset=\u00a0\u00bbdefault\u00a0\u00bb global_colors_info=\u00a0\u00bb{}\u00a0\u00bb][\/et_pb_image][et_pb_text _builder_version=\u00a0\u00bb4.27.4&Prime; _module_preset=\u00a0\u00bbdefault\u00a0\u00bb global_colors_info=\u00a0\u00bb{}\u00a0\u00bb]<\/p>\n<p style=\"text-align: justify;\"><span style=\"color: #2271b1;\"><strong>L\u2019AGECIF <\/strong><\/span>est class\u00e9e parmi<span style=\"color: #2271b1;\"><strong> les meilleurs instituts de formation <\/strong><\/span>par le Magazine <span style=\"color: #2271b1;\"><strong>Le Point<\/strong><\/span> et<span style=\"color: #2271b1;\"><strong> Statista<\/strong><\/span><strong>.<\/strong><\/p>\n<p style=\"text-align: justify;\">L\u2019AGECIF a re\u00e7u le Label <span style=\"color: #2271b1;\">\u00ab\u00a0Meilleurs instituts de formation en France 2021\u00a0\u00bb<\/span> dans toutes les cat\u00e9gories correspondant \u00e0 son action d\u00e9cern\u00e9 par le Magazine Le point et Statista. Statista, c\u2019est l\u2019INSEE allemand. <a href=\"http:\/\/wptestkevin.ovh\/.Dev\/wp-content\/uploads\/2024\/04\/Le-Point_Les_meilleures_formations_2021.pdf\" target=\"_blank\" rel=\"noopener\">Le Point &#8211; Sp\u00e9cial Formation<\/a><\/p>\n<p style=\"text-align: justify;\">L\u2019AGECIF obtient <span style=\"color: #2271b1;\">5 nominations<\/span> allant de la <span style=\"color: #2271b1;\">1\u00e8re place<\/span> \u00e0 la 14\u00e8me place. Ce palmar\u00e8s concerne tous les secteurs \u00e9conomiques, culturels ou non, plusieurs dizaines de milliers d\u2019instituts de formation. <a href=\"http:\/\/wptestkevin.ovh\/.Dev\/wp-content\/uploads\/2024\/04\/Le-Point-Statista_Les_meilleurs_instituts-_de_formation_2021_Methodologie.pdf\" target=\"_blank\" rel=\"noopener\">La M\u00e9thodologie<\/a><\/p>\n<p style=\"text-align: justify;\"><span style=\"color: #2271b1;\"><strong>L&rsquo;AGECIF est dans les premi\u00e8res places sur ces familles de formations :<\/strong><\/span><\/p>\n<p style=\"text-align: left;\">N\u00b0 1 :\u00a0<a href=\"http:\/\/wptestkevin.ovh\/.Dev\/formations-programmees\/informatique-et-bureautique\/\" target=\"_blank\" rel=\"noopener\">Informatique et bureautique<\/a><\/p>\n<p style=\"text-align: left;\">N\u00b0 7 :\u00a0<a href=\"http:\/\/wptestkevin.ovh\/.Dev\/formations-programmees\/communication-et-strategie\/\" target=\"_blank\" rel=\"noopener\">Communication et strat\u00e9gie<\/a>\u00a0&#8211;\u00a0<a href=\"http:\/\/wptestkevin.ovh\/.Dev\/formations-programmees\/communications-et-mediations-numeriques\/\" target=\"_blank\" rel=\"noopener\">Communications et m\u00e9diations num\u00e9riques<\/a><\/p>\n<p style=\"text-align: left;\">N\u00b0 8 :\u00a0<a href=\"http:\/\/wptestkevin.ovh\/.Dev\/formations-programmees\/formations-danglais\/\" target=\"_blank\" rel=\"noopener\">Formations d\u2019anglais<\/a>\u00a0&#8211;\u00a0<a href=\"http:\/\/wptestkevin.ovh\/.Dev\/formations-programmees\/anglais-specifique-aux-metiers-culturels\/\" target=\"_blank\" rel=\"noopener\">Anglais sp\u00e9cifique aux m\u00e9tiers culturels<\/a><\/p>\n<p style=\"text-align: left;\">N\u00b0 13 :\u00a0<a href=\"http:\/\/wptestkevin.ovh\/.Dev\/formations-programmees\/gestion-et-finance\/\" target=\"_blank\" rel=\"noopener\">Gestion et finance<\/a>\u00a0&#8211;\u00a0<a href=\"http:\/\/wptestkevin.ovh\/.Dev\/formations-programmees\/droit-et-reglementation\/\" target=\"_blank\" rel=\"noopener\">Droit et r\u00e9glementation<\/a><\/p>\n<p style=\"text-align: left;\">N\u00b0 14 :\u00a0<a href=\"http:\/\/wptestkevin.ovh\/.Dev\/formations-programmees\/competences-et-management\/\" target=\"_blank\" rel=\"noopener\">Comp\u00e9tences et management<\/a>\u00a0&#8211;\u00a0<a href=\"http:\/\/wptestkevin.ovh\/.Dev\/formations-programmees\/efficacite-personnelle-et-professionnelle\/\" target=\"_blank\" rel=\"noopener\">Efficacit\u00e9 personnnelle et professionnelle<\/a><\/p>\n<p style=\"text-align: left;\"><strong><span style=\"color: #2271b1;\">La Plateforme EDOF<\/span><\/strong> publie la <strong><span style=\"color: #2271b1;\">Note<\/span><\/strong> de <strong><span style=\"color: #2271b1;\">5\/5<\/span><\/strong> aux formations suivies dans le cadre du CPF.<\/p>\n<p style=\"text-align: justify;\"><strong><span style=\"color: #2271b1;\">La Plateforme ANOTEA <\/span><\/strong>publie la <strong><span style=\"color: #2271b1;\">Note<\/span><\/strong> de <strong><span style=\"color: #2271b1;\">4,5\/5<\/span><\/strong> aux formations suivies par des demandeurs d\u2019emploi et financ\u00e9es par P\u00f4le Emploi.<\/p>\n<p>[\/et_pb_text][\/et_pb_column][et_pb_column type=\u00a0\u00bb1_4&Prime; _builder_version=\u00a0\u00bb4.19.0&Prime; _module_preset=\u00a0\u00bbdefault\u00a0\u00bb global_colors_info=\u00a0\u00bb{}\u00a0\u00bb][et_pb_image src=\u00a0\u00bbhttp:\/\/wptestkevin.ovh\/.Dev\/wp-content\/uploads\/2023\/07\/Le_Point_Statista2.png\u00a0\u00bb title_text=\u00a0\u00bbLe_Point_Statista2&Prime; align=\u00a0\u00bbcenter\u00a0\u00bb _builder_version=\u00a0\u00bb4.27.3&Prime; _module_preset=\u00a0\u00bbdefault\u00a0\u00bb global_colors_info=\u00a0\u00bb{}\u00a0\u00bb][\/et_pb_image][et_pb_blog fullwidth=\u00a0\u00bboff\u00a0\u00bb posts_number=\u00a0\u00bb1&Prime; include_categories=\u00a0\u00bball\u00a0\u00bb meta_date=\u00a0\u00bbj,M,Y\u00a0\u00bb use_manual_excerpt=\u00a0\u00bboff\u00a0\u00bb excerpt_length=\u00a0\u00bb150&Prime; show_more=\u00a0\u00bbon\u00a0\u00bb show_author=\u00a0\u00bboff\u00a0\u00bb show_pagination=\u00a0\u00bboff\u00a0\u00bb _builder_version=\u00a0\u00bb4.27.4&Prime; _module_preset=\u00a0\u00bbdefault\u00a0\u00bb global_colors_info=\u00a0\u00bb{}\u00a0\u00bb][\/et_pb_blog][\/et_pb_column][\/et_pb_row][et_pb_row column_structure=\u00a0\u00bb3_5,2_5&Prime; _builder_version=\u00a0\u00bb4.21.0&Prime; _module_preset=\u00a0\u00bbdefault\u00a0\u00bb global_colors_info=\u00a0\u00bb{}\u00a0\u00bb][et_pb_column type=\u00a0\u00bb3_5&Prime; _builder_version=\u00a0\u00bb4.21.0&Prime; _module_preset=\u00a0\u00bbdefault\u00a0\u00bb global_colors_info=\u00a0\u00bb{}\u00a0\u00bb][\/et_pb_column][et_pb_column type=\u00a0\u00bb2_5&Prime; _builder_version=\u00a0\u00bb4.21.0&Prime; _module_preset=\u00a0\u00bbdefault\u00a0\u00bb global_colors_info=\u00a0\u00bb{}\u00a0\u00bb][et_pb_text _builder_version=\u00a0\u00bb4.21.0&Prime; _module_preset=\u00a0\u00bbdefault\u00a0\u00bb text_orientation=\u00a0\u00bbcenter\u00a0\u00bb custom_padding=\u00a0\u00bb10px||10px||true|false\u00a0\u00bb border_width_all=\u00a0\u00bb1px\u00a0\u00bb border_color_all=\u00a0\u00bb#d8d8d8&Prime; global_colors_info=\u00a0\u00bb{}\u00a0\u00bb]<\/p>\n<p>[lmt-post-modified-info]<\/p>\n<p>[\/et_pb_text][\/et_pb_column][\/et_pb_row][\/et_pb_section]<\/p>\n","protected":false},"excerpt":{"rendered":"<p>Trouvez rapidement votre formation gr\u00e2ce \u00e0 la recherche par th\u00e8mes exemple : handicap, VHSS, droit d&rsquo;auteur, RSE, sobri\u00e9t\u00e9 \u00e9nerg\u00e9tique, communication, m\u00e9diation artistique, etc&#8230;Les indicateurs annuels de l\u2019AGECIF pour la formationL&rsquo;AGECIF en 2023 : 900 jours\u00a0de\u00a0formation, dont\u00a0620 jours en formations programm\u00e9es en inter-entreprises et\u00a0280 jours en formations sur-mesure en intra. 467 sessions, dont\u00a0267 sessions en formations [&hellip;]<\/p>\n","protected":false},"author":1,"featured_media":0,"parent":0,"menu_order":0,"comment_status":"closed","ping_status":"closed","template":"","meta":{"_et_pb_use_builder":"on","_et_pb_old_content":"","_et_gb_content_width":"","footnotes":""},"class_list":["post-591","page","type-page","status-publish","hentry"],"_links":{"self":[{"href":"https:\/\/wptestkevin.ovh\/.Dev\/wp-json\/wp\/v2\/pages\/591","targetHints":{"allow":["GET"]}}],"collection":[{"href":"https:\/\/wptestkevin.ovh\/.Dev\/wp-json\/wp\/v2\/pages"}],"about":[{"href":"https:\/\/wptestkevin.ovh\/.Dev\/wp-json\/wp\/v2\/types\/page"}],"author":[{"embeddable":true,"href":"https:\/\/wptestkevin.ovh\/.Dev\/wp-json\/wp\/v2\/users\/1"}],"replies":[{"embeddable":true,"href":"https:\/\/wptestkevin.ovh\/.Dev\/wp-json\/wp\/v2\/comments?post=591"}],"version-history":[{"count":49,"href":"https:\/\/wptestkevin.ovh\/.Dev\/wp-json\/wp\/v2\/pages\/591\/revisions"}],"predecessor-version":[{"id":8148,"href":"https:\/\/wptestkevin.ovh\/.Dev\/wp-json\/wp\/v2\/pages\/591\/revisions\/8148"}],"wp:attachment":[{"href":"https:\/\/wptestkevin.ovh\/.Dev\/wp-json\/wp\/v2\/media?parent=591"}],"curies":[{"name":"wp","href":"https:\/\/api.w.org\/{rel}","templated":true}]}}