{"id":501,"date":"2023-07-17T11:13:46","date_gmt":"2023-07-17T09:13:46","guid":{"rendered":"http:\/\/wptestkevin.ovh\/.Dev\/?page_id=501"},"modified":"2025-05-03T13:36:01","modified_gmt":"2025-05-03T11:36:01","slug":"les-formatrices-et-les-formateurs","status":"publish","type":"page","link":"https:\/\/wptestkevin.ovh\/.Dev\/les-formatrices-et-les-formateurs\/","title":{"rendered":"Les formatrices et les formateurs"},"content":{"rendered":"<p>[et_pb_section fb_built=\u00a0\u00bb1&Prime; _builder_version=\u00a0\u00bb4.21.0&Prime; _module_preset=\u00a0\u00bbdefault\u00a0\u00bb background_color=\u00a0\u00bbgcid-0429de00-debb-4ba4-bbe8-f1178a68dceb\u00a0\u00bb custom_margin=\u00a0\u00bb0px||0px||false|false\u00a0\u00bb custom_padding=\u00a0\u00bb0px||0px||false|false\u00a0\u00bb animation_style=\u00a0\u00bbfade\u00a0\u00bb da_disable_devices=\u00a0\u00bboff|off|off\u00a0\u00bb global_colors_info=\u00a0\u00bb{%22gcid-0429de00-debb-4ba4-bbe8-f1178a68dceb%22:%91%22background_color%22%93}\u00a0\u00bb da_is_popup=\u00a0\u00bboff\u00a0\u00bb da_exit_intent=\u00a0\u00bboff\u00a0\u00bb da_has_close=\u00a0\u00bbon\u00a0\u00bb da_alt_close=\u00a0\u00bboff\u00a0\u00bb da_dark_close=\u00a0\u00bboff\u00a0\u00bb da_not_modal=\u00a0\u00bbon\u00a0\u00bb da_is_singular=\u00a0\u00bboff\u00a0\u00bb da_with_loader=\u00a0\u00bboff\u00a0\u00bb da_has_shadow=\u00a0\u00bbon\u00a0\u00bb][et_pb_row use_custom_gutter=\u00a0\u00bbon\u00a0\u00bb gutter_width=\u00a0\u00bb1&Prime; make_equal=\u00a0\u00bbon\u00a0\u00bb custom_padding_last_edited=\u00a0\u00bbon|phone\u00a0\u00bb _builder_version=\u00a0\u00bb4.27.3&Prime; _module_preset=\u00a0\u00bbdefault\u00a0\u00bb background_color=\u00a0\u00bb#FFFFFF\u00a0\u00bb background_image=\u00a0\u00bbhttp:\/\/wptestkevin.ovh\/.Dev\/wp-content\/uploads\/2024\/11\/capucine-cut3.jpg\u00a0\u00bb z_index=\u00a0\u00bb5&Prime; width=\u00a0\u00bb100%\u00a0\u00bb max_width=\u00a0\u00bb100%\u00a0\u00bb custom_margin=\u00a0\u00bb0px|0px||0px|false|false\u00a0\u00bb custom_padding=\u00a0\u00bb50px|0px|50px|0px|false|true\u00a0\u00bb custom_padding_tablet=\u00a0\u00bb\u00a0\u00bb custom_padding_phone=\u00a0\u00bb|10px||10px|false|true\u00a0\u00bb global_colors_info=\u00a0\u00bb{}\u00a0\u00bb][et_pb_column type=\u00a0\u00bb4_4&Prime; _builder_version=\u00a0\u00bb4.19.0&Prime; _module_preset=\u00a0\u00bbdefault\u00a0\u00bb global_colors_info=\u00a0\u00bb{}\u00a0\u00bb][et_pb_text _builder_version=\u00a0\u00bb4.21.0&Prime; _module_preset=\u00a0\u00bbdefault\u00a0\u00bb custom_margin=\u00a0\u00bb||25px||false|false\u00a0\u00bb global_colors_info=\u00a0\u00bb{}\u00a0\u00bb]<\/p>\n<h2 style=\"text-align: center;\"><span style=\"color: #ffffff;\">Trouvez rapidement votre formation gr\u00e2ce \u00e0 la recherche par th\u00e8mes<\/span><\/h2>\n<p style=\"text-align: center;\"><span style=\"color: #ffffff;\">exemple : handicap, VHSS, droit d&rsquo;auteur, RSE, sobri\u00e9t\u00e9 \u00e9nerg\u00e9tique, communication, m\u00e9diation artistique, etc&#8230;<\/span><\/p>\n<p>[\/et_pb_text][et_pb_code _builder_version=\u00a0\u00bb4.19.0&Prime; _module_preset=\u00a0\u00bbdefault\u00a0\u00bb z_index=\u00a0\u00bb0&Prime; custom_padding=\u00a0\u00bb|0px||0px|false|true\u00a0\u00bb global_colors_info=\u00a0\u00bb{}\u00a0\u00bb]<!-- Start of Site Search 360 Search Box --><\/p>\n<section role=\"search\" data-ss360=\"true\">   <input type=\"search\" id=\"searchBox\" placeholder=\"Search\u2026\">   <button id=\"searchButton\"><\/button><\/section>\n<p><!-- End of Site Search 360 Search Box -->[\/et_pb_code][\/et_pb_column][\/et_pb_row][et_pb_row custom_padding_last_edited=\u00a0\u00bbon|phone\u00a0\u00bb _builder_version=\u00a0\u00bb4.27.3&Prime; _module_preset=\u00a0\u00bbdefault\u00a0\u00bb background_color=\u00a0\u00bb#FFFFFF\u00a0\u00bb width_tablet=\u00a0\u00bb\u00a0\u00bb width_phone=\u00a0\u00bb95%\u00a0\u00bb width_last_edited=\u00a0\u00bbon|phone\u00a0\u00bb custom_margin=\u00a0\u00bb30px||||false|true\u00a0\u00bb custom_padding=\u00a0\u00bb20px|33px||33px|false|true\u00a0\u00bb custom_padding_tablet=\u00a0\u00bb20px|33px||33px|false|true\u00a0\u00bb custom_padding_phone=\u00a0\u00bb|10px||10px|false|true\u00a0\u00bb global_colors_info=\u00a0\u00bb{}\u00a0\u00bb][et_pb_column type=\u00a0\u00bb4_4&Prime; _builder_version=\u00a0\u00bb4.19.0&Prime; _module_preset=\u00a0\u00bbdefault\u00a0\u00bb global_colors_info=\u00a0\u00bb{}\u00a0\u00bb][et_pb_text _builder_version=\u00a0\u00bb4.27.4&Prime; _module_preset=\u00a0\u00bbdefault\u00a0\u00bb locked=\u00a0\u00bboff\u00a0\u00bb global_colors_info=\u00a0\u00bb{}\u00a0\u00bb]<\/p>\n<h1>Les formatrices et les formateurs<\/h1>\n<p>[\/et_pb_text][\/et_pb_column][\/et_pb_row][et_pb_row column_structure=\u00a0\u00bb3_4,1_4&Prime; custom_padding_last_edited=\u00a0\u00bbon|phone\u00a0\u00bb _builder_version=\u00a0\u00bb4.27.3&Prime; _module_preset=\u00a0\u00bbdefault\u00a0\u00bb background_color=\u00a0\u00bb#FFFFFF\u00a0\u00bb width_tablet=\u00a0\u00bb\u00a0\u00bb width_phone=\u00a0\u00bb95%\u00a0\u00bb width_last_edited=\u00a0\u00bbon|phone\u00a0\u00bb custom_margin=\u00a0\u00bb-55px||||false|false\u00a0\u00bb custom_padding=\u00a0\u00bb|33px||33px|false|true\u00a0\u00bb custom_padding_tablet=\u00a0\u00bb|33px||33px|false|true\u00a0\u00bb custom_padding_phone=\u00a0\u00bb|10px||10px|false|true\u00a0\u00bb global_colors_info=\u00a0\u00bb{}\u00a0\u00bb][et_pb_column type=\u00a0\u00bb3_4&Prime; _builder_version=\u00a0\u00bb4.19.0&Prime; _module_preset=\u00a0\u00bbdefault\u00a0\u00bb global_colors_info=\u00a0\u00bb{}\u00a0\u00bb][et_pb_text _builder_version=\u00a0\u00bb4.27.4&Prime; _module_preset=\u00a0\u00bbdefault\u00a0\u00bb global_colors_info=\u00a0\u00bb{}\u00a0\u00bb]<\/p>\n<p style=\"text-align: justify;\">A l&rsquo;AGECIF, nous ne faisons pas le choix de formations avec de multiples intervenants qui viennent raconter leur histoire et parler de leurs exp\u00e9riences.<\/p>\n<p style=\"text-align: justify;\">Pour nous, un processus p\u00e9dagogique s&rsquo;instaure dans la dur\u00e9e et la qualit\u00e9 d\u2019une relation entre p\u00e9dagogues, stagiaires et organismes de formation.<\/p>\n<p style=\"text-align: justify;\">Nos formatrices et nos formateurs sont autant des professionnels de la p\u00e9dagogie que des professionnels de la culture. L&rsquo;ind\u00e9pendance de leur statut favorise leur <span style=\"color: #2271b1;\">libert\u00e9 de parole<\/span> et leur insertion dans une \u00e9quipe p\u00e9dagogique permet la <span style=\"color: #2271b1;\">coh\u00e9rence de notre propos<\/span>.<\/p>\n<p style=\"text-align: justify;\">E<span>clair\u00e9s par le futur, nous d\u00e9veloppons ensemble une vision actuelle des enjeux contemporains auxquels est confront\u00e9 le secteur culturel, le monde dans lequel il s\u2019inscrit et les personnes qui le servent<\/span>.<\/p>\n<p>[\/et_pb_text][et_pb_text _builder_version=\u00a0\u00bb4.27.4&Prime; _module_preset=\u00a0\u00bbdefault\u00a0\u00bb custom_padding=\u00a0\u00bb0px|||||\u00a0\u00bb global_colors_info=\u00a0\u00bb{}\u00a0\u00bb]<\/p>\n<p style=\"text-align: left;\">&#8211; <a href=\"https:\/\/wptestkevin.ovh\/.Dev\/vincent-adelus\/\" target=\"_blank\" rel=\"noopener\">Vincent ADELUS<\/a>\u00a0<em>Op\u00e9rateur culturel, d\u00e9veloppeur en France de la m\u00e9thode du feedback artistique<\/em><br \/>&#8211;\u00a0<a href=\"https:\/\/wptestkevin.ovh\/.Dev\/louise-asherson\/\" target=\"_blank\" rel=\"noopener\">Louise ASHERSON<\/a>\u00a0<em>Formatrice<\/em><br \/>&#8211;\u00a0<a href=\"https:\/\/wptestkevin.ovh\/.Dev\/anne-aubry\/\" target=\"_blank\" rel=\"noopener\">Anne AUBRY<\/a>\u00a0<em>Formatrice<\/em><br \/>&#8211;\u00a0<a href=\"https:\/\/wptestkevin.ovh\/.Dev\/stephane-barre\/\" target=\"_blank\" rel=\"noopener\">St\u00e9phane BARR\u00c9<\/a>\u00a0<em>Consultant<\/em><br \/>&#8211; <a href=\"https:\/\/wptestkevin.ovh\/.Dev\/fabienne-bernard\/\" target=\"_blank\" rel=\"noopener\">Fabienne BERNARD<\/a>\u00a0<em>Psychologue consultante et coach \u00e0 FB Conseil<\/em><br \/>&#8211;\u00a0<a href=\"https:\/\/wptestkevin.ovh\/.Dev\/christelle-blouet\/\" target=\"_blank\" rel=\"noopener\">Christelle BLOUET<\/a>\u00a0<em>Fondatrice et coordinatrice du R\u00e9seau culture 21<\/em><br \/>&#8211; <a href=\"https:\/\/wptestkevin.ovh\/.Dev\/claire-bodin\/\" target=\"_blank\" rel=\"noopener\">Claire BODIN<\/a>\u00a0<em>Directrice de\u00a0Pr\u00e9sence Compositrices et claveciniste<\/em><br \/>&#8211;\u00a0<a href=\"https:\/\/wptestkevin.ovh\/.Dev\/audrey-boistel-2\/\" target=\"_blank\" rel=\"noopener\">Audrey BOISTEL<\/a>\u00a0<em>Formatrice consultante et codirectrice adjointe du CCN de Roubaix Hauts de France<\/em><br \/>&#8211; <a href=\"https:\/\/wptestkevin.ovh\/.Dev\/anne-branchereau-rouger\/\" target=\"_blank\" rel=\"noopener\">Anne BRANCHEREAU-ROUGER<\/a>\u00a0<em>Consultante<\/em><br \/>&#8211; <a href=\"https:\/\/wptestkevin.ovh\/.Dev\/fabienne-brosseau\/\" target=\"_blank\" rel=\"noopener\">Fabienne BROSSEAU<\/a>\u00a0<em>Responsable partenariat m\u00e9dia \u00e0 la Philharmonie de Paris<\/em><br \/>&#8211; <a href=\"https:\/\/wptestkevin.ovh\/.Dev\/marie-claire-brown\/\" target=\"_blank\" rel=\"noopener\">Marie-Claire BROWN<\/a>\u00a0<em>Formatrice<\/em><br \/>&#8211;\u00a0<a href=\"https:\/\/wptestkevin.ovh\/.Dev\/conrad-cecil\/\" target=\"_blank\" rel=\"noopener\">Conrad CECIL<\/a>\u00a0<em>Acteur et Metteur en sc\u00e8ne<\/em><br \/>&#8211; <a href=\"https:\/\/wptestkevin.ovh\/.Dev\/jacques-chabrillat\/\" target=\"_blank\" rel=\"noopener\">Jacques CHABRILLAT<\/a>\u00a0<em>Responsable p\u00e9dagogique<\/em><br \/>&#8211; <a href=\"https:\/\/wptestkevin.ovh\/.Dev\/liane-chancerelle-soudin\/\" target=\"_blank\" rel=\"noopener\">Liane CHANCERELLE SOUDIN<\/a>\u00a0<em>Consultante<\/em><br \/>&#8211; <a href=\"https:\/\/wptestkevin.ovh\/.Dev\/fabien-colmant\/\" target=\"_blank\" rel=\"noopener\">Fabien COLMANT<\/a>\u00a0<em>Formateur<\/em><br \/>&#8211; <a href=\"https:\/\/wptestkevin.ovh\/.Dev\/monique-cognard\/\" target=\"_blank\" rel=\"noopener\">Monique COGNARD<\/a>\u00a0<em>Consultante et formatrice<\/em><br \/>&#8211; <a href=\"https:\/\/wptestkevin.ovh\/.Dev\/philippe-cuvellette\/\" target=\"_blank\" rel=\"noopener\">Philippe CUVELLETTE<\/a>\u00a0<em>Consultant<\/em><br \/>&#8211;\u00a0<a href=\"https:\/\/wptestkevin.ovh\/.Dev\/marie-josephe-dargent\/\" target=\"_blank\" rel=\"noopener\">Marie-Jos\u00e8phe DARGENT<\/a>\u00a0<em>Consultante,\u00a0formatrice et coach, Absolute Consultants<\/em><br \/>&#8211; <a href=\"https:\/\/wptestkevin.ovh\/.Dev\/denis-declerck\/\" target=\"_blank\" rel=\"noopener\">Denis DECLERCK<\/a>\u00a0<em>Sous-directeur pilotage et strat\u00e9gie RH au Minist\u00e8re de la Culture<\/em><br \/>&#8211; <a href=\"https:\/\/wptestkevin.ovh\/.Dev\/philippe-decoufle\/\" target=\"_blank\" rel=\"noopener\">Philippe DECOUFLE<\/a>\u00a0<em>Danseur,\u00a0chor\u00e9graphe et directeur artistique de la Compagnie DCA<\/em><br \/>&#8211; <a href=\"https:\/\/wptestkevin.ovh\/.Dev\/charlene-deduffeleer\/\" target=\"_blank\" rel=\"noopener\">Charl\u00e8ne DEDUFFELEER<\/a>\u00a0<em>Formatrice et administratrice de production<\/em><br \/>&#8211; <a href=\"https:\/\/wptestkevin.ovh\/.Dev\/scott-delhaise-ramond\/\" target=\"_blank\" rel=\"noopener\">Scott DELHAISE RAMOND<\/a>\u00a0<em>IPRP, Consultant et formateur<\/em><br \/>&#8211; <a href=\"https:\/\/wptestkevin.ovh\/.Dev\/tara-dickman\/\" target=\"_blank\" rel=\"noopener\">Tara DICKMAN<\/a>\u00a0<em>Consultante et formatrice<\/em><br \/>&#8211; <a href=\"https:\/\/wptestkevin.ovh\/.Dev\/thierry-fernandez-soler\/\" target=\"_blank\" rel=\"noopener\">Thierry FERNANDEZ SOLER<\/a>\u00a0<em>Directeur de Atelier Bleu<\/em><br \/>&#8211;\u00a0<a href=\"https:\/\/wptestkevin.ovh\/.Dev\/sebastien-fevre\/\" target=\"_blank\" rel=\"noopener\">S\u00e9bastien FEVRE<\/a>\u00a0<em>R\u00e9gisseur g\u00e9n\u00e9ral<\/em><br \/>&#8211; <a href=\"https:\/\/wptestkevin.ovh\/.Dev\/karin-garaialde-3\/\" target=\"_blank\" rel=\"noopener\">Karin GARAIALDE<\/a>\u00a0<em>Consultante\u00a0et formatrice en\u00a0Communication NonViolente<\/em><br \/>&#8211; <a href=\"https:\/\/wptestkevin.ovh\/.Dev\/jean-pierre-gegauff\/\" target=\"_blank\" rel=\"noopener\">Jean-Pierre GEGAUFF<\/a>\u00a0<em>Directeur technique en spectacle vivant<\/em><br \/>&#8211; <a href=\"https:\/\/wptestkevin.ovh\/.Dev\/sylvie-giraud-maillier\/\" target=\"_blank\" rel=\"noopener\">Sylvie GIRAUD-MAILLIER<\/a>\u00a0<em>Consultante et formatrice en communication<\/em><br \/>&#8211;\u00a0<a href=\"https:\/\/wptestkevin.ovh\/.Dev\/amandine-greilich\/\" target=\"_blank\" rel=\"noopener\">Amandine GREILICH<\/a>\u00a0<em>Formatrice et consultante en projets culturels<\/em><br \/>&#8211; <a href=\"https:\/\/wptestkevin.ovh\/.Dev\/fatima-hammouch\/\" target=\"_blank\" rel=\"noopener\">Fatima HAMMOUCH<\/a>\u00a0<em>Consultante et formatrice<\/em><br \/>&#8211; <a href=\"https:\/\/wptestkevin.ovh\/.Dev\/claire-de-hauteclocque\/\" target=\"_blank\" rel=\"noopener\">Claire de HAUTECLOCQUE<\/a>\u00a0<em>Consultante et formatrice<\/em><br \/>&#8211; <a href=\"https:\/\/wptestkevin.ovh\/.Dev\/thomas-honnet\/\" target=\"_blank\" rel=\"noopener\">Thomas HONNET<\/a>\u00a0<em>D\u00e9l\u00e9gu\u00e9 \u00e0 la Protection des Donn\u00e9es de la ville de Marseille<\/em><br \/>&#8211;\u00a0<a href=\"https:\/\/wptestkevin.ovh\/.Dev\/pauline-husy-4\/\" target=\"_blank\" rel=\"noopener\">Pauline HUSY<\/a>\u00a0<em>Formatrice<\/em><br \/>&#8211; <a href=\"https:\/\/wptestkevin.ovh\/.Dev\/caroline-jules\/\" target=\"_blank\" rel=\"noopener\">Caroline JULES<\/a>\u00a0<em>Consultante<\/em><br \/>&#8211; <a href=\"https:\/\/wptestkevin.ovh\/.Dev\/veronique-lahargue\/\" target=\"_blank\" rel=\"noopener\">V\u00e9ronique LAHARGUE<\/a>\u00a0<em>Consultante<\/em><br \/>&#8211; <a href=\"https:\/\/wptestkevin.ovh\/.Dev\/claire-lambert\/\" target=\"_blank\" rel=\"noopener\">Claire LAMBERT<\/a>\u00a0<em>Consultante, Charg\u00e9e de d\u00e9veloppement culturel<\/em><br \/>&#8211; <a href=\"https:\/\/wptestkevin.ovh\/.Dev\/stephanie-larchanche\/\" target=\"_blank\" rel=\"noopener\">St\u00e9phanie LARCHANCHE<\/a>\u00a0<em>Formatrice<\/em><br \/>&#8211; <a href=\"https:\/\/wptestkevin.ovh\/.Dev\/julie-legrand\/\" target=\"_blank\" rel=\"noopener\">Julie LEGRAND<\/a>\u00a0<em>Formatrice et consultante<\/em><br \/>&#8211; <a href=\"https:\/\/wptestkevin.ovh\/.Dev\/damien-lenet\/\">Damien LENET<\/a> <em>Formateur et consultant<\/em><br \/>&#8211; <a href=\"https:\/\/wptestkevin.ovh\/.Dev\/thierry-leonardi\/\" target=\"_blank\" rel=\"noopener\">Thierry LEONARDI<\/a>\u00a0<em>Formateur et consultant<\/em><br \/>&#8211; <a href=\"https:\/\/wptestkevin.ovh\/.Dev\/olivia-lindon\/\" target=\"_blank\" rel=\"noopener\">Olivia LINDON<\/a>\u00a0<em>Danseuse\u00a0et\u00a0chor\u00e9graphe de la Compagnie DCA<\/em><br \/>&#8211;\u00a0<a href=\"https:\/\/wptestkevin.ovh\/.Dev\/francois-lozet\/\" target=\"_blank\" rel=\"noopener\">Fran\u00e7ois LOZET<\/a>\u00a0<em>Formateur et consultant<br \/><\/em>&#8211; <a href=\"https:\/\/wptestkevin.ovh\/.Dev\/hermann-lugan\/\" target=\"_blank\" rel=\"noopener\">Hermann LUGAN<\/a> <em>Consultant<\/em><br \/>&#8211;\u00a0<a href=\"https:\/\/wptestkevin.ovh\/.Dev\/lea-massare-di-duca\/\" target=\"_blank\" rel=\"noopener\">L\u00e9a MASSAR\u00c9 DI DUCA<\/a>\u00a0<em>Consultante et formatrice<\/em><br \/>&#8211;\u00a0<a href=\"https:\/\/wptestkevin.ovh\/.Dev\/isabelle-meunier-besin\/\" target=\"_blank\" rel=\"noopener\">Isabelle MEUNIER-BESIN<\/a>\u00a0<em>Responsable service de n\u00e9gociation des contrats de production audiovisuelle \u00e0 la SACD<\/em><br \/>&#8211;\u00a0<a href=\"https:\/\/wptestkevin.ovh\/.Dev\/aurelie-mongis\/\" target=\"_blank\" rel=\"noopener\">Aur\u00e9lie MONGIS<\/a>\u00a0<em>Conseill\u00e8re au d\u00e9veloppement culturel et \u00e0 l&rsquo;\u00e9ducation artistique &#8211; Conseil D\u00e9partemental d&rsquo;Indre-et-Loire<\/em><br \/>&#8211;\u00a0<a href=\"https:\/\/wptestkevin.ovh\/.Dev\/sophie-mongis\/\" target=\"_blank\" rel=\"noopener\">Sophie MONGIS<\/a>\u00a0<em>Avocate au Barreau de Tours<\/em><br \/>&#8211; <a href=\"https:\/\/wptestkevin.ovh\/.Dev\/osiris-moukoko-priso\/\" target=\"_blank\" rel=\"noopener\">Osiris MOUKOKO-PRISO\u00a0<\/a><em>Formateur<\/em><br \/>&#8211; <a href=\"https:\/\/wptestkevin.ovh\/.Dev\/isabelle-nerin\/\" target=\"_blank\" rel=\"noopener\">Isabelle NERIN<\/a>\u00a0<em>Formatrice<\/em><br \/>&#8211;\u00a0<a href=\"https:\/\/wptestkevin.ovh\/.Dev\/julie-nioche\/\" target=\"_blank\" rel=\"noopener\">Julie NIOCHE<\/a>\u00a0<em>Chor\u00e9graphe, danseuse<\/em><br \/>&#8211; <a href=\"https:\/\/wptestkevin.ovh\/.Dev\/valerie-parickmiler-duguet\/\" target=\"_blank\" rel=\"noopener\">Val\u00e9rie PARICKMILER DUGUET<\/a>\u00a0<em>Conservateur en chef du patrimoine<\/em><br \/>&#8211;\u00a0<a href=\"https:\/\/wptestkevin.ovh\/.Dev\/anne-laure-pham\/\" target=\"_blank\" rel=\"noopener\">Anne-Laure PHAM<\/a>\u00a0<em>Consultante<\/em><br \/>&#8211;\u00a0<a href=\"https:\/\/wptestkevin.ovh\/.Dev\/sylvie-pelade\/\" target=\"_blank\" rel=\"noopener\">Sylvie PELADE<\/a>\u00a0<em>Consultante<\/em><br \/>&#8211; <a href=\"https:\/\/wptestkevin.ovh\/.Dev\/romain-prevalet\/\" target=\"_blank\" rel=\"noopener\">Romain PREVALET<\/a> <em>Consultant<\/em><br \/>&#8211; <a href=\"https:\/\/wptestkevin.ovh\/.Dev\/veronique-ray\/\" target=\"_blank\" rel=\"noopener\">V\u00e9ronique RAY<\/a>\u00a0<em>Responsable p\u00e9dagogique<\/em><br \/>&#8211; <a href=\"https:\/\/wptestkevin.ovh\/.Dev\/pauline-rochart\/\" target=\"_blank\" rel=\"noopener\">Pauline ROCHART<\/a>\u00a0<em>Consultante<\/em><br \/>&#8211; <a href=\"https:\/\/wptestkevin.ovh\/.Dev\/jacinto-rosa\/\" target=\"_blank\" rel=\"noopener\">Jacinto ROSA<\/a>\u00a0<em>Consultant\u00a0et formateur<\/em><br \/>&#8211; <a href=\"https:\/\/wptestkevin.ovh\/.Dev\/pauline-roth\/\" target=\"_blank\" rel=\"noopener\">Pauline ROTH<\/a>\u00a0<em>Juriste au sein du cabinet d\u2019avocat de Jean Vincent<\/em><br \/>&#8211; <a href=\"https:\/\/wptestkevin.ovh\/.Dev\/anne-roussel\/\" target=\"_blank\" rel=\"noopener\">Anne ROUSSEL<\/a>\u00a0<em>Responsable p\u00e9dagogique<\/em><br \/>&#8211; <a href=\"https:\/\/wptestkevin.ovh\/.Dev\/isabelle-sivan\/\" target=\"_blank\" rel=\"noopener\">Isabelle SIVAN<\/a>\u00a0<em>Avocate au Barreau de Paris<\/em><br \/>&#8211; <a href=\"https:\/\/wptestkevin.ovh\/.Dev\/philippe-stefanyszyn\/\" target=\"_blank\" rel=\"noopener\">Philippe STEFANYSZYN<\/a>\u00a0<em>Formateur<\/em><br \/>&#8211; <a href=\"https:\/\/wptestkevin.ovh\/.Dev\/nathalie-sultan-4\/\" target=\"_blank\" rel=\"noopener\">Nathalie SULTAN<\/a>\u00a0<em>Consultante et formatrice<\/em><br \/>&#8211;\u00a0<a href=\"https:\/\/wptestkevin.ovh\/.Dev\/jean-luc-tartera\/\" target=\"_blank\" rel=\"noopener\">Jean-Luc TARTERA<\/a>\u00a0<em>Consultant et formateur<\/em><br \/>&#8211; <a href=\"https:\/\/wptestkevin.ovh\/.Dev\/kevin-thoret\/\" target=\"_blank\" rel=\"noopener\">Kevin THORET<\/a>\u00a0<em>Responsable p\u00e9dagogique<\/em><br \/>&#8211; <a href=\"https:\/\/wptestkevin.ovh\/.Dev\/gregory-vanheulle\/\" target=\"_blank\" rel=\"noopener\">Gregory VANHEULLE<\/a>\u00a0<em>R\u00e9gisseur lumi\u00e8re de la Compagnie DCA<\/em><br \/>&#8211;\u00a0<a href=\"https:\/\/wptestkevin.ovh\/.Dev\/anne-lise-vinciguerra\/\" target=\"_blank\" rel=\"noopener\">Anne-Lise VINCIGUERRA<\/a>\u00a0<em>Directrice de La Petite, Directrice d&rsquo;\u00e9tudes \u00e0 illusion et macadam<\/em><br \/>&#8211;\u00a0<a href=\"https:\/\/wptestkevin.ovh\/.Dev\/rachel-wadoux\/\" target=\"_blank\" rel=\"noopener\">Rachel WADOUX<\/a>\u00a0<em>Consultante<\/em><br \/>&#8211;\u00a0<a href=\"https:\/\/wptestkevin.ovh\/.Dev\/lea-zaouk\/\" target=\"_blank\" rel=\"noopener\">L\u00e9a ZAOUK<\/a>\u00a0<em>Formatrice<\/em><\/p>\n<p>[\/et_pb_text][\/et_pb_column][et_pb_column type=\u00a0\u00bb1_4&Prime; _builder_version=\u00a0\u00bb4.19.0&Prime; _module_preset=\u00a0\u00bbdefault\u00a0\u00bb global_colors_info=\u00a0\u00bb{}\u00a0\u00bb][et_pb_image src=\u00a0\u00bbhttp:\/\/wptestkevin.ovh\/.Dev\/wp-content\/uploads\/2023\/07\/Le_Point_Statista2.png\u00a0\u00bb title_text=\u00a0\u00bbLe_Point_Statista2&Prime; align=\u00a0\u00bbcenter\u00a0\u00bb _builder_version=\u00a0\u00bb4.27.3&Prime; _module_preset=\u00a0\u00bbdefault\u00a0\u00bb global_colors_info=\u00a0\u00bb{}\u00a0\u00bb][\/et_pb_image][et_pb_blog fullwidth=\u00a0\u00bboff\u00a0\u00bb posts_number=\u00a0\u00bb2&Prime; include_categories=\u00a0\u00bball\u00a0\u00bb meta_date=\u00a0\u00bbj,M,Y\u00a0\u00bb use_manual_excerpt=\u00a0\u00bboff\u00a0\u00bb excerpt_length=\u00a0\u00bb150&Prime; show_more=\u00a0\u00bbon\u00a0\u00bb show_author=\u00a0\u00bboff\u00a0\u00bb show_pagination=\u00a0\u00bboff\u00a0\u00bb _builder_version=\u00a0\u00bb4.27.4&Prime; _module_preset=\u00a0\u00bbdefault\u00a0\u00bb global_colors_info=\u00a0\u00bb{}\u00a0\u00bb][\/et_pb_blog][\/et_pb_column][\/et_pb_row][et_pb_row column_structure=\u00a0\u00bb3_5,2_5&Prime; _builder_version=\u00a0\u00bb4.21.0&Prime; _module_preset=\u00a0\u00bbdefault\u00a0\u00bb global_colors_info=\u00a0\u00bb{}\u00a0\u00bb][et_pb_column type=\u00a0\u00bb3_5&Prime; _builder_version=\u00a0\u00bb4.21.0&Prime; _module_preset=\u00a0\u00bbdefault\u00a0\u00bb global_colors_info=\u00a0\u00bb{}\u00a0\u00bb][\/et_pb_column][et_pb_column type=\u00a0\u00bb2_5&Prime; _builder_version=\u00a0\u00bb4.21.0&Prime; _module_preset=\u00a0\u00bbdefault\u00a0\u00bb global_colors_info=\u00a0\u00bb{}\u00a0\u00bb][et_pb_text _builder_version=\u00a0\u00bb4.21.0&Prime; _module_preset=\u00a0\u00bbdefault\u00a0\u00bb text_orientation=\u00a0\u00bbcenter\u00a0\u00bb custom_padding=\u00a0\u00bb10px||10px||true|false\u00a0\u00bb border_width_all=\u00a0\u00bb1px\u00a0\u00bb border_color_all=\u00a0\u00bb#d8d8d8&Prime; global_colors_info=\u00a0\u00bb{}\u00a0\u00bb]<\/p>\n<p>[lmt-post-modified-info]<\/p>\n<p>[\/et_pb_text][\/et_pb_column][\/et_pb_row][\/et_pb_section]<\/p>\n","protected":false},"excerpt":{"rendered":"<p>Trouvez rapidement votre formation gr\u00e2ce \u00e0 la recherche par th\u00e8mes exemple : handicap, VHSS, droit d&rsquo;auteur, RSE, sobri\u00e9t\u00e9 \u00e9nerg\u00e9tique, communication, m\u00e9diation artistique, etc&#8230;Les formatrices et les formateursA l&rsquo;AGECIF, nous ne faisons pas le choix de formations avec de multiples intervenants qui viennent raconter leur histoire et parler de leurs exp\u00e9riences. Pour nous, un processus p\u00e9dagogique [&hellip;]<\/p>\n","protected":false},"author":1,"featured_media":0,"parent":0,"menu_order":0,"comment_status":"closed","ping_status":"closed","template":"","meta":{"_et_pb_use_builder":"on","_et_pb_old_content":"","_et_gb_content_width":"","footnotes":""},"class_list":["post-501","page","type-page","status-publish","hentry"],"_links":{"self":[{"href":"https:\/\/wptestkevin.ovh\/.Dev\/wp-json\/wp\/v2\/pages\/501","targetHints":{"allow":["GET"]}}],"collection":[{"href":"https:\/\/wptestkevin.ovh\/.Dev\/wp-json\/wp\/v2\/pages"}],"about":[{"href":"https:\/\/wptestkevin.ovh\/.Dev\/wp-json\/wp\/v2\/types\/page"}],"author":[{"embeddable":true,"href":"https:\/\/wptestkevin.ovh\/.Dev\/wp-json\/wp\/v2\/users\/1"}],"replies":[{"embeddable":true,"href":"https:\/\/wptestkevin.ovh\/.Dev\/wp-json\/wp\/v2\/comments?post=501"}],"version-history":[{"count":239,"href":"https:\/\/wptestkevin.ovh\/.Dev\/wp-json\/wp\/v2\/pages\/501\/revisions"}],"predecessor-version":[{"id":9200,"href":"https:\/\/wptestkevin.ovh\/.Dev\/wp-json\/wp\/v2\/pages\/501\/revisions\/9200"}],"wp:attachment":[{"href":"https:\/\/wptestkevin.ovh\/.Dev\/wp-json\/wp\/v2\/media?parent=501"}],"curies":[{"name":"wp","href":"https:\/\/api.w.org\/{rel}","templated":true}]}}