{"id":3453,"date":"2024-05-06T13:51:49","date_gmt":"2024-05-06T11:51:49","guid":{"rendered":"https:\/\/wptestkevin.ovh\/.Dev\/?page_id=3453"},"modified":"2025-04-02T15:31:48","modified_gmt":"2025-04-02T13:31:48","slug":"la-qualite-selon-lagecif","status":"publish","type":"page","link":"https:\/\/wptestkevin.ovh\/.Dev\/la-qualite-selon-lagecif\/","title":{"rendered":"La qualit\u00e9 selon l&rsquo;AGECIF"},"content":{"rendered":"<p>[et_pb_section fb_built=\u00a0\u00bb1&Prime; _builder_version=\u00a0\u00bb4.21.0&Prime; _module_preset=\u00a0\u00bbdefault\u00a0\u00bb background_color=\u00a0\u00bbgcid-0429de00-debb-4ba4-bbe8-f1178a68dceb\u00a0\u00bb custom_margin=\u00a0\u00bb0px||0px||false|false\u00a0\u00bb custom_padding=\u00a0\u00bb0px||0px||false|false\u00a0\u00bb animation_style=\u00a0\u00bbfade\u00a0\u00bb da_disable_devices=\u00a0\u00bboff|off|off\u00a0\u00bb global_colors_info=\u00a0\u00bb{%22gcid-0429de00-debb-4ba4-bbe8-f1178a68dceb%22:%91%22background_color%22%93}\u00a0\u00bb da_is_popup=\u00a0\u00bboff\u00a0\u00bb da_exit_intent=\u00a0\u00bboff\u00a0\u00bb da_has_close=\u00a0\u00bbon\u00a0\u00bb da_alt_close=\u00a0\u00bboff\u00a0\u00bb da_dark_close=\u00a0\u00bboff\u00a0\u00bb da_not_modal=\u00a0\u00bbon\u00a0\u00bb da_is_singular=\u00a0\u00bboff\u00a0\u00bb da_with_loader=\u00a0\u00bboff\u00a0\u00bb da_has_shadow=\u00a0\u00bbon\u00a0\u00bb][et_pb_row use_custom_gutter=\u00a0\u00bbon\u00a0\u00bb gutter_width=\u00a0\u00bb1&Prime; make_equal=\u00a0\u00bbon\u00a0\u00bb custom_padding_last_edited=\u00a0\u00bbon|phone\u00a0\u00bb _builder_version=\u00a0\u00bb4.27.3&Prime; _module_preset=\u00a0\u00bbdefault\u00a0\u00bb background_color=\u00a0\u00bb#FFFFFF\u00a0\u00bb background_image=\u00a0\u00bbhttp:\/\/wptestkevin.ovh\/.Dev\/wp-content\/uploads\/2024\/11\/capucine-cut3.jpg\u00a0\u00bb z_index=\u00a0\u00bb5&Prime; width=\u00a0\u00bb100%\u00a0\u00bb max_width=\u00a0\u00bb100%\u00a0\u00bb custom_margin=\u00a0\u00bb0px|0px||0px|false|false\u00a0\u00bb custom_padding=\u00a0\u00bb50px|0px|50px|0px|false|false\u00a0\u00bb custom_padding_tablet=\u00a0\u00bb50px|0px|50px|0px|false|false\u00a0\u00bb custom_padding_phone=\u00a0\u00bb50px|10px|50px|10px|false|true\u00a0\u00bb global_colors_info=\u00a0\u00bb{}\u00a0\u00bb][et_pb_column type=\u00a0\u00bb4_4&Prime; _builder_version=\u00a0\u00bb4.19.0&Prime; _module_preset=\u00a0\u00bbdefault\u00a0\u00bb global_colors_info=\u00a0\u00bb{}\u00a0\u00bb][et_pb_text _builder_version=\u00a0\u00bb4.21.0&Prime; _module_preset=\u00a0\u00bbdefault\u00a0\u00bb custom_margin=\u00a0\u00bb||25px||false|false\u00a0\u00bb global_colors_info=\u00a0\u00bb{}\u00a0\u00bb]<\/p>\n<h2 style=\"text-align: center;\"><span style=\"color: #ffffff;\">Trouvez rapidement votre formation gr\u00e2ce \u00e0 la recherche par th\u00e8mes<\/span><\/h2>\n<p style=\"text-align: center;\"><span style=\"color: #ffffff;\">exemple : handicap, VHSS, droit d&rsquo;auteur, RSE, sobri\u00e9t\u00e9 \u00e9nerg\u00e9tique, communication, m\u00e9diation artistique, etc&#8230;<\/span><\/p>\n<p>[\/et_pb_text][et_pb_code _builder_version=\u00a0\u00bb4.19.0&Prime; _module_preset=\u00a0\u00bbdefault\u00a0\u00bb z_index=\u00a0\u00bb0&Prime; custom_padding=\u00a0\u00bb|0px||0px|false|true\u00a0\u00bb global_colors_info=\u00a0\u00bb{}\u00a0\u00bb]<!-- Start of Site Search 360 Search Box --><\/p>\n<section role=\"search\" data-ss360=\"true\">   <input type=\"search\" id=\"searchBox\" placeholder=\"Search\u2026\">   <button id=\"searchButton\"><\/button><\/section>\n<p><!-- End of Site Search 360 Search Box -->[\/et_pb_code][\/et_pb_column][\/et_pb_row][et_pb_row custom_padding_last_edited=\u00a0\u00bbon|phone\u00a0\u00bb _builder_version=\u00a0\u00bb4.27.4&Prime; _module_preset=\u00a0\u00bbdefault\u00a0\u00bb background_color=\u00a0\u00bb#FFFFFF\u00a0\u00bb width_tablet=\u00a0\u00bb\u00a0\u00bb width_phone=\u00a0\u00bb95%\u00a0\u00bb width_last_edited=\u00a0\u00bbon|phone\u00a0\u00bb custom_margin=\u00a0\u00bb30px||||false|true\u00a0\u00bb custom_padding=\u00a0\u00bb20px|33px||33px|false|true\u00a0\u00bb custom_padding_tablet=\u00a0\u00bb20px|33px||33px|false|true\u00a0\u00bb custom_padding_phone=\u00a0\u00bb|10px||10px|false|true\u00a0\u00bb global_colors_info=\u00a0\u00bb{}\u00a0\u00bb][et_pb_column type=\u00a0\u00bb4_4&Prime; _builder_version=\u00a0\u00bb4.19.0&Prime; _module_preset=\u00a0\u00bbdefault\u00a0\u00bb global_colors_info=\u00a0\u00bb{}\u00a0\u00bb][et_pb_text _builder_version=\u00a0\u00bb4.25.0&Prime; _module_preset=\u00a0\u00bbdefault\u00a0\u00bb global_colors_info=\u00a0\u00bb{}\u00a0\u00bb]<\/p>\n<h1>La qualit\u00e9 selon l&rsquo;AGECIF<\/h1>\n<p>[\/et_pb_text][\/et_pb_column][\/et_pb_row][et_pb_row column_structure=\u00a0\u00bb3_4,1_4&Prime; custom_padding_last_edited=\u00a0\u00bbon|phone\u00a0\u00bb _builder_version=\u00a0\u00bb4.27.4&Prime; _module_preset=\u00a0\u00bbdefault\u00a0\u00bb background_color=\u00a0\u00bb#FFFFFF\u00a0\u00bb width_tablet=\u00a0\u00bb\u00a0\u00bb width_phone=\u00a0\u00bb95%\u00a0\u00bb width_last_edited=\u00a0\u00bbon|phone\u00a0\u00bb custom_margin=\u00a0\u00bb-55px||||false|false\u00a0\u00bb custom_padding=\u00a0\u00bb|33px||33px|false|true\u00a0\u00bb custom_padding_tablet=\u00a0\u00bb|33px||33px|false|true\u00a0\u00bb custom_padding_phone=\u00a0\u00bb|10px||10px|false|true\u00a0\u00bb custom_css_free_form=\u00a0\u00bbh6 {||\tpadding-bottom: 1em;||\tmargin: 0;||    padding: 0;||\ttext-align: left;||\tfont-family: &lsquo;Open Sans&rsquo;,Helvetica,Arial,Lucida,sans-serif;||\tcolor: #0068cf;||    line-height: 1.7em;||    font-weight: bold;||}\u00a0\u00bb global_colors_info=\u00a0\u00bb{}\u00a0\u00bb][et_pb_column type=\u00a0\u00bb3_4&Prime; _builder_version=\u00a0\u00bb4.19.0&Prime; _module_preset=\u00a0\u00bbdefault\u00a0\u00bb global_colors_info=\u00a0\u00bb{}\u00a0\u00bb][et_pb_text _builder_version=\u00a0\u00bb4.27.4&Prime; _module_preset=\u00a0\u00bbdefault\u00a0\u00bb global_colors_info=\u00a0\u00bb{}\u00a0\u00bb]<\/p>\n<p style=\"text-align: justify;\"><span style=\"color: #2271b1;\"><strong>L&rsquo;AGECIF, des professionnels de la formation au service de la formation professionnelle.<\/strong><\/span><\/p>\n<p style=\"text-align: justify;\">Voici les quelques raisons factuelles qui expliquent la qualit\u00e9 de nos formations.<\/p>\n<p style=\"text-align: justify;\"><strong><span style=\"color: #2271b1;\">1.<\/span><\/strong>\u00a0 <strong><a href=\"https:\/\/www.isqcertification.com\/\" target=\"_blank\" rel=\"noopener\">Labellis\u00e9s OPQF<\/a><\/strong>,<strong> <span style=\"color: #2271b1;\">la Rolls Royce de la Qualit\u00e9 depuis 2011 <\/span><\/strong>pour notre d\u00e9marche et nos processus qualit\u00e9, nous sommes maintenant, <span style=\"color: #2271b1;\"><strong>depuis 2021<\/strong><\/span> <strong><a href=\"http:\/\/wptestkevin.ovh\/.Dev\/wp-content\/uploads\/2024\/04\/Certificat-QUALIOPI.pdf\" rel=\"attachment noopener wp-att-2948\" target=\"_blank\">Certifi\u00e9s QUALIOPI<\/a><\/strong>.<\/p>\n<p style=\"text-align: justify;\"><strong><span style=\"color: #2271b1;\">2.<\/span><\/strong>\u00a0<span style=\"color: #2271b1;\">Nos stagiaires sont tous en activit\u00e9\u00a0<\/span>\u00e0 diff\u00e9rents postes \u00e0 responsabilit\u00e9s ou non, nous mutualisons leurs exp\u00e9riences, les bonnes et les mauvaises, d\u2019un groupe \u00e0 l\u2019autre, d\u2019un secteur \u00e0 l\u2019autre, d\u2019un territoire \u00e0 l\u2019autre. Les \u00e9changes sont tr\u00e8s importants entre les participants.<\/p>\n<p style=\"text-align: justify;\"><strong><span style=\"color: #2271b1;\">3.<\/span><\/strong>\u00a0Nos formateurs animent entre 20 et 80 journ\u00e9es de formation par an depuis longtemps. Ce sont de vrais p\u00e9dagogues en plus d\u2019\u00eatre de vrais professionnels du secteur.<\/p>\n<p style=\"text-align: justify;\"><strong><span style=\"color: #2271b1;\">4.<\/span>\u00a0<\/strong>Nos formateurs font partie d\u2019une <span style=\"color: #2271b1;\">v\u00e9ritable \u00e9quipe p\u00e9dagogique<\/span>\u00a0qui se rencontre depuis longtemps formellement lors des r\u00e9unions professionnelles et informellement, il peut y avoir 5 \u00e0 6 formations le m\u00eame jour \u00e0 l\u2019AGECIF. Ils mutualisent leurs exp\u00e9riences.<\/p>\n<p style=\"text-align: justify;\"><strong><span style=\"color: #2271b1;\">5.<\/span>\u00a0<\/strong>Nous sommes <span style=\"color: #2271b1;\">sp\u00e9cialis\u00e9s sur les comp\u00e9tences des fonctions supports<\/span> (Gestion, administration, droit, communication, internet, informatique, anglais, VHSS, sobri\u00e9t\u00e9 \u00e9nerg\u00e9tique, handicap).<\/p>\n<p style=\"text-align: justify;\"><strong><span style=\"color: #2271b1;\">6. <\/span><\/strong><span style=\"color: #2271b1;\">L&rsquo;\u00e9tendue de notre offre, plus de 200 th\u00e9matiques, permet d\u2019individualiser les parcours <\/span>de formations et de les inscrire dans la dur\u00e9e, sur plusieurs ann\u00e9es<strong>.<\/strong><\/p>\n<p style=\"text-align: justify;\"><strong><span style=\"color: #2271b1;\">7.<\/span><\/strong>\u00a0<span style=\"color: #2271b1;\">Nous \u00e9valuons plus de 500 sessions de formation par an<\/span>. Pr\u00e8s de\u00a06 000 questionnaires d\u2019\u00e9valuation sont envoy\u00e9 chaque ann\u00e9e.<\/p>\n<p style=\"text-align: justify;\"><strong><span style=\"color: #2271b1;\">8.<\/span>\u00a0<\/strong>Chaque formation se d\u00e9roule entre 2 et 8 fois par an depuis des ann\u00e9es, ce ne sont pas des prototypes.<\/p>\n<p style=\"text-align: justify;\"><strong><span style=\"color: #2271b1;\">9.<\/span>\u00a0<\/strong>Nous n\u2019avons qu\u2019<span style=\"color: #2271b1;\">un intervenant par session de formation<\/span>, ce qui permet de construire de v\u00e9ritables programmes p\u00e9dagogiques avec des objectifs \u00e9valuables, c\u2019est cela la formation aujourd\u2019hui. Cela nous permet de faire \u00e9voluer en temps r\u00e9els nos formations en fonction des participants, de leurs attentes et niveaux. De l\u2019 \u00ab adaptative learning \u00bb en quelque sorte.<\/p>\n<p style=\"text-align: justify;\"><strong><span style=\"color: #2271b1;\">10.<\/span>\u00a0<\/strong>Nos formations, ne sont pas des \u00ab formations m\u00e9tier \u00bb ou des \u00ab formations secteur \u00bb mais <span style=\"color: #2271b1;\">des formations sur des comp\u00e9tences transversales<\/span>. Elles permettent des \u00e9volutions professionnelles et des rencontres entre des personnes d\u2019univers diff\u00e9rents en termes de type et de taille de structures, de secteurs, de fonctions&#8230; On sait que les m\u00e9tiers de demain ne sont pas les m\u00e9tiers d\u2019aujourd\u2019hui. On sait \u00e9galement que les personnes changeront de m\u00e9tiers plusieurs fois dans leurs vies professionnelles.<\/p>\n<p style=\"text-align: justify;\"><strong><span style=\"color: #2271b1;\">11. <\/span><\/strong><span style=\"color: #2271b1;\">Nos formations sont modulaires<\/span> et travaill\u00e9es pour \u00eatre <span style=\"color: #2271b1;\">toutes ind\u00e9pendantes et compl\u00e9mentaires<\/span>.<\/p>\n<p style=\"text-align: justify;\"><strong><span style=\"color: #2271b1;\">12.<\/span>\u00a0<\/strong>Nous avons une forte conscience qu\u2019une personne form\u00e9e <span style=\"color: #2271b1;\">irrigue, par ses connaissances, ses m\u00e9thodes et ses savoirs faires nouvellement acquis, une \u00e9quipe, une entreprise, voire un territoire, un pays<\/span>. Nos m\u00e9thodes p\u00e9dagogiques, orient\u00e9es sur le rapport qu\u2019entretient le participant \u00e0 l\u2019apprentissage et \u00e0 la connaissance, favorisent la transmission de pairs \u00e0 pairs \u00e0 l\u2019issue de la formation, mais aussi lui permettent de d\u00e9velopper son propre \u00ab capital cognitif \u00bb, sa capacit\u00e9 \u00e0 apprendre en permanence.<\/p>\n<p style=\"text-align: justify;\"><strong><span style=\"color: #2271b1;\">13.<\/span>\u00a0<\/strong>35% de nos formations se r\u00e9alisent dans les structures m\u00eames, formations en intra. Nous passons beaucoup de temps \u00e0 les adapter \u00e0 des r\u00e9alit\u00e9s tr\u00e8s diff\u00e9rentes. Ce qui permet de faire \u00e9voluer aussi nos formations catalogue.<\/p>\n<p style=\"text-align: justify;\"><strong><span style=\"color: #2271b1;\">14.<\/span>\u00a0<\/strong>Nous avons <span style=\"color: #2271b1;\">une \u00e9quipe d\u00e9di\u00e9e <\/span>pr\u00e9sente 52 semaines par an, 10 heures par jour et 5 jours par semaine.<\/p>\n<p style=\"text-align: justify;\"><strong><span style=\"color: #2271b1;\">15. <\/span><\/strong><span style=\"color: #2271b1;\">L\u2019inscription \u00e0 nos formations ne se fait pas en 3 clics<\/span>. Des \u00e9changes pr\u00e9alables valident l\u2019ad\u00e9quation entre les attentes des participants et les objectifs assign\u00e9s \u00e0 nos formations.<\/p>\n<p style=\"text-align: justify;\"><strong><span style=\"color: #2271b1;\">16.<\/span>\u00a0<\/strong>Nous r\u00e9alisons <span style=\"color: #2271b1;\">plus de 1 000 jours de formation pour plus de 3 000 stagiaires par an<\/span>, on commence \u00e0 conna\u00eetre les attentes et les besoins du secteur et des personnes.<\/p>\n<p style=\"text-align: justify;\"><strong><span style=\"color: #2271b1;\">17.<\/span>\u00a0<\/strong> <span style=\"color: #2271b1;\">Nous n\u2019avons plus de catalogue papier<\/span>, c\u2019est bon pour la plan\u00e8te et cela nous permet d\u2019\u00eatre tr\u00e8s r\u00e9actifs en cr\u00e9ation de formations ou de sessions ou pour faire \u00e9voluer nos contenus en temps r\u00e9el.<\/p>\n<p style=\"text-align: justify;\"><strong><span style=\"color: #2271b1;\">18.<\/span>\u00a0<\/strong>Le Point et Statista ont class\u00e9 l\u2019AGECIF parmi \u00ab Les meilleurs instituts de formation de France \u00bb tous secteurs \u00e9conomique confondus en avril 2021, de la 1\u00e8re place \u00e0 la 14\u00e8me suivant les familles de formations. Une reconnaissance incroyable ! Une v\u00e9ritable Palme d\u2019or.<\/p>\n<p>[\/et_pb_text][\/et_pb_column][et_pb_column type=\u00a0\u00bb1_4&Prime; _builder_version=\u00a0\u00bb4.19.0&Prime; _module_preset=\u00a0\u00bbdefault\u00a0\u00bb global_colors_info=\u00a0\u00bb{}\u00a0\u00bb][et_pb_image src=\u00a0\u00bbhttp:\/\/wptestkevin.ovh\/.Dev\/wp-content\/uploads\/2023\/07\/Le_Point_Statista2.png\u00a0\u00bb title_text=\u00a0\u00bbLe_Point_Statista2&Prime; _builder_version=\u00a0\u00bb4.19.0&Prime; _module_preset=\u00a0\u00bbdefault\u00a0\u00bb global_colors_info=\u00a0\u00bb{}\u00a0\u00bb][\/et_pb_image][et_pb_blog fullwidth=\u00a0\u00bboff\u00a0\u00bb posts_number=\u00a0\u00bb1&Prime; include_categories=\u00a0\u00bball\u00a0\u00bb meta_date=\u00a0\u00bbj,M,Y\u00a0\u00bb use_manual_excerpt=\u00a0\u00bboff\u00a0\u00bb excerpt_length=\u00a0\u00bb150&Prime; show_more=\u00a0\u00bbon\u00a0\u00bb show_author=\u00a0\u00bboff\u00a0\u00bb show_pagination=\u00a0\u00bboff\u00a0\u00bb _builder_version=\u00a0\u00bb4.27.4&Prime; _module_preset=\u00a0\u00bbdefault\u00a0\u00bb global_colors_info=\u00a0\u00bb{}\u00a0\u00bb][\/et_pb_blog][\/et_pb_column][\/et_pb_row][et_pb_row column_structure=\u00a0\u00bb3_5,2_5&Prime; _builder_version=\u00a0\u00bb4.21.0&Prime; _module_preset=\u00a0\u00bbdefault\u00a0\u00bb global_colors_info=\u00a0\u00bb{}\u00a0\u00bb][et_pb_column type=\u00a0\u00bb3_5&Prime; _builder_version=\u00a0\u00bb4.21.0&Prime; _module_preset=\u00a0\u00bbdefault\u00a0\u00bb global_colors_info=\u00a0\u00bb{}\u00a0\u00bb][\/et_pb_column][et_pb_column type=\u00a0\u00bb2_5&Prime; _builder_version=\u00a0\u00bb4.21.0&Prime; _module_preset=\u00a0\u00bbdefault\u00a0\u00bb global_colors_info=\u00a0\u00bb{}\u00a0\u00bb][et_pb_text _builder_version=\u00a0\u00bb4.21.0&Prime; _module_preset=\u00a0\u00bbdefault\u00a0\u00bb text_orientation=\u00a0\u00bbcenter\u00a0\u00bb custom_padding=\u00a0\u00bb10px||10px||true|false\u00a0\u00bb border_width_all=\u00a0\u00bb1px\u00a0\u00bb border_color_all=\u00a0\u00bb#d8d8d8&Prime; global_colors_info=\u00a0\u00bb{}\u00a0\u00bb]<\/p>\n<p>[lmt-post-modified-info]<\/p>\n<p>[\/et_pb_text][\/et_pb_column][\/et_pb_row][\/et_pb_section]<\/p>\n","protected":false},"excerpt":{"rendered":"<p>Trouvez rapidement votre formation gr\u00e2ce \u00e0 la recherche par th\u00e8mes exemple : handicap, VHSS, droit d&rsquo;auteur, RSE, sobri\u00e9t\u00e9 \u00e9nerg\u00e9tique, communication, m\u00e9diation artistique, etc&#8230;La qualit\u00e9 selon l&rsquo;AGECIFL&rsquo;AGECIF, des professionnels de la formation au service de la formation professionnelle. Voici les quelques raisons factuelles qui expliquent la qualit\u00e9 de nos formations. 1.\u00a0 Labellis\u00e9s OPQF, la Rolls Royce [&hellip;]<\/p>\n","protected":false},"author":1,"featured_media":0,"parent":0,"menu_order":0,"comment_status":"closed","ping_status":"closed","template":"","meta":{"_et_pb_use_builder":"on","_et_pb_old_content":"","_et_gb_content_width":"","footnotes":""},"class_list":["post-3453","page","type-page","status-publish","hentry"],"_links":{"self":[{"href":"https:\/\/wptestkevin.ovh\/.Dev\/wp-json\/wp\/v2\/pages\/3453","targetHints":{"allow":["GET"]}}],"collection":[{"href":"https:\/\/wptestkevin.ovh\/.Dev\/wp-json\/wp\/v2\/pages"}],"about":[{"href":"https:\/\/wptestkevin.ovh\/.Dev\/wp-json\/wp\/v2\/types\/page"}],"author":[{"embeddable":true,"href":"https:\/\/wptestkevin.ovh\/.Dev\/wp-json\/wp\/v2\/users\/1"}],"replies":[{"embeddable":true,"href":"https:\/\/wptestkevin.ovh\/.Dev\/wp-json\/wp\/v2\/comments?post=3453"}],"version-history":[{"count":20,"href":"https:\/\/wptestkevin.ovh\/.Dev\/wp-json\/wp\/v2\/pages\/3453\/revisions"}],"predecessor-version":[{"id":8493,"href":"https:\/\/wptestkevin.ovh\/.Dev\/wp-json\/wp\/v2\/pages\/3453\/revisions\/8493"}],"wp:attachment":[{"href":"https:\/\/wptestkevin.ovh\/.Dev\/wp-json\/wp\/v2\/media?parent=3453"}],"curies":[{"name":"wp","href":"https:\/\/api.w.org\/{rel}","templated":true}]}}