{"id":235,"date":"2023-03-30T15:08:19","date_gmt":"2023-03-30T13:08:19","guid":{"rendered":"http:\/\/wptestkevin.ovh\/.Dev\/?page_id=235"},"modified":"2025-04-01T15:38:16","modified_gmt":"2025-04-01T13:38:16","slug":"paie","status":"publish","type":"page","link":"https:\/\/wptestkevin.ovh\/.Dev\/paie\/","title":{"rendered":"Paie"},"content":{"rendered":"<p>[et_pb_section fb_built=\u00a0\u00bb1&Prime; _builder_version=\u00a0\u00bb4.21.0&Prime; _module_preset=\u00a0\u00bbdefault\u00a0\u00bb background_color=\u00a0\u00bbgcid-0429de00-debb-4ba4-bbe8-f1178a68dceb\u00a0\u00bb custom_margin=\u00a0\u00bb0px||0px||false|false\u00a0\u00bb custom_padding=\u00a0\u00bb0px||0px||false|false\u00a0\u00bb animation_style=\u00a0\u00bbfade\u00a0\u00bb da_disable_devices=\u00a0\u00bboff|off|off\u00a0\u00bb global_colors_info=\u00a0\u00bb{%22gcid-0429de00-debb-4ba4-bbe8-f1178a68dceb%22:%91%22background_color%22%93}\u00a0\u00bb da_is_popup=\u00a0\u00bboff\u00a0\u00bb da_exit_intent=\u00a0\u00bboff\u00a0\u00bb da_has_close=\u00a0\u00bbon\u00a0\u00bb da_alt_close=\u00a0\u00bboff\u00a0\u00bb da_dark_close=\u00a0\u00bboff\u00a0\u00bb da_not_modal=\u00a0\u00bbon\u00a0\u00bb da_is_singular=\u00a0\u00bboff\u00a0\u00bb da_with_loader=\u00a0\u00bboff\u00a0\u00bb da_has_shadow=\u00a0\u00bbon\u00a0\u00bb][et_pb_row use_custom_gutter=\u00a0\u00bbon\u00a0\u00bb gutter_width=\u00a0\u00bb1&Prime; make_equal=\u00a0\u00bbon\u00a0\u00bb custom_padding_last_edited=\u00a0\u00bbon|phone\u00a0\u00bb _builder_version=\u00a0\u00bb4.27.3&Prime; _module_preset=\u00a0\u00bbdefault\u00a0\u00bb background_color=\u00a0\u00bb#FFFFFF\u00a0\u00bb background_image=\u00a0\u00bbhttp:\/\/wptestkevin.ovh\/.Dev\/wp-content\/uploads\/2024\/11\/capucine-cut3.jpg\u00a0\u00bb z_index=\u00a0\u00bb5&Prime; width=\u00a0\u00bb100%\u00a0\u00bb max_width=\u00a0\u00bb100%\u00a0\u00bb custom_margin=\u00a0\u00bb0px|0px||0px|false|false\u00a0\u00bb custom_padding=\u00a0\u00bb50px|0px|50px|0px|false|true\u00a0\u00bb custom_padding_tablet=\u00a0\u00bb50px|0px|50px|0px|false|true\u00a0\u00bb custom_padding_phone=\u00a0\u00bb|10px||10px|false|true\u00a0\u00bb global_colors_info=\u00a0\u00bb{}\u00a0\u00bb][et_pb_column type=\u00a0\u00bb4_4&Prime; _builder_version=\u00a0\u00bb4.19.0&Prime; _module_preset=\u00a0\u00bbdefault\u00a0\u00bb global_colors_info=\u00a0\u00bb{}\u00a0\u00bb][et_pb_text _builder_version=\u00a0\u00bb4.21.0&Prime; _module_preset=\u00a0\u00bbdefault\u00a0\u00bb custom_margin=\u00a0\u00bb||25px||false|false\u00a0\u00bb global_colors_info=\u00a0\u00bb{}\u00a0\u00bb]<\/p>\n<h2 style=\"text-align: center;\"><span style=\"color: #ffffff;\">Trouvez rapidement votre formation gr\u00e2ce \u00e0 la recherche par th\u00e8mes<\/span><\/h2>\n<p style=\"text-align: center;\"><span style=\"color: #ffffff;\">exemple : handicap, VHSS, droit d&rsquo;auteur, RSE, sobri\u00e9t\u00e9 \u00e9nerg\u00e9tique, communication, m\u00e9diation artistique, etc&#8230;<\/span><\/p>\n<p>[\/et_pb_text][et_pb_code _builder_version=\u00a0\u00bb4.19.0&Prime; _module_preset=\u00a0\u00bbdefault\u00a0\u00bb z_index=\u00a0\u00bb0&Prime; custom_padding=\u00a0\u00bb|0px||0px|false|true\u00a0\u00bb global_colors_info=\u00a0\u00bb{}\u00a0\u00bb]<!-- Start of Site Search 360 Search Box --><\/p>\n<section role=\"search\" data-ss360=\"true\">   <input type=\"search\" id=\"searchBox\" placeholder=\"Search\u2026\">   <button id=\"searchButton\"><\/button><\/section>\n<p><!-- End of Site Search 360 Search Box -->[\/et_pb_code][\/et_pb_column][\/et_pb_row][et_pb_row custom_padding_last_edited=\u00a0\u00bbon|phone\u00a0\u00bb _builder_version=\u00a0\u00bb4.27.3&Prime; _module_preset=\u00a0\u00bbdefault\u00a0\u00bb background_color=\u00a0\u00bb#FFFFFF\u00a0\u00bb width_tablet=\u00a0\u00bb\u00a0\u00bb width_phone=\u00a0\u00bb95%\u00a0\u00bb width_last_edited=\u00a0\u00bbon|phone\u00a0\u00bb custom_margin=\u00a0\u00bb30px||||false|true\u00a0\u00bb custom_padding=\u00a0\u00bb20px|33px||33px|false|true\u00a0\u00bb custom_padding_tablet=\u00a0\u00bb20px|33px||33px|false|true\u00a0\u00bb custom_padding_phone=\u00a0\u00bb|10px||10px|false|true\u00a0\u00bb global_colors_info=\u00a0\u00bb{}\u00a0\u00bb][et_pb_column type=\u00a0\u00bb4_4&Prime; _builder_version=\u00a0\u00bb4.19.0&Prime; _module_preset=\u00a0\u00bbdefault\u00a0\u00bb global_colors_info=\u00a0\u00bb{}\u00a0\u00bb][et_pb_text _builder_version=\u00a0\u00bb4.25.0&Prime; _module_preset=\u00a0\u00bbdefault\u00a0\u00bb global_colors_info=\u00a0\u00bb{}\u00a0\u00bb]<\/p>\n<h1>InterCachet<\/h1>\n<p>[\/et_pb_text][\/et_pb_column][\/et_pb_row][et_pb_row column_structure=\u00a0\u00bb3_4,1_4&Prime; custom_padding_last_edited=\u00a0\u00bbon|phone\u00a0\u00bb _builder_version=\u00a0\u00bb4.27.3&Prime; _module_preset=\u00a0\u00bbdefault\u00a0\u00bb background_color=\u00a0\u00bb#FFFFFF\u00a0\u00bb width_tablet=\u00a0\u00bb\u00a0\u00bb width_phone=\u00a0\u00bb95%\u00a0\u00bb width_last_edited=\u00a0\u00bbon|phone\u00a0\u00bb custom_margin=\u00a0\u00bb-55px||||false|false\u00a0\u00bb custom_padding=\u00a0\u00bb|33px||33px|false|true\u00a0\u00bb custom_padding_tablet=\u00a0\u00bb|33px||33px|false|true\u00a0\u00bb custom_padding_phone=\u00a0\u00bb|10px||10px|false|true\u00a0\u00bb custom_css_free_form=\u00a0\u00bbh6 {||\tpadding-bottom: 1em;||\tmargin: 0;||    padding: 0;||\ttext-align: left;||\tfont-family: &lsquo;Open Sans&rsquo;,Helvetica,Arial,Lucida,sans-serif;||\tcolor: #0068cf;||    line-height: 1.7em;||    font-weight: bold;||}\u00a0\u00bb global_colors_info=\u00a0\u00bb{}\u00a0\u00bb][et_pb_column type=\u00a0\u00bb3_4&Prime; _builder_version=\u00a0\u00bb4.19.0&Prime; _module_preset=\u00a0\u00bbdefault\u00a0\u00bb global_colors_info=\u00a0\u00bb{}\u00a0\u00bb][et_pb_text _builder_version=\u00a0\u00bb4.27.4&Prime; _module_preset=\u00a0\u00bbdefault\u00a0\u00bb global_colors_info=\u00a0\u00bb{}\u00a0\u00bb]<\/p>\n<p style=\"text-align: justify;\"><span style=\"color: #2271b1;\">Vous \u00eates employeur<\/span> <span>dans le spectacle vivant, le cin\u00e9ma,\u00a0le disque, l&rsquo;audiovisuel, ou l&rsquo;\u00e9v\u00e9nementiel<\/span>&#8230;<br \/><span style=\"color: #2271b1;\">Vous \u00eates diffuseur<\/span> d&rsquo;oeuvres artistiques&#8230;<\/p>\n<p style=\"text-align: justify;\"><span style=\"color: #2271b1;\"><strong>InterCachet \u00e9tablit toutes les d\u00e9clarations et documents relatifs \u00e0 la paie de vos salari\u00e9s et les notes de droits d&rsquo;auteur de vos artistes.<\/strong><\/span><\/p>\n<p style=\"text-align: justify;\"><span style=\"color: #2271b1;\"><strong>Consulter le site internet :<\/strong><\/span> <a href=\"https:\/\/www.intercachet.com\/\" target=\"_blank\" rel=\"noopener\">intercachet.com<\/a><\/p>\n<p>[\/et_pb_text][\/et_pb_column][et_pb_column type=\u00a0\u00bb1_4&Prime; _builder_version=\u00a0\u00bb4.19.0&Prime; _module_preset=\u00a0\u00bbdefault\u00a0\u00bb global_colors_info=\u00a0\u00bb{}\u00a0\u00bb][\/et_pb_column][\/et_pb_row][et_pb_row column_structure=\u00a0\u00bb3_4,1_4&Prime; custom_padding_last_edited=\u00a0\u00bbon|phone\u00a0\u00bb _builder_version=\u00a0\u00bb4.27.3&Prime; _module_preset=\u00a0\u00bbdefault\u00a0\u00bb background_color=\u00a0\u00bb#FFFFFF\u00a0\u00bb width_tablet=\u00a0\u00bb\u00a0\u00bb width_phone=\u00a0\u00bb95%\u00a0\u00bb width_last_edited=\u00a0\u00bbon|phone\u00a0\u00bb custom_margin=\u00a0\u00bb30px||||false|false\u00a0\u00bb custom_padding=\u00a0\u00bb|33px||33px|false|true\u00a0\u00bb custom_padding_tablet=\u00a0\u00bb|33px||33px|false|true\u00a0\u00bb custom_padding_phone=\u00a0\u00bb|10px||10px|false|true\u00a0\u00bb global_colors_info=\u00a0\u00bb{}\u00a0\u00bb][et_pb_column type=\u00a0\u00bb3_4&Prime; _builder_version=\u00a0\u00bb4.25.0&Prime; _module_preset=\u00a0\u00bbdefault\u00a0\u00bb global_colors_info=\u00a0\u00bb{}\u00a0\u00bb][et_pb_text _builder_version=\u00a0\u00bb4.27.4&Prime; _module_preset=\u00a0\u00bbdefault\u00a0\u00bb global_colors_info=\u00a0\u00bb{}\u00a0\u00bb]<\/p>\n<p style=\"text-align: justify;\"><span style=\"color: #2271b1;\"><strong>Pour qui ?<\/strong><\/span><\/p>\n<p style=\"text-align: justify;\"><span style=\"color: #2271b1;\"><strong>Destin\u00e9 aux employeurs r\u00e9guliers ou ponctuels du secteur culturel &#8211; Cin\u00e9ma, Audiovisuel, Disque, Spectacle vivant, Ev\u00e9nementiel &#8211;\u00a0InterCachet est un centre de traitement des salaires cr\u00e9\u00e9 en 1995 par l&rsquo;AGECIF.<\/strong><\/span><\/p>\n<p style=\"text-align: justify;\"><span style=\"color: #2271b1;\">Pour toutes les paies<\/span>, du r\u00e9gime g\u00e9n\u00e9ral \u00e0 celui des intermittents.<\/p>\n<p style=\"text-align: justify;\"><span style=\"color: #2271b1;\">Pour tous les diffuseurs d\u2019\u0153uvres artistiques<\/span>, de l\u2019\u00e9tablissement de la note de droits d\u2019auteur aux \u00e9critures comptables, d\u00e9clarations et paiements des cotisations.<\/p>\n<p style=\"text-align: justify;\"><span style=\"color: #2271b1;\">Pour tous les statuts<\/span>, de l\u2019association ou de l\u2019EPCC aux statuts commerciaux et publics.<\/p>\n<p style=\"text-align: justify;\"><span style=\"color: #2271b1;\">Pour tous les employeurs<\/span>, des petits ou des gros aux r\u00e9guliers ou ponctuels.<\/p>\n<p style=\"text-align: justify;\"><span style=\"color: #2271b1;\">Pour tous les domaines<\/span>, de l\u2019audiovisuel, du cin\u00e9ma, du spectacle ou du patrimoine au domaine culturel dans son ensemble.<\/p>\n<p style=\"text-align: justify;\"><span style=\"color: #2271b1;\">Pour toutes les r\u00e9gions<\/span>, les employeurs de la m\u00e9tropole, d\u2019outre-mer et de l&rsquo;\u00e9tranger.<\/p>\n<p>[\/et_pb_text][\/et_pb_column][et_pb_column type=\u00a0\u00bb1_4&Prime; _builder_version=\u00a0\u00bb4.25.0&Prime; _module_preset=\u00a0\u00bbdefault\u00a0\u00bb global_colors_info=\u00a0\u00bb{}\u00a0\u00bb][\/et_pb_column][\/et_pb_row][et_pb_row column_structure=\u00a0\u00bb3_4,1_4&Prime; custom_padding_last_edited=\u00a0\u00bbon|phone\u00a0\u00bb _builder_version=\u00a0\u00bb4.27.3&Prime; _module_preset=\u00a0\u00bbdefault\u00a0\u00bb background_color=\u00a0\u00bb#FFFFFF\u00a0\u00bb width_tablet=\u00a0\u00bb\u00a0\u00bb width_phone=\u00a0\u00bb95%\u00a0\u00bb width_last_edited=\u00a0\u00bbon|phone\u00a0\u00bb custom_margin=\u00a0\u00bb30px||||false|false\u00a0\u00bb custom_padding=\u00a0\u00bb|33px||33px|false|true\u00a0\u00bb custom_padding_tablet=\u00a0\u00bb|33px||33px|false|true\u00a0\u00bb custom_padding_phone=\u00a0\u00bb|10px||10px|false|true\u00a0\u00bb global_colors_info=\u00a0\u00bb{}\u00a0\u00bb][et_pb_column type=\u00a0\u00bb3_4&Prime; _builder_version=\u00a0\u00bb4.25.0&Prime; _module_preset=\u00a0\u00bbdefault\u00a0\u00bb global_colors_info=\u00a0\u00bb{}\u00a0\u00bb][et_pb_text _builder_version=\u00a0\u00bb4.27.4&Prime; _module_preset=\u00a0\u00bbdefault\u00a0\u00bb global_colors_info=\u00a0\u00bb{}\u00a0\u00bb]<\/p>\n<p style=\"text-align: justify;\"><strong><span style=\"color: #2271b1;\">Nos prestations<\/span><\/strong><\/p>\n<p style=\"text-align: justify;\"><span style=\"color: #2271b1;\">Ce que nous faisons :<\/span><\/p>\n<p style=\"text-align: left;\">Les DPAE <em>(D\u00e9clarations Pr\u00e9alables \u00e0 l\u2019embauche)<\/em><br \/>\nLes contrats de travail<br \/>\nLes bulletins de paie<br \/>\nLes AEM <em>(Attestations Employeur Mensuelle &#8211; Intermittents)<\/em> ou Attestation d\u2019Employeur Unedic <em>(Permanents ou assimil\u00e9s)<\/em><br \/>\nLes certificats de Cong\u00e9s spectacles<br \/>\nLes soldes de tout comptes<br \/>\nLes certificats de travail<br \/>\nLa signature \u00e9lectronique des contrats de travail<br \/>\nL\u2019envoi des documents de paie au salari\u00e9<br \/>\nLes d\u00e9clarations mensuelles <em>(DSN D\u00e9claration sociale nominative \u2013 Urssaf \u2013 DGFIP &#8211; Pr\u00e9l\u00e8vement \u00e0 la source et Organismes compl\u00e9mentaires \u2013 DUCS P\u00f4le emploi spectacle)<\/em><br \/>\nLes d\u00e9clarations trimestrielles au FNAS, FCAP, FCAP-SVP, CCHST et Paritarisme cin\u00e9ma et audiovisuel<br \/>\nLes d\u00e9clarations annuelles CMB, AFDAS<br \/>\nLe paiement des charges sociales par ordre de virement <em>(Norme SEPA)<\/em> contenu dans les fichiers d\u00e9claratifs<br \/>\nLe fichier d\u2019ordre de virement pour les salari\u00e9s<br \/>\nLes documents mensuels comptables <em>(Livre de paie, \u00e9critures comptables)<\/em><br \/>\nLes r\u00e9capitulatifs sp\u00e9cifiques annuels <em>(P\u00f4le emploi, r\u00e9capitulatif des paies, livre de paie annuel, tableau des effectifs, livre des entr\u00e9es et sorties du personnel, liste des r\u00e9ductions et all\u00e8gements)<\/em><br \/>\nLes documents annuels concernant les salari\u00e9s <em>(Fiche individuelle et r\u00e9capitulatif individuel de d\u00e9claration d\u2019imp\u00f4t)<\/em><br \/>\nLe transfert de la comptabilit\u00e9 paie pour votre comptable<\/p>\n<p>[\/et_pb_text][\/et_pb_column][et_pb_column type=\u00a0\u00bb1_4&Prime; _builder_version=\u00a0\u00bb4.25.0&Prime; _module_preset=\u00a0\u00bbdefault\u00a0\u00bb global_colors_info=\u00a0\u00bb{}\u00a0\u00bb][\/et_pb_column][\/et_pb_row][et_pb_row column_structure=\u00a0\u00bb3_4,1_4&Prime; custom_padding_last_edited=\u00a0\u00bbon|phone\u00a0\u00bb _builder_version=\u00a0\u00bb4.27.3&Prime; _module_preset=\u00a0\u00bbdefault\u00a0\u00bb background_color=\u00a0\u00bb#FFFFFF\u00a0\u00bb width_tablet=\u00a0\u00bb\u00a0\u00bb width_phone=\u00a0\u00bb95%\u00a0\u00bb width_last_edited=\u00a0\u00bbon|phone\u00a0\u00bb custom_margin=\u00a0\u00bb30px||||false|false\u00a0\u00bb custom_padding=\u00a0\u00bb|33px||33px|false|true\u00a0\u00bb custom_padding_tablet=\u00a0\u00bb|33px||33px|false|true\u00a0\u00bb custom_padding_phone=\u00a0\u00bb|10px||10px|false|true\u00a0\u00bb global_colors_info=\u00a0\u00bb{}\u00a0\u00bb][et_pb_column type=\u00a0\u00bb3_4&Prime; _builder_version=\u00a0\u00bb4.25.0&Prime; _module_preset=\u00a0\u00bbdefault\u00a0\u00bb global_colors_info=\u00a0\u00bb{}\u00a0\u00bb][et_pb_text _builder_version=\u00a0\u00bb4.27.4&Prime; _module_preset=\u00a0\u00bbdefault\u00a0\u00bb global_colors_info=\u00a0\u00bb{}\u00a0\u00bb]<\/p>\n<p style=\"text-align: left;\"><span style=\"color: #2271b1;\"><strong>Vos contacts<\/strong><\/span><\/p>\n<p style=\"text-align: left;\"><span style=\"color: #2271b1;\">Vos contacts au quotidien :<\/span><\/p>\n<p style=\"text-align: left;\"><span style=\"color: #2271b1;\"><strong>Patricia Alexandre<\/strong><\/span>, Gestionnaire d&rsquo;activit\u00e9s<br \/><span style=\"color: #2271b1;\"><strong>Claude Bourget<\/strong><\/span>, Gestionnaire d&rsquo;activit\u00e9s<br \/><span style=\"color: #2271b1;\"><strong>St\u00e9phanie Caladou<\/strong><\/span>, Gestionnaire d&rsquo;activit\u00e9s<br \/><span style=\"color: #2271b1;\"><strong>Olivier Chevalier<\/strong><\/span>, Gestionnaire d&rsquo;activit\u00e9s<br \/><span style=\"color: #2271b1;\"><strong>Ana Da Silva<\/strong><\/span>, Gestionnaire d&rsquo;activit\u00e9s<br \/><span style=\"color: #2271b1;\"><strong>Fr\u00e9d\u00e9rique Keddari-Devisme<\/strong><\/span>, Assistante de paies<\/p>\n<p style=\"text-align: left;\"><span style=\"color: #2271b1;\">L&rsquo;\u00e9quipe projet, c&rsquo;est aussi :<\/span><\/p>\n<p style=\"text-align: left;\"><span style=\"color: #2271b1;\"><strong>Marie-Line Badot<\/strong><\/span>, Responsable administrative et financi\u00e8re<br \/><span style=\"color: #2271b1;\"><strong>Denis Th\u00e9venin<\/strong><\/span>, Pr\u00e9sident<br \/><span style=\"color: #2271b1;\"><strong>Kevin Thoret<\/strong><\/span>, Responsable du d\u00e9veloppement num\u00e9rique<\/p>\n<p style=\"text-align: left;\"><span style=\"color: #2271b1;\">InterCachet est situ\u00e9 au 22 rue de Picardie &#8211; 75003 Paris<br \/>T\u00e9l\u00e9phone : 01 48 87 17 42<\/span><\/p>\n<p>[\/et_pb_text][\/et_pb_column][et_pb_column type=\u00a0\u00bb1_4&Prime; _builder_version=\u00a0\u00bb4.25.0&Prime; _module_preset=\u00a0\u00bbdefault\u00a0\u00bb global_colors_info=\u00a0\u00bb{}\u00a0\u00bb][\/et_pb_column][\/et_pb_row][et_pb_row column_structure=\u00a0\u00bb3_4,1_4&Prime; custom_padding_last_edited=\u00a0\u00bbon|phone\u00a0\u00bb _builder_version=\u00a0\u00bb4.27.4&Prime; _module_preset=\u00a0\u00bbdefault\u00a0\u00bb background_color=\u00a0\u00bb#FFFFFF\u00a0\u00bb width_tablet=\u00a0\u00bb\u00a0\u00bb width_phone=\u00a0\u00bb95%\u00a0\u00bb width_last_edited=\u00a0\u00bbon|phone\u00a0\u00bb custom_margin=\u00a0\u00bb30px||||false|false\u00a0\u00bb custom_padding=\u00a0\u00bb|33px||33px|false|true\u00a0\u00bb custom_padding_tablet=\u00a0\u00bb|33px||33px|false|true\u00a0\u00bb custom_padding_phone=\u00a0\u00bb|10px||10px|false|true\u00a0\u00bb global_colors_info=\u00a0\u00bb{}\u00a0\u00bb][et_pb_column type=\u00a0\u00bb3_4&Prime; _builder_version=\u00a0\u00bb4.25.0&Prime; _module_preset=\u00a0\u00bbdefault\u00a0\u00bb global_colors_info=\u00a0\u00bb{}\u00a0\u00bb][et_pb_text _builder_version=\u00a0\u00bb4.27.4&Prime; _module_preset=\u00a0\u00bbdefault\u00a0\u00bb global_colors_info=\u00a0\u00bb{}\u00a0\u00bb]<\/p>\n<p style=\"text-align: justify;\"><span style=\"color: #2271b1;\"><strong>Pour toute demande d\u2019information et pour nous joindre :<\/strong><\/span> <a href=\"mailto:intercachet@intercachet.com\">intercachet@intercachet.com<\/a><\/p>\n<p>[\/et_pb_text][\/et_pb_column][et_pb_column type=\u00a0\u00bb1_4&Prime; _builder_version=\u00a0\u00bb4.25.0&Prime; _module_preset=\u00a0\u00bbdefault\u00a0\u00bb global_colors_info=\u00a0\u00bb{}\u00a0\u00bb][\/et_pb_column][\/et_pb_row][et_pb_row column_structure=\u00a0\u00bb3_5,2_5&Prime; custom_padding_last_edited=\u00a0\u00bbon|phone\u00a0\u00bb _builder_version=\u00a0\u00bb4.27.3&Prime; _module_preset=\u00a0\u00bbdefault\u00a0\u00bb width_tablet=\u00a0\u00bb\u00a0\u00bb width_phone=\u00a0\u00bb95%\u00a0\u00bb width_last_edited=\u00a0\u00bbon|phone\u00a0\u00bb custom_padding_tablet=\u00a0\u00bb\u00a0\u00bb custom_padding_phone=\u00a0\u00bb|||10px|false|false\u00a0\u00bb global_colors_info=\u00a0\u00bb{}\u00a0\u00bb][et_pb_column type=\u00a0\u00bb3_5&Prime; _builder_version=\u00a0\u00bb4.21.0&Prime; _module_preset=\u00a0\u00bbdefault\u00a0\u00bb global_colors_info=\u00a0\u00bb{}\u00a0\u00bb][\/et_pb_column][et_pb_column type=\u00a0\u00bb2_5&Prime; _builder_version=\u00a0\u00bb4.21.0&Prime; _module_preset=\u00a0\u00bbdefault\u00a0\u00bb global_colors_info=\u00a0\u00bb{}\u00a0\u00bb][et_pb_text _builder_version=\u00a0\u00bb4.21.0&Prime; _module_preset=\u00a0\u00bbdefault\u00a0\u00bb text_orientation=\u00a0\u00bbcenter\u00a0\u00bb custom_padding=\u00a0\u00bb10px||10px||true|false\u00a0\u00bb border_width_all=\u00a0\u00bb1px\u00a0\u00bb border_color_all=\u00a0\u00bb#d8d8d8&Prime; global_colors_info=\u00a0\u00bb{}\u00a0\u00bb]<\/p>\n<p>[lmt-post-modified-info]<\/p>\n<p>[\/et_pb_text][\/et_pb_column][\/et_pb_row][\/et_pb_section]<\/p>\n","protected":false},"excerpt":{"rendered":"<p>Trouvez rapidement votre formation gr\u00e2ce \u00e0 la recherche par th\u00e8mes exemple : handicap, VHSS, droit d&rsquo;auteur, RSE, sobri\u00e9t\u00e9 \u00e9nerg\u00e9tique, communication, m\u00e9diation artistique, etc&#8230;InterCachetVous \u00eates employeur dans le spectacle vivant, le cin\u00e9ma,\u00a0le disque, l&rsquo;audiovisuel, ou l&rsquo;\u00e9v\u00e9nementiel&#8230;Vous \u00eates diffuseur d&rsquo;oeuvres artistiques&#8230; InterCachet \u00e9tablit toutes les d\u00e9clarations et documents relatifs \u00e0 la paie de vos salari\u00e9s et les [&hellip;]<\/p>\n","protected":false},"author":1,"featured_media":0,"parent":0,"menu_order":0,"comment_status":"closed","ping_status":"closed","template":"","meta":{"_et_pb_use_builder":"on","_et_pb_old_content":"","_et_gb_content_width":"","footnotes":""},"class_list":["post-235","page","type-page","status-publish","hentry"],"_links":{"self":[{"href":"https:\/\/wptestkevin.ovh\/.Dev\/wp-json\/wp\/v2\/pages\/235","targetHints":{"allow":["GET"]}}],"collection":[{"href":"https:\/\/wptestkevin.ovh\/.Dev\/wp-json\/wp\/v2\/pages"}],"about":[{"href":"https:\/\/wptestkevin.ovh\/.Dev\/wp-json\/wp\/v2\/types\/page"}],"author":[{"embeddable":true,"href":"https:\/\/wptestkevin.ovh\/.Dev\/wp-json\/wp\/v2\/users\/1"}],"replies":[{"embeddable":true,"href":"https:\/\/wptestkevin.ovh\/.Dev\/wp-json\/wp\/v2\/comments?post=235"}],"version-history":[{"count":36,"href":"https:\/\/wptestkevin.ovh\/.Dev\/wp-json\/wp\/v2\/pages\/235\/revisions"}],"predecessor-version":[{"id":8436,"href":"https:\/\/wptestkevin.ovh\/.Dev\/wp-json\/wp\/v2\/pages\/235\/revisions\/8436"}],"wp:attachment":[{"href":"https:\/\/wptestkevin.ovh\/.Dev\/wp-json\/wp\/v2\/media?parent=235"}],"curies":[{"name":"wp","href":"https:\/\/api.w.org\/{rel}","templated":true}]}}