{"id":15,"date":"2022-05-05T14:11:08","date_gmt":"2022-05-05T12:11:08","guid":{"rendered":"http:\/\/wptestkevin.ovh\/.Dev\/?page_id=15"},"modified":"2025-04-01T15:39:07","modified_gmt":"2025-04-01T13:39:07","slug":"formations-programmees","status":"publish","type":"page","link":"https:\/\/wptestkevin.ovh\/.Dev\/formations-programmees\/","title":{"rendered":"Formations programm\u00e9es"},"content":{"rendered":"<p>[et_pb_section fb_built=\u00a0\u00bb1&Prime; _builder_version=\u00a0\u00bb4.21.0&Prime; _module_preset=\u00a0\u00bbdefault\u00a0\u00bb background_color=\u00a0\u00bbgcid-0429de00-debb-4ba4-bbe8-f1178a68dceb\u00a0\u00bb width=\u00a0\u00bb100%\u00a0\u00bb custom_margin=\u00a0\u00bb||0px||false|false\u00a0\u00bb custom_padding=\u00a0\u00bb||0px||false|false\u00a0\u00bb animation_style=\u00a0\u00bbfade\u00a0\u00bb da_disable_devices=\u00a0\u00bboff|off|off\u00a0\u00bb global_colors_info=\u00a0\u00bb{%22gcid-0429de00-debb-4ba4-bbe8-f1178a68dceb%22:%91%22background_color%22%93}\u00a0\u00bb da_is_popup=\u00a0\u00bboff\u00a0\u00bb da_exit_intent=\u00a0\u00bboff\u00a0\u00bb da_has_close=\u00a0\u00bbon\u00a0\u00bb da_alt_close=\u00a0\u00bboff\u00a0\u00bb da_dark_close=\u00a0\u00bboff\u00a0\u00bb da_not_modal=\u00a0\u00bbon\u00a0\u00bb da_is_singular=\u00a0\u00bboff\u00a0\u00bb da_with_loader=\u00a0\u00bboff\u00a0\u00bb da_has_shadow=\u00a0\u00bbon\u00a0\u00bb][et_pb_row custom_padding_last_edited=\u00a0\u00bbon|phone\u00a0\u00bb _builder_version=\u00a0\u00bb4.27.4&Prime; _module_preset=\u00a0\u00bbdefault\u00a0\u00bb background_color=\u00a0\u00bb#FFFFFF\u00a0\u00bb width_tablet=\u00a0\u00bb\u00a0\u00bb width_phone=\u00a0\u00bb95%\u00a0\u00bb width_last_edited=\u00a0\u00bbon|phone\u00a0\u00bb custom_margin=\u00a0\u00bb-25px||||false|true\u00a0\u00bb custom_padding=\u00a0\u00bb20px|33px||33px|false|true\u00a0\u00bb custom_padding_tablet=\u00a0\u00bb|33px||33px|false|true\u00a0\u00bb custom_padding_phone=\u00a0\u00bb|10px||10px|false|true\u00a0\u00bb global_colors_info=\u00a0\u00bb{}\u00a0\u00bb][et_pb_column type=\u00a0\u00bb4_4&Prime; _builder_version=\u00a0\u00bb4.19.0&Prime; _module_preset=\u00a0\u00bbdefault\u00a0\u00bb global_colors_info=\u00a0\u00bb{}\u00a0\u00bb][et_pb_text _builder_version=\u00a0\u00bb4.19.0&Prime; _module_preset=\u00a0\u00bbdefault\u00a0\u00bb global_colors_info=\u00a0\u00bb{}\u00a0\u00bb]<\/p>\n<h1>Les formations de l&rsquo;AGECIF<\/h1>\n<p>[\/et_pb_text][\/et_pb_column][\/et_pb_row][et_pb_row custom_padding_last_edited=\u00a0\u00bbon|phone\u00a0\u00bb _builder_version=\u00a0\u00bb4.27.3&Prime; _module_preset=\u00a0\u00bbdefault\u00a0\u00bb background_color=\u00a0\u00bb#FFFFFF\u00a0\u00bb width_tablet=\u00a0\u00bb\u00a0\u00bb width_phone=\u00a0\u00bb94%\u00a0\u00bb width_last_edited=\u00a0\u00bbon|phone\u00a0\u00bb custom_margin=\u00a0\u00bb-55px||||false|false\u00a0\u00bb custom_padding=\u00a0\u00bb|33px||33px|false|true\u00a0\u00bb custom_padding_tablet=\u00a0\u00bb|33px||33px|false|true\u00a0\u00bb custom_padding_phone=\u00a0\u00bb|10px||10px|false|true\u00a0\u00bb global_colors_info=\u00a0\u00bb{}\u00a0\u00bb][et_pb_column type=\u00a0\u00bb4_4&Prime; _builder_version=\u00a0\u00bb4.19.0&Prime; _module_preset=\u00a0\u00bbdefault\u00a0\u00bb global_colors_info=\u00a0\u00bb{}\u00a0\u00bb][et_pb_text _builder_version=\u00a0\u00bb4.27.4&Prime; _module_preset=\u00a0\u00bbdefault\u00a0\u00bb global_colors_info=\u00a0\u00bb{}\u00a0\u00bb]<\/p>\n<p style=\"text-align: justify;\"><span style=\"color: #2271b1;\"><strong>\u00c9laboration de parcours de formation.<\/strong><\/span><br \/>Toutes ind\u00e9pendantes et compl\u00e9mentaires, les formations modulaires de l&rsquo;AGECIF favorisent l&rsquo;\u00e9laboration de parcours individualis\u00e9s.<\/p>\n<p style=\"text-align: justify;\">A l\u2019AGECIF, nous programmons chaque ann\u00e9e, plus de <span style=\"color: #2271b1;\"><strong>160 th\u00e8mes<\/strong><\/span> pour 550 sessions et presque 2000 jours.<br \/>A partir de notre programmation modulaire, nous sommes en mesure de concevoir des <span style=\"color: #2271b1;\"><strong>programmes longs personnalis\u00e9s<\/strong><\/span>, de 20 \u00e0 80 jours, totalement adapt\u00e9s aux profils des personnes qui nous sollicitent.<br \/>Deux ou trois rendez-vous, m\u00eame par t\u00e9l\u00e9phone, permettent la construction d\u2019un v\u00e9ritable <span style=\"color: #2271b1;\"><strong>parcours individualis\u00e9 et des propositions de financements<\/strong><\/span>.<\/p>\n<p style=\"text-align: justify;\"><strong><span style=\"color: #2271b1;\">N\u2019h\u00e9sitez pas \u00e0 nous joindre !<\/span><br \/><\/strong><\/p>\n<p>[\/et_pb_text][\/et_pb_column][\/et_pb_row][et_pb_row custom_padding_last_edited=\u00a0\u00bbon|phone\u00a0\u00bb _builder_version=\u00a0\u00bb4.27.3&Prime; _module_preset=\u00a0\u00bbdefault\u00a0\u00bb background_color=\u00a0\u00bb#FFFFFF\u00a0\u00bb width_tablet=\u00a0\u00bb\u00a0\u00bb width_phone=\u00a0\u00bb95%\u00a0\u00bb width_last_edited=\u00a0\u00bbon|phone\u00a0\u00bb custom_margin=\u00a0\u00bb30px||||false|false\u00a0\u00bb custom_padding=\u00a0\u00bb10px|33px|0px|33px|false|true\u00a0\u00bb custom_padding_tablet=\u00a0\u00bb10px|33px|0px|33px|false|true\u00a0\u00bb custom_padding_phone=\u00a0\u00bb|10px||10px|false|true\u00a0\u00bb global_colors_info=\u00a0\u00bb{}\u00a0\u00bb width__hover_enabled=\u00a0\u00bboff|desktop\u00a0\u00bb][et_pb_column type=\u00a0\u00bb4_4&Prime; _builder_version=\u00a0\u00bb4.19.0&Prime; _module_preset=\u00a0\u00bbdefault\u00a0\u00bb global_colors_info=\u00a0\u00bb{}\u00a0\u00bb][et_pb_text _builder_version=\u00a0\u00bb4.27.4&Prime; _module_preset=\u00a0\u00bbdefault\u00a0\u00bb custom_margin=\u00a0\u00bb16px||18px||false|false\u00a0\u00bb global_colors_info=\u00a0\u00bb{}\u00a0\u00bb]<\/p>\n<h3>Les 27 familles de modules<\/h3>\n<p>[\/et_pb_text][et_pb_text _builder_version=\u00a0\u00bb4.25.0&Prime; _module_preset=\u00a0\u00bbdefault\u00a0\u00bb global_colors_info=\u00a0\u00bb{}\u00a0\u00bb]<\/p>\n<div class=\"line number11 index10 alt2\"><code class=\"php plain\"><div class=\"woocommerce columns-3\"><ul class=\"products columns-3\">\n<li class=\"product-category product first\">\n\t<a aria-label=\"Acc\u00e9der \u00e0 la cat\u00e9gorie de produits Anglais sp\u00e9cifique aux m\u00e9tiers culturels\" href=\"https:\/\/wptestkevin.ovh\/.Dev\/formations-programmees\/anglais-specifique-aux-metiers-culturels\/\"><img loading=\"lazy\" decoding=\"async\" src=\"https:\/\/wptestkevin.ovh\/.Dev\/wp-content\/uploads\/2024\/11\/Anglais-specifique.png\" alt=\"Anglais sp\u00e9cifique aux m\u00e9tiers culturels\" width=\"847\" height=\"476\" \/>\t\t<h2 class=\"woocommerce-loop-category__title\">\n\t\t\tAnglais sp\u00e9cifique aux m\u00e9tiers culturels <mark class=\"count\">(9)<\/mark>\t\t<\/h2>\n\t\t<\/a><\/li>\n<li class=\"product-category product\">\n\t<a aria-label=\"Acc\u00e9der \u00e0 la cat\u00e9gorie de produits Communication et strat\u00e9gie\" href=\"https:\/\/wptestkevin.ovh\/.Dev\/formations-programmees\/communication-et-strategie\/\"><img loading=\"lazy\" decoding=\"async\" src=\"https:\/\/wptestkevin.ovh\/.Dev\/wp-content\/uploads\/2024\/11\/Communication-strategie.png\" alt=\"Communication et strat\u00e9gie\" width=\"847\" height=\"476\" \/>\t\t<h2 class=\"woocommerce-loop-category__title\">\n\t\t\tCommunication et strat\u00e9gie <mark class=\"count\">(14)<\/mark>\t\t<\/h2>\n\t\t<\/a><\/li>\n<li class=\"product-category product last\">\n\t<a aria-label=\"Acc\u00e9der \u00e0 la cat\u00e9gorie de produits Communications et m\u00e9diations num\u00e9riques\" href=\"https:\/\/wptestkevin.ovh\/.Dev\/formations-programmees\/communications-et-mediations-numeriques\/\"><img loading=\"lazy\" decoding=\"async\" src=\"https:\/\/wptestkevin.ovh\/.Dev\/wp-content\/uploads\/2024\/11\/Communication-mediation-num.png\" alt=\"Communications et m\u00e9diations num\u00e9riques\" width=\"847\" height=\"476\" \/>\t\t<h2 class=\"woocommerce-loop-category__title\">\n\t\t\tCommunications et m\u00e9diations num\u00e9riques <mark class=\"count\">(21)<\/mark>\t\t<\/h2>\n\t\t<\/a><\/li>\n<li class=\"product-category product first\">\n\t<a aria-label=\"Acc\u00e9der \u00e0 la cat\u00e9gorie de produits Comp\u00e9tences et management\" href=\"https:\/\/wptestkevin.ovh\/.Dev\/formations-programmees\/competences-et-management\/\"><img loading=\"lazy\" decoding=\"async\" src=\"https:\/\/wptestkevin.ovh\/.Dev\/wp-content\/uploads\/2024\/11\/Competences-management.png\" alt=\"Comp\u00e9tences et management\" width=\"847\" height=\"476\" \/>\t\t<h2 class=\"woocommerce-loop-category__title\">\n\t\t\tComp\u00e9tences et management <mark class=\"count\">(31)<\/mark>\t\t<\/h2>\n\t\t<\/a><\/li>\n<li class=\"product-category product\">\n\t<a aria-label=\"Acc\u00e9der \u00e0 la cat\u00e9gorie de produits D\u00e9veloppement et partenariat\" href=\"https:\/\/wptestkevin.ovh\/.Dev\/formations-programmees\/developpement-et-partenariat\/\"><img loading=\"lazy\" decoding=\"async\" src=\"https:\/\/wptestkevin.ovh\/.Dev\/wp-content\/uploads\/2024\/02\/Dev-Partenariat2.png\" alt=\"D\u00e9veloppement et partenariat\" width=\"847\" height=\"476\" \/>\t\t<h2 class=\"woocommerce-loop-category__title\">\n\t\t\tD\u00e9veloppement et partenariat <mark class=\"count\">(10)<\/mark>\t\t<\/h2>\n\t\t<\/a><\/li>\n<li class=\"product-category product last\">\n\t<a aria-label=\"Acc\u00e9der \u00e0 la cat\u00e9gorie de produits Droit et r\u00e9glementation\" href=\"https:\/\/wptestkevin.ovh\/.Dev\/formations-programmees\/droit-et-reglementation\/\"><img loading=\"lazy\" decoding=\"async\" src=\"https:\/\/wptestkevin.ovh\/.Dev\/wp-content\/uploads\/2023\/07\/Droit-Reglementation.png\" alt=\"Droit et r\u00e9glementation\" width=\"847\" height=\"476\" \/>\t\t<h2 class=\"woocommerce-loop-category__title\">\n\t\t\tDroit et r\u00e9glementation <mark class=\"count\">(41)<\/mark>\t\t<\/h2>\n\t\t<\/a><\/li>\n<li class=\"product-category product first\">\n\t<a aria-label=\"Acc\u00e9der \u00e0 la cat\u00e9gorie de produits Ecriture et r\u00e9daction\" href=\"https:\/\/wptestkevin.ovh\/.Dev\/formations-programmees\/ecriture-et-redaction\/\"><img loading=\"lazy\" decoding=\"async\" src=\"https:\/\/wptestkevin.ovh\/.Dev\/wp-content\/uploads\/2024\/11\/Ecriture-redaction.png\" alt=\"Ecriture et r\u00e9daction\" width=\"847\" height=\"476\" \/>\t\t<h2 class=\"woocommerce-loop-category__title\">\n\t\t\tEcriture et r\u00e9daction <mark class=\"count\">(9)<\/mark>\t\t<\/h2>\n\t\t<\/a><\/li>\n<li class=\"product-category product\">\n\t<a aria-label=\"Acc\u00e9der \u00e0 la cat\u00e9gorie de produits Efficacit\u00e9 personnelle et professionnelle\" href=\"https:\/\/wptestkevin.ovh\/.Dev\/formations-programmees\/efficacite-personnelle-et-professionnelle\/\"><img loading=\"lazy\" decoding=\"async\" src=\"https:\/\/wptestkevin.ovh\/.Dev\/wp-content\/uploads\/2024\/11\/Efficacite-personnelle.png\" alt=\"Efficacit\u00e9 personnelle et professionnelle\" width=\"847\" height=\"476\" \/>\t\t<h2 class=\"woocommerce-loop-category__title\">\n\t\t\tEfficacit\u00e9 personnelle et professionnelle <mark class=\"count\">(21)<\/mark>\t\t<\/h2>\n\t\t<\/a><\/li>\n<li class=\"product-category product last\">\n\t<a aria-label=\"Acc\u00e9der \u00e0 la cat\u00e9gorie de produits Formation des membres \u00e9lus des CSE\" href=\"https:\/\/wptestkevin.ovh\/.Dev\/formations-programmees\/formation-des-membres-elus-des-cse\/\"><img loading=\"lazy\" decoding=\"async\" src=\"https:\/\/wptestkevin.ovh\/.Dev\/wp-content\/uploads\/2023\/07\/Formations-CSE.png\" alt=\"Formation des membres \u00e9lus des CSE\" width=\"847\" height=\"476\" \/>\t\t<h2 class=\"woocommerce-loop-category__title\">\n\t\t\tFormation des membres \u00e9lus des CSE <mark class=\"count\">(28)<\/mark>\t\t<\/h2>\n\t\t<\/a><\/li>\n<li class=\"product-category product first\">\n\t<a aria-label=\"Acc\u00e9der \u00e0 la cat\u00e9gorie de produits Formations d&#039;anglais\" href=\"https:\/\/wptestkevin.ovh\/.Dev\/formations-programmees\/formations-danglais\/\"><img loading=\"lazy\" decoding=\"async\" src=\"https:\/\/wptestkevin.ovh\/.Dev\/wp-content\/uploads\/2024\/02\/Anglais2.png\" alt=\"Formations d&#039;anglais\" width=\"847\" height=\"476\" \/>\t\t<h2 class=\"woocommerce-loop-category__title\">\n\t\t\tFormations d&#039;anglais <mark class=\"count\">(3)<\/mark>\t\t<\/h2>\n\t\t<\/a><\/li>\n<li class=\"product-category product\">\n\t<a aria-label=\"Acc\u00e9der \u00e0 la cat\u00e9gorie de produits Formations des artistes - auteurs\" href=\"https:\/\/wptestkevin.ovh\/.Dev\/formations-programmees\/formations-des-artistes-auteurs\/\"><img loading=\"lazy\" decoding=\"async\" src=\"https:\/\/wptestkevin.ovh\/.Dev\/wp-content\/uploads\/2024\/11\/Formations-Artistes-Auteurs.png\" alt=\"Formations des artistes - auteurs\" width=\"847\" height=\"476\" \/>\t\t<h2 class=\"woocommerce-loop-category__title\">\n\t\t\tFormations des artistes - auteurs <mark class=\"count\">(36)<\/mark>\t\t<\/h2>\n\t\t<\/a><\/li>\n<li class=\"product-category product last\">\n\t<a aria-label=\"Acc\u00e9der \u00e0 la cat\u00e9gorie de produits Formations des artistes du spectacle\" href=\"https:\/\/wptestkevin.ovh\/.Dev\/formations-programmees\/formations-des-artistes-du-spectacle\/\"><img loading=\"lazy\" decoding=\"async\" src=\"https:\/\/wptestkevin.ovh\/.Dev\/wp-content\/uploads\/2024\/11\/Formations-artistes-spectacle.png\" alt=\"Formations des artistes du spectacle\" width=\"847\" height=\"476\" \/>\t\t<h2 class=\"woocommerce-loop-category__title\">\n\t\t\tFormations des artistes du spectacle <mark class=\"count\">(20)<\/mark>\t\t<\/h2>\n\t\t<\/a><\/li>\n<li class=\"product-category product first\">\n\t<a aria-label=\"Acc\u00e9der \u00e0 la cat\u00e9gorie de produits Gestion et finance\" href=\"https:\/\/wptestkevin.ovh\/.Dev\/formations-programmees\/gestion-et-finance\/\"><img loading=\"lazy\" decoding=\"async\" src=\"https:\/\/wptestkevin.ovh\/.Dev\/wp-content\/uploads\/2023\/07\/GestionFinance.png\" alt=\"Gestion et finance\" width=\"847\" height=\"476\" \/>\t\t<h2 class=\"woocommerce-loop-category__title\">\n\t\t\tGestion et finance <mark class=\"count\">(11)<\/mark>\t\t<\/h2>\n\t\t<\/a><\/li>\n<li class=\"product-category product\">\n\t<a aria-label=\"Acc\u00e9der \u00e0 la cat\u00e9gorie de produits Informatique et bureautique\" href=\"https:\/\/wptestkevin.ovh\/.Dev\/formations-programmees\/informatique-et-bureautique\/\"><img loading=\"lazy\" decoding=\"async\" src=\"https:\/\/wptestkevin.ovh\/.Dev\/wp-content\/uploads\/2024\/11\/Informatique-bureautique.png\" alt=\"Informatique et bureautique\" width=\"847\" height=\"476\" \/>\t\t<h2 class=\"woocommerce-loop-category__title\">\n\t\t\tInformatique et bureautique <mark class=\"count\">(24)<\/mark>\t\t<\/h2>\n\t\t<\/a><\/li>\n<li class=\"product-category product last\">\n\t<a aria-label=\"Acc\u00e9der \u00e0 la cat\u00e9gorie de produits Intelligence artificielle \u2013 IA\" href=\"https:\/\/wptestkevin.ovh\/.Dev\/formations-programmees\/intelligence-artificielle-ia\/\"><img loading=\"lazy\" decoding=\"async\" src=\"https:\/\/wptestkevin.ovh\/.Dev\/wp-content\/uploads\/2024\/11\/IA.png\" alt=\"Intelligence artificielle \u2013 IA\" width=\"847\" height=\"476\" \/>\t\t<h2 class=\"woocommerce-loop-category__title\">\n\t\t\tIntelligence artificielle \u2013 IA <mark class=\"count\">(7)<\/mark>\t\t<\/h2>\n\t\t<\/a><\/li>\n<li class=\"product-category product first\">\n\t<a aria-label=\"Acc\u00e9der \u00e0 la cat\u00e9gorie de produits Jeune public\" href=\"https:\/\/wptestkevin.ovh\/.Dev\/formations-programmees\/jeune-public\/\"><img loading=\"lazy\" decoding=\"async\" src=\"https:\/\/wptestkevin.ovh\/.Dev\/wp-content\/uploads\/2024\/02\/Jeune-Public2.png\" alt=\"Jeune public\" width=\"847\" height=\"476\" \/>\t\t<h2 class=\"woocommerce-loop-category__title\">\n\t\t\tJeune public <mark class=\"count\">(10)<\/mark>\t\t<\/h2>\n\t\t<\/a><\/li>\n<li class=\"product-category product\">\n\t<a aria-label=\"Acc\u00e9der \u00e0 la cat\u00e9gorie de produits Les inclassables\" href=\"https:\/\/wptestkevin.ovh\/.Dev\/formations-programmees\/les-inclassables\/\"><img loading=\"lazy\" decoding=\"async\" src=\"https:\/\/wptestkevin.ovh\/.Dev\/wp-content\/uploads\/2024\/11\/Les-inclassables.png\" alt=\"Les inclassables\" width=\"847\" height=\"476\" \/>\t\t<h2 class=\"woocommerce-loop-category__title\">\n\t\t\tLes inclassables <mark class=\"count\">(19)<\/mark>\t\t<\/h2>\n\t\t<\/a><\/li>\n<li class=\"product-category product last\">\n\t<a aria-label=\"Acc\u00e9der \u00e0 la cat\u00e9gorie de produits Pr\u00e9vention, diversit\u00e9 et inclusion\" href=\"https:\/\/wptestkevin.ovh\/.Dev\/formations-programmees\/prevention-diversite-et-inclusion\/\"><img loading=\"lazy\" decoding=\"async\" src=\"https:\/\/wptestkevin.ovh\/.Dev\/wp-content\/uploads\/2023\/07\/Diversite-Inclusion.png\" alt=\"Pr\u00e9vention, diversit\u00e9 et inclusion\" width=\"847\" height=\"476\" \/>\t\t<h2 class=\"woocommerce-loop-category__title\">\n\t\t\tPr\u00e9vention, diversit\u00e9 et inclusion <mark class=\"count\">(15)<\/mark>\t\t<\/h2>\n\t\t<\/a><\/li>\n<li class=\"product-category product first\">\n\t<a aria-label=\"Acc\u00e9der \u00e0 la cat\u00e9gorie de produits Production et diffusion\" href=\"https:\/\/wptestkevin.ovh\/.Dev\/formations-programmees\/production-et-diffusion\/\"><img loading=\"lazy\" decoding=\"async\" src=\"https:\/\/wptestkevin.ovh\/.Dev\/wp-content\/uploads\/2024\/02\/Production-Diffusion2.png\" alt=\"Production et diffusion\" width=\"847\" height=\"476\" \/>\t\t<h2 class=\"woocommerce-loop-category__title\">\n\t\t\tProduction et diffusion <mark class=\"count\">(19)<\/mark>\t\t<\/h2>\n\t\t<\/a><\/li>\n<li class=\"product-category product\">\n\t<a aria-label=\"Acc\u00e9der \u00e0 la cat\u00e9gorie de produits Publics en situation de handicap\" href=\"https:\/\/wptestkevin.ovh\/.Dev\/formations-programmees\/publics-en-situation-de-handicap\/\"><img loading=\"lazy\" decoding=\"async\" src=\"https:\/\/wptestkevin.ovh\/.Dev\/wp-content\/uploads\/2024\/02\/Handicap2.png\" alt=\"Publics en situation de handicap\" width=\"847\" height=\"476\" \/>\t\t<h2 class=\"woocommerce-loop-category__title\">\n\t\t\tPublics en situation de handicap <mark class=\"count\">(15)<\/mark>\t\t<\/h2>\n\t\t<\/a><\/li>\n<li class=\"product-category product last\">\n\t<a aria-label=\"Acc\u00e9der \u00e0 la cat\u00e9gorie de produits Publics et m\u00e9diation\" href=\"https:\/\/wptestkevin.ovh\/.Dev\/formations-programmees\/publics-et-mediation\/\"><img loading=\"lazy\" decoding=\"async\" src=\"https:\/\/wptestkevin.ovh\/.Dev\/wp-content\/uploads\/2024\/02\/Publics-Mediation2.png\" alt=\"Publics et m\u00e9diation\" width=\"847\" height=\"476\" \/>\t\t<h2 class=\"woocommerce-loop-category__title\">\n\t\t\tPublics et m\u00e9diation <mark class=\"count\">(39)<\/mark>\t\t<\/h2>\n\t\t<\/a><\/li>\n<li class=\"product-category product first\">\n\t<a aria-label=\"Acc\u00e9der \u00e0 la cat\u00e9gorie de produits Responsabilit\u00e9 soci\u00e9tale de l&#039;entreprise - RSE\" href=\"https:\/\/wptestkevin.ovh\/.Dev\/formations-programmees\/responsabilite-societale-de-lentreprise-rse\/\"><img loading=\"lazy\" decoding=\"async\" src=\"https:\/\/wptestkevin.ovh\/.Dev\/wp-content\/uploads\/2023\/07\/RSE.png\" alt=\"Responsabilit\u00e9 soci\u00e9tale de l&#039;entreprise - RSE\" width=\"847\" height=\"476\" \/>\t\t<h2 class=\"woocommerce-loop-category__title\">\n\t\t\tResponsabilit\u00e9 soci\u00e9tale de l&#039;entreprise - RSE <mark class=\"count\">(23)<\/mark>\t\t<\/h2>\n\t\t<\/a><\/li>\n<li class=\"product-category product\">\n\t<a aria-label=\"Acc\u00e9der \u00e0 la cat\u00e9gorie de produits Sobri\u00e9t\u00e9, RSE et transition \u00e9cologique\" href=\"https:\/\/wptestkevin.ovh\/.Dev\/formations-programmees\/sobriete-rse-et-transition-ecologique\/\"><img loading=\"lazy\" decoding=\"async\" src=\"https:\/\/wptestkevin.ovh\/.Dev\/wp-content\/uploads\/2023\/07\/Transition-eco.png\" alt=\"Sobri\u00e9t\u00e9, RSE et transition \u00e9cologique\" width=\"847\" height=\"476\" \/>\t\t<h2 class=\"woocommerce-loop-category__title\">\n\t\t\tSobri\u00e9t\u00e9, RSE et transition \u00e9cologique <mark class=\"count\">(5)<\/mark>\t\t<\/h2>\n\t\t<\/a><\/li>\n<li class=\"product-category product last\">\n\t<a aria-label=\"Acc\u00e9der \u00e0 la cat\u00e9gorie de produits Violences et harc\u00e8lement sexuels et sexistes - VHSS\" href=\"https:\/\/wptestkevin.ovh\/.Dev\/formations-programmees\/violences-et-harcelement-sexuels-et-sexistes-vhss\/\"><img loading=\"lazy\" decoding=\"async\" src=\"https:\/\/wptestkevin.ovh\/.Dev\/wp-content\/uploads\/2023\/07\/VHSS.png\" alt=\"Violences et harc\u00e8lement sexuels et sexistes - VHSS\" width=\"847\" height=\"476\" \/>\t\t<h2 class=\"woocommerce-loop-category__title\">\n\t\t\tViolences et harc\u00e8lement sexuels et sexistes - VHSS <mark class=\"count\">(8)<\/mark>\t\t<\/h2>\n\t\t<\/a><\/li>\n<\/ul>\n<\/div><\/code><\/div>\n<p>[\/et_pb_text][\/et_pb_column][\/et_pb_row][et_pb_row column_structure=\u00a0\u00bb3_5,2_5&Prime; _builder_version=\u00a0\u00bb4.21.0&Prime; _module_preset=\u00a0\u00bbdefault\u00a0\u00bb global_colors_info=\u00a0\u00bb{}\u00a0\u00bb][et_pb_column type=\u00a0\u00bb3_5&Prime; _builder_version=\u00a0\u00bb4.21.0&Prime; _module_preset=\u00a0\u00bbdefault\u00a0\u00bb global_colors_info=\u00a0\u00bb{}\u00a0\u00bb][\/et_pb_column][et_pb_column type=\u00a0\u00bb2_5&Prime; _builder_version=\u00a0\u00bb4.21.0&Prime; _module_preset=\u00a0\u00bbdefault\u00a0\u00bb global_colors_info=\u00a0\u00bb{}\u00a0\u00bb][et_pb_text _builder_version=\u00a0\u00bb4.21.0&Prime; _module_preset=\u00a0\u00bbdefault\u00a0\u00bb text_orientation=\u00a0\u00bbcenter\u00a0\u00bb custom_padding=\u00a0\u00bb10px||10px||true|false\u00a0\u00bb border_color_all=\u00a0\u00bb#d8d8d8&Prime; global_colors_info=\u00a0\u00bb{}\u00a0\u00bb]<\/p>\n<p>[lmt-post-modified-info]<\/p>\n<p>[\/et_pb_text][\/et_pb_column][\/et_pb_row][\/et_pb_section]<\/p>\n","protected":false},"excerpt":{"rendered":"<p>Les formations de l&rsquo;AGECIF\u00c9laboration de parcours de formation.Toutes ind\u00e9pendantes et compl\u00e9mentaires, les formations modulaires de l&rsquo;AGECIF favorisent l&rsquo;\u00e9laboration de parcours individualis\u00e9s. A l\u2019AGECIF, nous programmons chaque ann\u00e9e, plus de 160 th\u00e8mes pour 550 sessions et presque 2000 jours.A partir de notre programmation modulaire, nous sommes en mesure de concevoir des programmes longs personnalis\u00e9s, de 20 [&hellip;]<\/p>\n","protected":false},"author":1,"featured_media":0,"parent":0,"menu_order":0,"comment_status":"closed","ping_status":"closed","template":"","meta":{"_et_pb_use_builder":"on","_et_pb_old_content":"","_et_gb_content_width":"","footnotes":""},"class_list":["post-15","page","type-page","status-publish","hentry"],"_links":{"self":[{"href":"https:\/\/wptestkevin.ovh\/.Dev\/wp-json\/wp\/v2\/pages\/15","targetHints":{"allow":["GET"]}}],"collection":[{"href":"https:\/\/wptestkevin.ovh\/.Dev\/wp-json\/wp\/v2\/pages"}],"about":[{"href":"https:\/\/wptestkevin.ovh\/.Dev\/wp-json\/wp\/v2\/types\/page"}],"author":[{"embeddable":true,"href":"https:\/\/wptestkevin.ovh\/.Dev\/wp-json\/wp\/v2\/users\/1"}],"replies":[{"embeddable":true,"href":"https:\/\/wptestkevin.ovh\/.Dev\/wp-json\/wp\/v2\/comments?post=15"}],"version-history":[{"count":50,"href":"https:\/\/wptestkevin.ovh\/.Dev\/wp-json\/wp\/v2\/pages\/15\/revisions"}],"predecessor-version":[{"id":8437,"href":"https:\/\/wptestkevin.ovh\/.Dev\/wp-json\/wp\/v2\/pages\/15\/revisions\/8437"}],"wp:attachment":[{"href":"https:\/\/wptestkevin.ovh\/.Dev\/wp-json\/wp\/v2\/media?parent=15"}],"curies":[{"name":"wp","href":"https:\/\/api.w.org\/{rel}","templated":true}]}}