{"id":1137,"date":"2023-07-24T15:11:31","date_gmt":"2023-07-24T13:11:31","guid":{"rendered":"http:\/\/wptestkevin.ovh\/.Dev\/?page_id=1137"},"modified":"2025-04-07T14:31:02","modified_gmt":"2025-04-07T12:31:02","slug":"protection-des-donnees-personnelles","status":"publish","type":"page","link":"https:\/\/wptestkevin.ovh\/.Dev\/protection-des-donnees-personnelles\/","title":{"rendered":"Protection des donn\u00e9es personnelles"},"content":{"rendered":"<p>[et_pb_section fb_built=\u00a0\u00bb1&Prime; _builder_version=\u00a0\u00bb4.21.0&Prime; _module_preset=\u00a0\u00bbdefault\u00a0\u00bb background_color=\u00a0\u00bbgcid-0429de00-debb-4ba4-bbe8-f1178a68dceb\u00a0\u00bb custom_margin=\u00a0\u00bb0px||0px||false|false\u00a0\u00bb custom_padding=\u00a0\u00bb0px||0px||false|false\u00a0\u00bb animation_style=\u00a0\u00bbfade\u00a0\u00bb da_disable_devices=\u00a0\u00bboff|off|off\u00a0\u00bb global_colors_info=\u00a0\u00bb{%22gcid-0429de00-debb-4ba4-bbe8-f1178a68dceb%22:%91%22background_color%22%93}\u00a0\u00bb da_is_popup=\u00a0\u00bboff\u00a0\u00bb da_exit_intent=\u00a0\u00bboff\u00a0\u00bb da_has_close=\u00a0\u00bbon\u00a0\u00bb da_alt_close=\u00a0\u00bboff\u00a0\u00bb da_dark_close=\u00a0\u00bboff\u00a0\u00bb da_not_modal=\u00a0\u00bbon\u00a0\u00bb da_is_singular=\u00a0\u00bboff\u00a0\u00bb da_with_loader=\u00a0\u00bboff\u00a0\u00bb da_has_shadow=\u00a0\u00bbon\u00a0\u00bb][et_pb_row use_custom_gutter=\u00a0\u00bbon\u00a0\u00bb gutter_width=\u00a0\u00bb1&Prime; make_equal=\u00a0\u00bbon\u00a0\u00bb custom_padding_last_edited=\u00a0\u00bbon|phone\u00a0\u00bb _builder_version=\u00a0\u00bb4.27.3&Prime; _module_preset=\u00a0\u00bbdefault\u00a0\u00bb background_color=\u00a0\u00bb#FFFFFF\u00a0\u00bb background_image=\u00a0\u00bbhttp:\/\/wptestkevin.ovh\/.Dev\/wp-content\/uploads\/2024\/11\/capucine-cut3.jpg\u00a0\u00bb z_index=\u00a0\u00bb5&Prime; width=\u00a0\u00bb100%\u00a0\u00bb max_width=\u00a0\u00bb100%\u00a0\u00bb custom_margin=\u00a0\u00bb0px|0px||0px|false|false\u00a0\u00bb custom_padding=\u00a0\u00bb50px|0px|50px|0px|false|false\u00a0\u00bb custom_padding_tablet=\u00a0\u00bb50px|0px|50px|0px|false|false\u00a0\u00bb custom_padding_phone=\u00a0\u00bb50px|10px|50px|10px|false|true\u00a0\u00bb global_colors_info=\u00a0\u00bb{}\u00a0\u00bb theme_builder_area=\u00a0\u00bbpost_content\u00a0\u00bb][et_pb_column type=\u00a0\u00bb4_4&Prime; _builder_version=\u00a0\u00bb4.19.0&Prime; _module_preset=\u00a0\u00bbdefault\u00a0\u00bb global_colors_info=\u00a0\u00bb{}\u00a0\u00bb theme_builder_area=\u00a0\u00bbpost_content\u00a0\u00bb][et_pb_text _builder_version=\u00a0\u00bb4.21.0&Prime; _module_preset=\u00a0\u00bbdefault\u00a0\u00bb custom_margin=\u00a0\u00bb||25px||false|false\u00a0\u00bb global_colors_info=\u00a0\u00bb{}\u00a0\u00bb theme_builder_area=\u00a0\u00bbpost_content\u00a0\u00bb]<\/p>\n<h2 style=\"text-align: center;\"><span style=\"color: #ffffff;\">Trouvez rapidement votre formation gr\u00e2ce \u00e0 la recherche par th\u00e8mes<\/span><\/h2>\n<p style=\"text-align: center;\"><span style=\"color: #ffffff;\">exemple : handicap, VHSS, droit d&rsquo;auteur, RSE, sobri\u00e9t\u00e9 \u00e9nerg\u00e9tique, communication, m\u00e9diation artistique, etc&#8230;<\/span><\/p>\n<p>[\/et_pb_text][et_pb_code _builder_version=\u00a0\u00bb4.19.0&Prime; _module_preset=\u00a0\u00bbdefault\u00a0\u00bb z_index=\u00a0\u00bb0&Prime; custom_padding=\u00a0\u00bb|0px||0px|false|true\u00a0\u00bb global_colors_info=\u00a0\u00bb{}\u00a0\u00bb theme_builder_area=\u00a0\u00bbpost_content\u00a0\u00bb]<!-- Start of Site Search 360 Search Box --><\/p>\n<section role=\"search\" data-ss360=\"true\">   <input type=\"search\" id=\"searchBox\" placeholder=\"Search\u2026\">   <button id=\"searchButton\"><\/button><\/section>\n<p><!-- End of Site Search 360 Search Box -->[\/et_pb_code][\/et_pb_column][\/et_pb_row][et_pb_row column_structure=\u00a0\u00bb2_3,1_3&Prime; _builder_version=\u00a0\u00bb4.27.4&Prime; _module_preset=\u00a0\u00bbdefault\u00a0\u00bb background_color=\u00a0\u00bb#FFFFFF\u00a0\u00bb custom_margin=\u00a0\u00bb30px||||false|true\u00a0\u00bb custom_padding=\u00a0\u00bb20px|30px||30px|false|true\u00a0\u00bb hover_enabled=\u00a0\u00bb0&Prime; global_colors_info=\u00a0\u00bb{}\u00a0\u00bb custom_padding_last_edited=\u00a0\u00bbon|phone\u00a0\u00bb sticky_enabled=\u00a0\u00bb0&Prime; custom_padding_phone=\u00a0\u00bb|10px||10px|false|true\u00a0\u00bb custom_padding_tablet=\u00a0\u00bb20px|30px||30px|false|true\u00a0\u00bb][et_pb_column type=\u00a0\u00bb2_3&Prime; _builder_version=\u00a0\u00bb4.19.0&Prime; _module_preset=\u00a0\u00bbdefault\u00a0\u00bb global_colors_info=\u00a0\u00bb{}\u00a0\u00bb][et_pb_text _builder_version=\u00a0\u00bb4.21.0&Prime; _module_preset=\u00a0\u00bbdefault\u00a0\u00bb global_colors_info=\u00a0\u00bb{}\u00a0\u00bb]<\/p>\n<h1>Protection des donn\u00e9es personnelles<\/h1>\n<p>[\/et_pb_text][\/et_pb_column][et_pb_column type=\u00a0\u00bb1_3&Prime; _builder_version=\u00a0\u00bb4.19.0&Prime; _module_preset=\u00a0\u00bbdefault\u00a0\u00bb global_colors_info=\u00a0\u00bb{}\u00a0\u00bb][\/et_pb_column][\/et_pb_row][et_pb_row column_structure=\u00a0\u00bb3_4,1_4&Prime; _builder_version=\u00a0\u00bb4.27.4&Prime; _module_preset=\u00a0\u00bbdefault\u00a0\u00bb background_color=\u00a0\u00bb#FFFFFF\u00a0\u00bb custom_margin=\u00a0\u00bb-55px||||false|false\u00a0\u00bb custom_padding=\u00a0\u00bb|30px||30px|false|true\u00a0\u00bb hover_enabled=\u00a0\u00bb0&Prime; global_colors_info=\u00a0\u00bb{}\u00a0\u00bb custom_padding_last_edited=\u00a0\u00bbon|phone\u00a0\u00bb sticky_enabled=\u00a0\u00bb0&Prime; custom_padding_phone=\u00a0\u00bb|10px||10px|false|true\u00a0\u00bb custom_padding_tablet=\u00a0\u00bb|30px||30px|false|true\u00a0\u00bb][et_pb_column type=\u00a0\u00bb3_4&Prime; _builder_version=\u00a0\u00bb4.19.0&Prime; _module_preset=\u00a0\u00bbdefault\u00a0\u00bb global_colors_info=\u00a0\u00bb{}\u00a0\u00bb][et_pb_text _builder_version=\u00a0\u00bb4.27.4&Prime; _module_preset=\u00a0\u00bbdefault\u00a0\u00bb hover_enabled=\u00a0\u00bb0&Prime; global_colors_info=\u00a0\u00bb{}\u00a0\u00bb sticky_enabled=\u00a0\u00bb0&Prime;]<\/p>\n<p style=\"text-align: justify;\">Dans le cadre de la d\u00e9marche de conformit\u00e9 \u00e0 la loi Informatique et Libert\u00e9s, l\u2019<strong>AGECIF<\/strong> a mis en place des proc\u00e9dures destin\u00e9es \u00e0 garantir la confidentialit\u00e9 et la s\u00e9curit\u00e9 des informations \u00e0 caract\u00e8re personnel recueillies.<\/p>\n<p style=\"text-align: justify;\">L\u2019<strong>AGECIF<\/strong> met en \u0153uvre des traitements de donn\u00e9es \u00e0 caract\u00e8re personnel concernant les collaborateurs, les formateurs, les stagiaires, les intervenants externes, et d&rsquo;une mani\u00e8re g\u00e9n\u00e9rale tous les partenaires, prestataires et contacts de l\u2019<strong>AGECIF<\/strong>.<\/p>\n<p style=\"text-align: justify;\">Ces donn\u00e9es lui permettent de g\u00e9rer son activit\u00e9 de centre de formation, de r\u00e9pondre aux demandes d\u2019actions de formation, et de communiquer aupr\u00e8s de ses publics sur l\u2019ensemble de ses prestations. Aucune donn\u00e9e personnelle n\u2019est collect\u00e9e \u00e0 l\u2019insu des utilisateurs, ni exploit\u00e9e \u00e0 des fins publicitaires ou commerciales aupr\u00e8s de tiers non autoris\u00e9s.<\/p>\n<p style=\"text-align: justify;\">L<strong>\u2019AGECIF<\/strong> met tout en \u0153uvre pour garantir la confidentialit\u00e9 et la s\u00e9curit\u00e9 de ces informations.<\/p>\n<p style=\"text-align: justify;\">Conform\u00e9ment aux articles 38 et suivants de la loi n\u00b0 78-17 du 6 janvier 1978 modifi\u00e9e, toute personne peut obtenir communication et, le cas \u00e9ch\u00e9ant, rectification ou suppression des informations la concernant. Pour cela, elle devra adresser sa demande par courrier \u00e0 : AGECIF 22 rue de Picardie 75003 PARIS, ou par voie \u00e9lectronique \u00e0 : <a href=\"mailto:informatique@agecif.com\">informatique@agecif.com<\/a><\/p>\n<p style=\"text-align: justify;\">Plus d&rsquo;informations sur vos droits : <a href=\"https:\/\/www.cnil.fr\/vos-libertes\/vos-droits\/\" target=\"_blank\" rel=\"noopener\">www.cnil.fr\/vos-libertes\/vos-droits\/<\/a><\/p>\n<p style=\"text-align: justify;\"><strong><span style=\"color: #2271b1;\">Politique de cookies<\/span><\/strong><\/p>\n<p style=\"text-align: justify;\">Un \u00ab cookie \u00bb est un t\u00e9moin de connexion qui d\u00e9signe un fichier texte susceptible d&rsquo;\u00eatre enregistr\u00e9, sous r\u00e9serve de vos choix, dans un espace d\u00e9di\u00e9 du disque dur de votre Terminal, \u00e0 l&rsquo;occasion de la consultation d&rsquo;un service en ligne sur le Site. Un fichier \u00ab Cookie \u00bb permet \u00e0 son \u00e9metteur d&rsquo;identifier le Terminal dans lequel il est enregistr\u00e9, pendant la dur\u00e9e de validit\u00e9 ou d&rsquo;enregistrement du cookie.<br \/>Lors de la consultation de notre Site, des informations relatives \u00e0 la navigation de votre Terminal (ordinateur, tablette, smartphone, etc.) sur notre Site, sont susceptibles d&rsquo;\u00eatre enregistr\u00e9es dans des fichiers \u00ab Cookies \u00bb install\u00e9s sur votre Terminal, sous r\u00e9serve des choix que vous auriez exprim\u00e9s concernant les cookies et que vous pouvez modifier \u00e0 tout moment.<\/p>\n<p style=\"text-align: justify;\">A QUOI SERVENT LES COOKIES EMIS SUR NOTRE SITE ?<\/p>\n<p style=\"text-align: justify;\">Seul l&rsquo;\u00e9metteur d&rsquo;un cookie est susceptible de lire ou de modifier des informations qui y sont contenues.<br \/>Lorsque vous vous connectez \u00e0 notre Site, nous pouvons \u00eatre amen\u00e9s, sous r\u00e9serve de vos choix, \u00e0 installer divers cookies dans votre Terminal permettant de reconna\u00eetre le navigateur de votre Terminal pendant la dur\u00e9e de validit\u00e9 du cookie concern\u00e9. Les cookies que nous \u00e9mettons sont utilis\u00e9s aux fins d\u00e9crites ci-dessous, sous r\u00e9serve de vos choix, qui r\u00e9sultent des param\u00e8tres de votre logiciel de navigation utilis\u00e9 lors de votre visite de notre Site.<\/p>\n<p style=\"text-align: justify;\"><strong><span style=\"color: #2271b1;\">Les cookies que nous \u00e9mettons nous permettent :<\/span><\/strong><\/p>\n<p style=\"text-align: justify;\">\u2022 d&rsquo;\u00e9tablir des statistiques et volumes de fr\u00e9quentation et d&rsquo;utilisation des diverses \u00e9l\u00e9ments composant notre Site (rubriques et contenus visit\u00e9s, parcours), nous permettant d&rsquo;am\u00e9liorer l&rsquo;int\u00e9r\u00eat et l&rsquo;ergonomie de nos Services<br \/>\u2022 d&rsquo;adapter la pr\u00e9sentation de notre Site aux pr\u00e9f\u00e9rences d&rsquo;affichage de votre Terminal (langue utilis\u00e9e, r\u00e9solution d&rsquo;affichage, syst\u00e8me d&rsquo;exploitation utilis\u00e9, etc.) lors de vos visites sur notre Site, selon les mat\u00e9riels et les logiciels de visualisation ou de lecture que votre Terminal comporte<br \/>\u2022 de m\u00e9moriser des informations relatives \u00e0 un formulaire que vous avez rempli sur notre Site (inscription \u00e0 notre Newsletter, demande de renseignements ou demande de formations) ou \u00e0 des produits, services ou informations que vous avez choisis sur notre Site (ex : historique de vos consultations.)<br \/>\u2022 de mettre en \u0153uvre des mesures de s\u00e9curit\u00e9, par exemple lorsqu&rsquo;il vous est demand\u00e9 de vous connecter \u00e0 nouveau \u00e0 un contenu ou \u00e0 un service apr\u00e8s un certain laps de temps.<\/p>\n<p style=\"text-align: justify;\">Nous excluons toute communication de ces donn\u00e9es \u00e0 des tiers (prestataire de publicit\u00e9 cibl\u00e9e, r\u00e9gie publicitaire, etc.)<\/p>\n<p style=\"text-align: justify;\">VOS CHOIX CONCERNANT LES COOKIES<\/p>\n<p style=\"text-align: justify;\">Plusieurs possibilit\u00e9s vous sont offertes pour g\u00e9rer les cookies. Tout param\u00e9trage que vous pouvez entreprendre sera susceptible de modifier votre navigation sur Internet et vos conditions d&rsquo;acc\u00e8s \u00e0 certains services n\u00e9cessitant l&rsquo;utilisation de cookies.<br \/>Vous pouvez faire le choix \u00e0 tout moment d&rsquo;exprimer et de modifier vos souhaits en mati\u00e8re de cookies, par les moyens d\u00e9crits ci-dessous.<\/p>\n<p style=\"text-align: justify;\"><strong><span style=\"color: #2271b1;\">\u25a0 Les choix qui vous sont offerts par votre logiciel de navigation<\/span><\/strong><\/p>\n<p style=\"text-align: justify;\">Vous pouvez configurer votre logiciel de navigation de mani\u00e8re \u00e0 ce que des cookies soient enregistr\u00e9s dans votre Terminal ou, au contraire, qu&rsquo;ils soient rejet\u00e9s, soit syst\u00e9matiquement, soit selon leur \u00e9metteur. Vous pouvez \u00e9galement configurer votre logiciel de navigation de mani\u00e8re \u00e0 ce que l&rsquo;acceptation ou le refus des cookies vous soient propos\u00e9s ponctuellement, avant qu&rsquo;un cookie soit susceptible d&rsquo;\u00eatre enregistr\u00e9 dans votre Terminal.<br \/>Pour plus d&rsquo;informations, consultez la rubrique \u00ab\u00a0Comment exercer vos choix, selon le navigateur que vous utilisez ?\u00a0\u00bb ci-dessous.<\/p>\n<p style=\"text-align: justify;\"><strong><span style=\"color: #2271b1;\">\u25a0 L&rsquo;accord sur les cookies<\/span><\/strong><\/p>\n<p style=\"text-align: justify;\">L&rsquo;enregistrement d&rsquo;un cookie dans un Terminal est essentiellement subordonn\u00e9 \u00e0 la volont\u00e9 de l&rsquo;utilisateur du Terminal, que celui-ci peut exprimer et modifier \u00e0 tout moment et gratuitement \u00e0 travers les choix qui lui sont offerts par son logiciel de navigation.<br \/>Si vous avez accept\u00e9 dans votre logiciel de navigation l&rsquo;enregistrement de cookies dans votre Terminal, les cookies int\u00e9gr\u00e9s dans les pages et contenus que vous avez consult\u00e9s pourront \u00eatre stock\u00e9s temporairement dans un espace d\u00e9di\u00e9 de votre Terminal. Ils y seront lisibles uniquement par leur \u00e9metteur.<\/p>\n<p style=\"text-align: justify;\"><strong><span style=\"color: #2271b1;\">\u25a0 Le refus des cookies<\/span><\/strong><\/p>\n<p style=\"text-align: justify;\">Si vous refusez l&rsquo;enregistrement de cookies dans votre Terminal, ou si vous supprimez ceux qui y sont enregistr\u00e9s, vous ne pourrez plus b\u00e9n\u00e9ficier d&rsquo;un certain nombre de fonctionnalit\u00e9s qui sont n\u00e9anmoins n\u00e9cessaires pour naviguer dans certains espaces de notre Site. Tel serait le cas si vous tentiez d&rsquo;acc\u00e9der \u00e0 nos contenus ou services qui n\u00e9cessitent de vous identifier. Tel serait \u00e9galement le cas lorsque nous -ou nos prestataires- ne pourrions pas reconna\u00eetre, \u00e0 des fins de compatibilit\u00e9 technique, le type de navigateur utilis\u00e9 par votre Terminal, ses param\u00e8tres de langue et d&rsquo;affichage ou le pays depuis lequel votre Terminal semble connect\u00e9 \u00e0 internet.<br \/>Le cas \u00e9ch\u00e9ant, nous d\u00e9clinons toute responsabilit\u00e9 pour les cons\u00e9quences li\u00e9es au fonctionnement d\u00e9grad\u00e9 de nos services r\u00e9sultant de l&rsquo;impossibilit\u00e9 pour nous d&rsquo;enregistrer ou de consulter les cookies n\u00e9cessaires \u00e0 leur fonctionnement et que vous auriez refus\u00e9s ou supprim\u00e9s.<\/p>\n<p style=\"text-align: justify;\"><strong><span style=\"color: #2271b1;\">\u25a0 Comment exercer vos choix, selon le navigateur que vous utilisez ?<\/span><\/strong><\/p>\n<p style=\"text-align: justify;\">Pour la gestion des cookies et de vos choix, la configuration de chaque navigateur est diff\u00e9rente. Elle est d\u00e9crite dans le menu d&rsquo;aide de votre navigateur, qui vous permettra de savoir de quelle mani\u00e8re modifier vos souhaits en mati\u00e8re de cookies.<br \/>\u2022 Internet Explorer\u2122 : <a href=\"http:\/\/windows.microsoft.com\/fr-FR\/windows-vista\/Block-or-allow-cookies\" target=\"_blank\" rel=\"noopener\">http:\/\/windows.microsoft.com\/fr-FR\/windows-vista\/Block-or-allow-cookies<\/a>,<br \/>\u2022 Safari\u2122 : <a href=\"http:\/\/docs.info.apple.com\/article.html?path=Safari\/3.0\/fr\/9277.html\" target=\"_blank\" rel=\"noopener\">http:\/\/docs.info.apple.com\/article.html?path=Safari\/3.0\/fr\/9277.html<\/a>,<br \/>\u2022 Chrome\u2122 : <a href=\"http:\/\/support.google.com\/chrome\/bin\/answer.py?hl=fr&amp;hlrm=en&amp;answer=95647\" target=\"_blank\" rel=\"noopener\">http:\/\/support.google.com\/chrome\/bin\/answer.py?hl=fr&amp;hlrm=en&amp;answer=95647<\/a>,<br \/>\u2022 Firefox\u2122 : <a href=\"http:\/\/support.mozilla.org\/fr\/kb\/Activer%20et%20d%C3%A9sactiver%20les%20cookies\" target=\"_blank\" rel=\"noopener\">http:\/\/support.mozilla.org\/fr\/kb\/Activer%20et%20d%C3%A9sactiver%20les%20cookies<\/a>,<br \/>\u2022 Opera\u2122 : <a href=\"http:\/\/help.opera.com\/Windows\/10.20\/fr\/cookies.html\" target=\"_blank\" rel=\"noopener\">http:\/\/help.opera.com\/Windows\/10.20\/fr\/cookies.html<\/a>,<br \/>etc.<\/p>\n<p style=\"text-align: justify;\"><strong><span style=\"color: #2271b1;\">\u25a0 D\u00e9sactiver les cookies Google Analytics<\/span><\/strong><\/p>\n<p style=\"text-align: justify;\">\u2022 Nom du cookie utilis\u00e9 : _ga<br \/>\u2022 Type de cookie : Cookies d\u2019audience<\/p>\n<p style=\"text-align: justify;\">Vous pouvez emp\u00eacher l&rsquo;utilisation et le d\u00e9p\u00f4t de ce cookie sur votre poste en vous rendant sur https:\/\/tools.google.com\/dlpage\/gaoptout?hl=fr.<\/p>\n<p style=\"text-align: justify;\"><strong><span style=\"color: #2271b1;\">\u25a0 Supprimer vos cookies<\/span><\/strong><\/p>\n<p style=\"text-align: justify;\">Vous pouvez supprimer la totalit\u00e9 de vos cookies, ou uniquement ceux que vous souhaitez. Supprimer les cookies n\u2019emp\u00eache ni la navigation, ni leur r\u00e9installation en cours de navigation. Cela vous permet de ma\u00eetriser \u00e0 un moment donn\u00e9 la biblioth\u00e8que de cookies de votre navigateur. Les cookies techniques, n\u00e9cessaires \u00e0 la navigation, seront r\u00e9install\u00e9s si vous vous rendez sur notre Site.<\/p>\n<p style=\"text-align: justify;\">Ci-dessous, nous vous expliquons la d\u00e9marche \u00e0 suivre selon votre navigateur.<\/p>\n<p style=\"text-align: justify;\">Chrome<br \/>\u2022 Dans le menu de Chrome, s\u00e9lectionnez \u00ab Param\u00e8tres \u00bb<br \/>\u2022 Affichez les param\u00e8tres avanc\u00e9s<br \/>\u2022 Rendez-vous dans le paragraphe \u00ab Confidentialit\u00e9 \u00bb<br \/>\u2022 Cliquez sur \u00ab Param\u00e8tres de contenu \u00bb<br \/>\u2022 Dans le paragraphe \u00ab cookies \u00bb (premier paragraphe), cliquez sur \u00ab Cookies et donn\u00e9es de site \u00bb<br \/>\u2022 Recherchez les cookies que vous voulez supprimer et cliquez sur \u00ab OK \u00bb. Vous pouvez aussi choisir de supprimer tous vos cookies.<\/p>\n<p style=\"text-align: justify;\">Firefox<br \/>\u2022 Dans le menu de Firefox, allez dans \u00ab Outils \u00bb puis dans \u00ab Options \u00bb<br \/>\u2022 Sur l\u2019onglet \u00ab Vie Priv\u00e9e \u00bb, cliquez sur \u00ab Afficher les cookies \u00bb<br \/>\u2022 Recherchez les cookies que vous voulez supprimer et cliquez sur \u00ab Supprimer les cookies \u00bb<\/p>\n<p style=\"text-align: justify;\">Internet Explorer<br \/>Internet explorer ne permet pas la gestion des cookies au cas par cas. Pour supprimer tous vos cookies :<br \/>\u2022 Cliquez sur \u00ab outils \u00bb puis sur \u00ab Options Internet \u00bb<br \/>\u2022 Dans l&rsquo;onglet \u00ab G\u00e9n\u00e9ral \u00bb, rubrique \u00ab Historique de navigation \u00bb, cliquez sur \u00ab Supprimer \u00bb<br \/>\u2022 Cochez la case \u00ab Cookies \u00bb puis cliquez sur \u00ab Supprimer \u00bb<\/p>\n<p style=\"text-align: justify;\">Safari<br \/>\u2022 Dans le menu de Safari, s\u00e9lectionnez \u00ab Pr\u00e9f\u00e9rences \u00bb<br \/>\u2022 Dans la fen\u00eatre qui s\u2019est ouverte, allez sur l\u2019onglet \u00ab S\u00e9curit\u00e9 \u00bb<br \/>\u2022 Cliquez sur \u00ab Afficher les cookies \u00bb<br \/>\u2022 Dans la fen\u00eatre qui s\u2019est ouverte, recherchez et s\u00e9lectionnez les cookies que vous voulez supprimer, et cliquez sur \u00ab Supprimer \u00bb<\/p>\n<p style=\"text-align: justify;\"><strong><span style=\"color: #2271b1;\">\u25a0 Navigation priv\u00e9e<\/span><\/strong><\/p>\n<p style=\"text-align: justify;\">Le mode \u00ab Navigation priv\u00e9e \u00bb, propos\u00e9 aujourd\u2019hui par tous les navigateurs, permet principalement de naviguer sans conserver d\u2019historique des pages visit\u00e9es ou des t\u00e9l\u00e9chargements. Concernant les cookies, tous ceux qui ont \u00e9t\u00e9 enregistr\u00e9s durant votre navigation seront effac\u00e9s lorsque vous fermerez votre navigateur. Il ne s\u2019agit donc pas d\u2019une solution permettant de refuser les cookies ; cependant leur dur\u00e9e de vie reste alors limit\u00e9e \u00e0 la dur\u00e9e de votre navigation.<\/p>\n<p style=\"text-align: justify;\">SI VOUS PARTAGEZ L&rsquo;UTILISATION DE VOTRE TERMINAL AVEC D&rsquo;AUTRES PERSONNES<\/p>\n<p style=\"text-align: justify;\">Si votre Terminal est utilis\u00e9 par plusieurs personnes et lorsqu&rsquo;un m\u00eame Terminal dispose de plusieurs logiciels de navigation, nous ne pouvons pas nous assurer de mani\u00e8re certaine que les services destin\u00e9s \u00e0 votre Terminal correspondent bien \u00e0 votre propre utilisation de ce Terminal et non \u00e0 celle<br \/>d&rsquo;un autre utilisateur de ce Terminal.<\/p>\n<p style=\"text-align: justify;\">Le cas \u00e9ch\u00e9ant, le partage avec d&rsquo;autres personnes de l&rsquo;utilisation de votre Terminal et la configuration des param\u00e8tres de votre navigateur \u00e0 l&rsquo;\u00e9gard des cookies, rel\u00e8vent de votre libre choix et de votre responsabilit\u00e9.<\/p>\n<p>[\/et_pb_text][\/et_pb_column][et_pb_column type=\u00a0\u00bb1_4&Prime; _builder_version=\u00a0\u00bb4.19.0&Prime; _module_preset=\u00a0\u00bbdefault\u00a0\u00bb global_colors_info=\u00a0\u00bb{}\u00a0\u00bb][et_pb_image src=\u00a0\u00bbhttp:\/\/wptestkevin.ovh\/.Dev\/wp-content\/uploads\/2023\/07\/Le_Point_Statista2.png\u00a0\u00bb title_text=\u00a0\u00bbLe_Point_Statista2&Prime; _builder_version=\u00a0\u00bb4.19.0&Prime; _module_preset=\u00a0\u00bbdefault\u00a0\u00bb global_colors_info=\u00a0\u00bb{}\u00a0\u00bb][\/et_pb_image][et_pb_blog fullwidth=\u00a0\u00bboff\u00a0\u00bb posts_number=\u00a0\u00bb5&Prime; include_categories=\u00a0\u00bball\u00a0\u00bb meta_date=\u00a0\u00bbj,M,Y\u00a0\u00bb use_manual_excerpt=\u00a0\u00bboff\u00a0\u00bb excerpt_length=\u00a0\u00bb150&Prime; show_more=\u00a0\u00bbon\u00a0\u00bb show_author=\u00a0\u00bboff\u00a0\u00bb show_pagination=\u00a0\u00bboff\u00a0\u00bb _builder_version=\u00a0\u00bb4.27.4&Prime; _module_preset=\u00a0\u00bbdefault\u00a0\u00bb hover_enabled=\u00a0\u00bb0&Prime; global_colors_info=\u00a0\u00bb{}\u00a0\u00bb theme_builder_area=\u00a0\u00bbpost_content\u00a0\u00bb sticky_enabled=\u00a0\u00bb0&Prime;][\/et_pb_blog][\/et_pb_column][\/et_pb_row][et_pb_row column_structure=\u00a0\u00bb3_5,2_5&Prime; _builder_version=\u00a0\u00bb4.21.0&Prime; _module_preset=\u00a0\u00bbdefault\u00a0\u00bb global_colors_info=\u00a0\u00bb{}\u00a0\u00bb][et_pb_column type=\u00a0\u00bb3_5&Prime; _builder_version=\u00a0\u00bb4.21.0&Prime; _module_preset=\u00a0\u00bbdefault\u00a0\u00bb global_colors_info=\u00a0\u00bb{}\u00a0\u00bb][\/et_pb_column][et_pb_column type=\u00a0\u00bb2_5&Prime; _builder_version=\u00a0\u00bb4.21.0&Prime; _module_preset=\u00a0\u00bbdefault\u00a0\u00bb global_colors_info=\u00a0\u00bb{}\u00a0\u00bb][et_pb_text _builder_version=\u00a0\u00bb4.21.0&Prime; _module_preset=\u00a0\u00bbdefault\u00a0\u00bb text_orientation=\u00a0\u00bbcenter\u00a0\u00bb custom_padding=\u00a0\u00bb10px||10px||true|false\u00a0\u00bb border_width_all=\u00a0\u00bb1px\u00a0\u00bb border_color_all=\u00a0\u00bb#d8d8d8&Prime; global_colors_info=\u00a0\u00bb{}\u00a0\u00bb]<\/p>\n<p>[lmt-post-modified-info]<\/p>\n<p>[\/et_pb_text][\/et_pb_column][\/et_pb_row][\/et_pb_section]<\/p>\n","protected":false},"excerpt":{"rendered":"<p>Trouvez rapidement votre formation gr\u00e2ce \u00e0 la recherche par th\u00e8mes exemple : handicap, VHSS, droit d&rsquo;auteur, RSE, sobri\u00e9t\u00e9 \u00e9nerg\u00e9tique, communication, m\u00e9diation artistique, etc&#8230;Protection des donn\u00e9es personnellesDans le cadre de la d\u00e9marche de conformit\u00e9 \u00e0 la loi Informatique et Libert\u00e9s, l\u2019AGECIF a mis en place des proc\u00e9dures destin\u00e9es \u00e0 garantir la confidentialit\u00e9 et la s\u00e9curit\u00e9 des [&hellip;]<\/p>\n","protected":false},"author":1,"featured_media":0,"parent":0,"menu_order":0,"comment_status":"closed","ping_status":"closed","template":"","meta":{"_et_pb_use_builder":"on","_et_pb_old_content":"","_et_gb_content_width":"","footnotes":""},"class_list":["post-1137","page","type-page","status-publish","hentry"],"_links":{"self":[{"href":"https:\/\/wptestkevin.ovh\/.Dev\/wp-json\/wp\/v2\/pages\/1137","targetHints":{"allow":["GET"]}}],"collection":[{"href":"https:\/\/wptestkevin.ovh\/.Dev\/wp-json\/wp\/v2\/pages"}],"about":[{"href":"https:\/\/wptestkevin.ovh\/.Dev\/wp-json\/wp\/v2\/types\/page"}],"author":[{"embeddable":true,"href":"https:\/\/wptestkevin.ovh\/.Dev\/wp-json\/wp\/v2\/users\/1"}],"replies":[{"embeddable":true,"href":"https:\/\/wptestkevin.ovh\/.Dev\/wp-json\/wp\/v2\/comments?post=1137"}],"version-history":[{"count":6,"href":"https:\/\/wptestkevin.ovh\/.Dev\/wp-json\/wp\/v2\/pages\/1137\/revisions"}],"predecessor-version":[{"id":8548,"href":"https:\/\/wptestkevin.ovh\/.Dev\/wp-json\/wp\/v2\/pages\/1137\/revisions\/8548"}],"wp:attachment":[{"href":"https:\/\/wptestkevin.ovh\/.Dev\/wp-json\/wp\/v2\/media?parent=1137"}],"curies":[{"name":"wp","href":"https:\/\/api.w.org\/{rel}","templated":true}]}}